{"id":226,"date":"2018-06-24T17:34:57","date_gmt":"2018-06-24T17:34:57","guid":{"rendered":"https:\/\/2018.valencia.wordcamp.org\/?page_id=226"},"modified":"2018-07-21T18:39:11","modified_gmt":"2018-07-21T16:39:11","slug":"ubicacion","status":"publish","type":"page","link":"https:\/\/valencia.wordcamp.org\/2018\/evento\/ubicacion\/","title":{"rendered":"Ubicaci\u00f3n"},"content":{"rendered":"<h2><strong>WordCamp Valencia 2018<\/strong><\/h2>\n<p>Se celebrar\u00e1 en\u00a0<strong><a href=\"http:\/\/www.fundacionbancaja.es\/\" target=\"_blank\" rel=\"noopener\">el Centro Cultural Bancaja<\/a><\/strong>, a continuaci\u00f3n tienes toda la informaci\u00f3n de su localizaci\u00f3n y c\u00f3mo llegar.<\/p>\n<p><img loading=\"lazy\" decoding=\"async\" class=\"alignnone size-large wp-image-385\" src=\"https:\/\/2018.valencia.wordcamp.org\/files\/2018\/06\/1-CONTEMPORANEO-ESPIRELIUS-FUNDACION_BANCAJA-1024x950.jpg\" alt=\"\" width=\"525\" height=\"487\" srcset=\"https:\/\/valencia.wordcamp.org\/2018\/files\/2018\/06\/1-CONTEMPORANEO-ESPIRELIUS-FUNDACION_BANCAJA-1024x950.jpg 1024w, https:\/\/valencia.wordcamp.org\/2018\/files\/2018\/06\/1-CONTEMPORANEO-ESPIRELIUS-FUNDACION_BANCAJA-300x278.jpg 300w, https:\/\/valencia.wordcamp.org\/2018\/files\/2018\/06\/1-CONTEMPORANEO-ESPIRELIUS-FUNDACION_BANCAJA-768x712.jpg 768w, https:\/\/valencia.wordcamp.org\/2018\/files\/2018\/06\/1-CONTEMPORANEO-ESPIRELIUS-FUNDACION_BANCAJA-323x300.jpg 323w, https:\/\/valencia.wordcamp.org\/2018\/files\/2018\/06\/1-CONTEMPORANEO-ESPIRELIUS-FUNDACION_BANCAJA.jpg 1200w\" sizes=\"auto, (max-width: 525px) 100vw, 525px\" \/><\/p>\n<h3>Direcci\u00f3n:<\/h3>\n<p>Calle General Tovar, 3,\u00a046003, Valencia,\u00a0Spain<\/p>\n<h3>C\u00f3mo llegar:<\/h3>\n<ul>\n<li>En autob\u00fas: 71, 95, 32, 71<\/li>\n<li>En tren: Estaci\u00f3n del Norte<\/li>\n<li>En metro: Col\u00f3n (L\u00edneas 3, 5, 7 y 9)<\/li>\n<li>En coche: Zona libre de estacionamiento regulado. Hay parkings cercanos disponibles.<\/li>\n<\/ul>\n<h2>Mapa:<\/h2>\n<div class=\"googlemaps\">\n\t\t\t\t<iframe loading=\"lazy\" width=\"600\" height=\"450\" frameborder=\"0\" scrolling=\"no\" marginheight=\"0\" marginwidth=\"0\"  src=\"https:\/\/www.google.com\/maps\/embed?pb=!1m18!1m12!1m3!1d3079.8293914850083!2d-0.37231778441002716!3d39.47318282040288!2m3!1f0!2f0!3f0!3m2!1i1024!2i768!4f13.1!3m3!1m2!1s0xd6048b189c5843b:0xc37d10364cdfcbaf!2sFundaci\u00f3n%20Bancaja!5e0!3m2!1ses!2ses!4v1530112044292\"><\/iframe>\n\t\t\t<\/div>\n<hr \/>\n<h2><strong>Contributor Day<\/strong><\/h2>\n<p>Se celebrar\u00e1 en el\u00a0<strong><a href=\"https:\/\/wayco.es\/\" target=\"_blank\" rel=\"noopener\">coworking Wayco Ideas de Ruzafa<\/a><\/strong>, a continuaci\u00f3n tienes toda la informaci\u00f3n de su localizaci\u00f3n y c\u00f3mo llegar.<\/p>\n<p><img loading=\"lazy\" decoding=\"async\" class=\"alignnone size-full wp-image-351\" src=\"https:\/\/2018.valencia.wordcamp.org\/files\/2018\/06\/terraza-wayco-2.png\" alt=\"\" width=\"858\" height=\"565\" srcset=\"https:\/\/valencia.wordcamp.org\/2018\/files\/2018\/06\/terraza-wayco-2.png 858w, https:\/\/valencia.wordcamp.org\/2018\/files\/2018\/06\/terraza-wayco-2-300x198.png 300w, https:\/\/valencia.wordcamp.org\/2018\/files\/2018\/06\/terraza-wayco-2-768x506.png 768w, https:\/\/valencia.wordcamp.org\/2018\/files\/2018\/06\/terraza-wayco-2-456x300.png 456w\" sizes=\"auto, (max-width: 767px) 89vw, (max-width: 1000px) 54vw, (max-width: 1071px) 543px, 580px\" \/><\/p>\n<h2>Direcci\u00f3n:<\/h2>\n<p>Calle Almirante Cadarso, 26, Valencia<\/p>\n<h2>C\u00f3mo llegar:<\/h2>\n<ul>\n<li>En autob\u00fas: L\u00edneas 2, 3, 13, 19, 40, 79, 80, N1<\/li>\n<li>En tren: Estaci\u00f3n del Norte<\/li>\n<li>En metro: Col\u00f3n (L\u00edneas 3, 5, 7 y 9)<\/li>\n<li>En coche: Ni lo intentes<\/li>\n<\/ul>\n<h2>Mapa:<\/h2>\n<div class=\"googlemaps\">\n\t\t\t\t<iframe loading=\"lazy\" width=\"600\" height=\"450\" frameborder=\"0\" scrolling=\"no\" marginheight=\"0\" marginwidth=\"0\"  src=\"https:\/\/www.google.com\/maps\/embed?pb=!1m18!1m12!1m3!1d192.51351057087047!2d-0.3676041223664912!3d39.46444491626826!2m3!1f0!2f0!3f0!3m2!1i1024!2i768!4f13.1!3m3!1m2!1s0xd6048c83218265b:0x77373bfdf77f412d!2sCarrer%20de%20l&#039;Almirall%20Cadarso,%2026,%2046005%20Val\u00e8ncia!5e0!3m2!1sen!2ses!4v1532090540940\"><\/iframe>\n\t\t\t<\/div>\n","protected":false},"excerpt":{"rendered":"<p>WordCamp Valencia 2018 Se celebrar\u00e1 en\u00a0el Centro Cultural Bancaja, a continuaci\u00f3n tienes toda la informaci\u00f3n de su localizaci\u00f3n y c\u00f3mo llegar. Direcci\u00f3n: Calle General Tovar, 3,\u00a046003, Valencia,\u00a0Spain C\u00f3mo llegar: En autob\u00fas: 71, 95, 32, 71 En tren: Estaci\u00f3n del Norte En metro: Col\u00f3n (L\u00edneas 3, 5, 7 y 9) En coche: Zona libre de estacionamiento &hellip; <\/p>\n<p class=\"link-more\"><a href=\"https:\/\/valencia.wordcamp.org\/2018\/evento\/ubicacion\/\" class=\"more-link\">Continuar leyendo<span class=\"screen-reader-text\"> \u00abUbicaci\u00f3n\u00bb<\/span><\/a><\/p>\n","protected":false},"author":15679009,"featured_media":0,"parent":224,"menu_order":0,"comment_status":"closed","ping_status":"closed","template":"","meta":{"jetpack_post_was_ever_published":false,"footnotes":""},"class_list":["post-226","page","type-page","status-publish","hentry"],"jetpack_sharing_enabled":true,"jetpack_shortlink":"https:\/\/wp.me\/P9ygkC-3E","_links":{"self":[{"href":"https:\/\/valencia.wordcamp.org\/2018\/wp-json\/wp\/v2\/pages\/226","targetHints":{"allow":["GET"]}}],"collection":[{"href":"https:\/\/valencia.wordcamp.org\/2018\/wp-json\/wp\/v2\/pages"}],"about":[{"href":"https:\/\/valencia.wordcamp.org\/2018\/wp-json\/wp\/v2\/types\/page"}],"author":[{"embeddable":true,"href":"https:\/\/valencia.wordcamp.org\/2018\/wp-json\/wp\/v2\/users\/15679009"}],"replies":[{"embeddable":true,"href":"https:\/\/valencia.wordcamp.org\/2018\/wp-json\/wp\/v2\/comments?post=226"}],"version-history":[{"count":30,"href":"https:\/\/valencia.wordcamp.org\/2018\/wp-json\/wp\/v2\/pages\/226\/revisions"}],"predecessor-version":[{"id":662,"href":"https:\/\/valencia.wordcamp.org\/2018\/wp-json\/wp\/v2\/pages\/226\/revisions\/662"}],"up":[{"embeddable":true,"href":"https:\/\/valencia.wordcamp.org\/2018\/wp-json\/wp\/v2\/pages\/224"}],"wp:attachment":[{"href":"https:\/\/valencia.wordcamp.org\/2018\/wp-json\/wp\/v2\/media?parent=226"}],"curies":[{"name":"wp","href":"https:\/\/api.w.org\/{rel}","templated":true}]}}