{"id":7,"date":"2018-01-12T19:15:23","date_gmt":"2018-01-12T19:15:23","guid":{"rendered":"https:\/\/2018.valencia.wordcamp.org\/schedule\/"},"modified":"2018-09-10T12:08:51","modified_gmt":"2018-09-10T10:08:51","slug":"programa","status":"publish","type":"page","link":"https:\/\/valencia.wordcamp.org\/2018\/programa\/","title":{"rendered":"Programa"},"content":{"rendered":"<p><img loading=\"lazy\" decoding=\"async\" class=\"aligncenter size-large wp-image-989\" src=\"https:\/\/2018.valencia.wordcamp.org\/files\/2018\/08\/matthew-smith-5934-unsplash-1024x683.jpg\" alt=\"\" width=\"525\" height=\"350\" srcset=\"https:\/\/valencia.wordcamp.org\/2018\/files\/2018\/08\/matthew-smith-5934-unsplash-1024x683.jpg 1024w, https:\/\/valencia.wordcamp.org\/2018\/files\/2018\/08\/matthew-smith-5934-unsplash-300x200.jpg 300w, https:\/\/valencia.wordcamp.org\/2018\/files\/2018\/08\/matthew-smith-5934-unsplash-768x512.jpg 768w, https:\/\/valencia.wordcamp.org\/2018\/files\/2018\/08\/matthew-smith-5934-unsplash-450x300.jpg 450w\" sizes=\"auto, (max-width: 525px) 100vw, 525px\" \/><br \/>\n<a style=\"background-color: black;color: white;text-decoration: none;padding: 4px 6px;font-family: -apple-system, BlinkMacSystemFont, 'San Francisco', 'Helvetica Neue', Helvetica, Ubuntu, Roboto, Noto, 'Segoe UI', Arial, sans-serif;font-size: 12px;font-weight: bold;line-height: 1.2\" title=\"Download free do whatever you want high-resolution photos from Matthew Smith\" href=\"https:\/\/unsplash.com\/@whale?utm_medium=referral&amp;utm_campaign=photographer-credit&amp;utm_content=creditBadge\" target=\"_blank\" rel=\"noopener noreferrer\"><span style=\"padding: 2px 3px\">Foto por cortes\u00eda de Matthew Smith<\/span><\/a><\/p>\n<h2>S\u00e1bado, 15 de septiembre de 2018 (en Centro Cultural Bancaja)<\/h2>\n<table class=\"wcpt-schedule\" border=\"0\"><thead><tr><th class=\"wcpt-col-time\">Hora<\/th><th class=\"wcpt-col-track\"> <span class=\"wcpt-track-name\">\u00danica<\/span> <span class=\"wcpt-track-description\"><\/span> <\/th><\/tr><\/thead><tbody><tr class=\"wcpt-time-0930 global-session entrega-de-acreditaciones\"><td class=\"wcpt-time\">09:30<\/td><td colspan=\"1\" class=\"wcb-track-unica wcpt-session-type-custom wcb-session-acreditaciones\" data-track-title=\"\u00danica\" data-session-id=\"821\"><div class=\"wcb-session-cell-content\"><span class=\"wcpt-session-title\">Entrega de acreditaciones<\/span><\/div><\/td><\/tr><tr class=\"wcpt-time-1000 global-session formularios-aburridos-vitamina-tu-gravity-forms-consejos-de-legibilidad-y-funcionalidad\"><td class=\"wcpt-time\">10:00<\/td><td colspan=\"1\" class=\"wcb-speaker-joaquin-lopez-crespo wcb-speaker-flavia-bernardez wcb-track-unica wcb-session-category-diseno wcb-session-category-general wcpt-session-type-session wcb-session-formularios-aburridos-vitamina-tu-gravity-forms-consejos-de-legibilidad-y-funcionalidad\" data-track-title=\"\u00danica\" data-session-id=\"799\"><div class=\"wcb-session-cell-content\"><a class=\"wcpt-session-title\" href=\"https:\/\/valencia.wordcamp.org\/2018\/sessions\/#wcorg-session-799\">\u00bfFormularios aburridos? Vitamina tu Gravity Forms: Consejos de legibilidad y funcionalidad<\/a> <span class=\"wcpt-session-speakers\"><a href=\"http:\/\/profiles.wordpress.org\/joaquinlopez\/\">Joaqu\u00edn L\u00f3pez Crespo<\/a>, <a href=\"http:\/\/profiles.wordpress.org\/flabernardez\/\">Flavia Bern\u00e1rdez<\/a><\/span><\/div><div class=\"wcb-session-favourite-icon\"><a href=\"#\" role=\"button\" class=\"fav-session-button\" aria-pressed=\"false\"><span class=\"screen-reader-text\">Sesi\u00f3n favorita: \u00bfFormularios aburridos? Vitamina tu Gravity Forms: Consejos de legibilidad y funcionalidad<\/span><span class=\"dashicons dashicons-star-filled\"><\/span><\/a><\/div><\/td><\/tr><tr class=\"wcpt-time-1040 global-session cmo-afecta-el-cumplimiento-del-rgpd-a-una-web-requerimientos-tcnicos\"><td class=\"wcpt-time\">10:40<\/td><td colspan=\"1\" class=\"wcb-speaker-teresa-saez-cuenca wcb-track-unica wcb-session-category-general wcb-session-category-legal wcpt-session-type-session wcb-session-como-afecta-el-cumplimiento-del-rgpd-a-una-web-requerimientos-tecnicos\" data-track-title=\"\u00danica\" data-session-id=\"713\"><div class=\"wcb-session-cell-content\"><a class=\"wcpt-session-title\" href=\"https:\/\/valencia.wordcamp.org\/2018\/sessions\/#wcorg-session-713\">C\u00f3mo afecta el cumplimiento del RGPD a una web: requerimientos t\u00e9cnicos<\/a> <span class=\"wcpt-session-speakers\"><a href=\"http:\/\/profiles.wordpress.org\/teresaezc\/\">Teresa S\u00e1ez Cuenca<\/a><\/span><\/div><div class=\"wcb-session-favourite-icon\"><a href=\"#\" role=\"button\" class=\"fav-session-button\" aria-pressed=\"false\"><span class=\"screen-reader-text\">Sesi\u00f3n favorita: C\u00f3mo afecta el cumplimiento del RGPD a una web: requerimientos t\u00e9cnicos<\/span><span class=\"dashicons dashicons-star-filled\"><\/span><\/a><\/div><\/td><\/tr><tr class=\"wcpt-time-1120 global-session gutenberg-preguntas-y-respuesta\"><td class=\"wcpt-time\">11:20<\/td><td colspan=\"1\" class=\"wcb-speaker-jose-angel-vidania wcb-track-unica wcb-session-category-blog wcb-session-category-desarrollo wcb-session-category-general wcpt-session-type-session wcb-session-gutenberg-preguntas-y-respuesta\" data-track-title=\"\u00danica\" data-session-id=\"734\"><div class=\"wcb-session-cell-content\"><a class=\"wcpt-session-title\" href=\"https:\/\/valencia.wordcamp.org\/2018\/sessions\/#wcorg-session-734\">Gutenberg: Preguntas y Respuesta<\/a> <span class=\"wcpt-session-speakers\"><a href=\"http:\/\/profiles.wordpress.org\/vdevidania\/\">Jos\u00e9 \u00c1ngel Vidania<\/a><\/span><\/div><div class=\"wcb-session-favourite-icon\"><a href=\"#\" role=\"button\" class=\"fav-session-button\" aria-pressed=\"false\"><span class=\"screen-reader-text\">Sesi\u00f3n favorita: Gutenberg: Preguntas y Respuesta<\/span><span class=\"dashicons dashicons-star-filled\"><\/span><\/a><\/div><\/td><\/tr><tr class=\"wcpt-time-1200 global-session descanso\"><td class=\"wcpt-time\">12:00<\/td><td colspan=\"1\" class=\"wcb-track-unica wcpt-session-type-custom wcb-session-descanso1\" data-track-title=\"\u00danica\" data-session-id=\"833\"><div class=\"wcb-session-cell-content\"><span class=\"wcpt-session-title\">Descanso<\/span><\/div><\/td><\/tr><tr class=\"wcpt-time-1230 global-session asegura-tu-wordpress-mediante-content-security-policy\"><td class=\"wcpt-time\">12:30<\/td><td colspan=\"1\" class=\"wcb-speaker-javier-casares wcb-track-unica wcb-session-category-desarrollo wcb-session-category-seguridad wcpt-session-type-session wcb-session-asegura-tu-wordpress-mediante-content-security-policy\" data-track-title=\"\u00danica\" data-session-id=\"791\"><div class=\"wcb-session-cell-content\"><a class=\"wcpt-session-title\" href=\"https:\/\/valencia.wordcamp.org\/2018\/sessions\/#wcorg-session-791\">Asegura tu WordPress mediante Content-Security-Policy<\/a> <span class=\"wcpt-session-speakers\"><a href=\"http:\/\/profiles.wordpress.org\/javiercasares\/\">Javier Casares<\/a><\/span><\/div><div class=\"wcb-session-favourite-icon\"><a href=\"#\" role=\"button\" class=\"fav-session-button\" aria-pressed=\"false\"><span class=\"screen-reader-text\">Sesi\u00f3n favorita: Asegura tu WordPress mediante Content-Security-Policy<\/span><span class=\"dashicons dashicons-star-filled\"><\/span><\/a><\/div><\/td><\/tr><tr class=\"wcpt-time-1310 global-session planteando-un-desarrollo-orientado-al-podcasting\"><td class=\"wcpt-time\">13:10<\/td><td colspan=\"1\" class=\"wcb-speaker-santiago-jimenez wcb-track-unica wcb-session-category-desarrollo wcb-session-category-diseno wcpt-session-type-session wcb-session-planteando-un-desarrollo-orientado-al-podcasting\" data-track-title=\"\u00danica\" data-session-id=\"685\"><div class=\"wcb-session-cell-content\"><a class=\"wcpt-session-title\" href=\"https:\/\/valencia.wordcamp.org\/2018\/sessions\/#wcorg-session-685\">Planteando un desarrollo orientado al podcasting<\/a> <span class=\"wcpt-session-speakers\"><a href=\"http:\/\/profiles.wordpress.org\/xantifakir\/\">Santiago Jim\u00e9nez<\/a><\/span><\/div><div class=\"wcb-session-favourite-icon\"><a href=\"#\" role=\"button\" class=\"fav-session-button\" aria-pressed=\"false\"><span class=\"screen-reader-text\">Sesi\u00f3n favorita: Planteando un desarrollo orientado al podcasting<\/span><span class=\"dashicons dashicons-star-filled\"><\/span><\/a><\/div><\/td><\/tr><tr class=\"wcpt-time-1350 global-session tcnicas-para-monetizar-un-sitio-wordpress\"><td class=\"wcpt-time\">13:50<\/td><td colspan=\"1\" class=\"wcb-speaker-fernando-puente wcb-track-unica wcb-session-category-blog wcb-session-category-general wcpt-session-type-session wcb-session-tecnicas-para-monetizar-un-sitio-wordpress\" data-track-title=\"\u00danica\" data-session-id=\"818\"><div class=\"wcb-session-cell-content\"><a class=\"wcpt-session-title\" href=\"https:\/\/valencia.wordcamp.org\/2018\/sessions\/#wcorg-session-818\">T\u00e9cnicas para monetizar un sitio WordPress<\/a> <span class=\"wcpt-session-speakers\"><a href=\"http:\/\/profiles.wordpress.org\/fpuenteonline\/\">Fernando Puente<\/a><\/span><\/div><div class=\"wcb-session-favourite-icon\"><a href=\"#\" role=\"button\" class=\"fav-session-button\" aria-pressed=\"false\"><span class=\"screen-reader-text\">Sesi\u00f3n favorita: T\u00e9cnicas para monetizar un sitio WordPress<\/span><span class=\"dashicons dashicons-star-filled\"><\/span><\/a><\/div><\/td><\/tr><tr class=\"wcpt-time-1430 global-session comida\"><td class=\"wcpt-time\">14:30<\/td><td colspan=\"1\" class=\"wcb-track-unica wcpt-session-type-custom wcb-session-comida\" data-track-title=\"\u00danica\" data-session-id=\"831\"><div class=\"wcb-session-cell-content\"><span class=\"wcpt-session-title\">Comida<\/span><\/div><\/td><\/tr><tr class=\"wcpt-time-1600 global-session trucos-y-rarezas-ocultas-que-igual-no-conocas-de-wordpress\"><td class=\"wcpt-time\">16:00<\/td><td colspan=\"1\" class=\"wcb-speaker-fernando-tellado wcb-track-unica wcb-session-category-blog wcb-session-category-general wcpt-session-type-session wcb-session-trucos-y-rarezas-ocultas-que-igual-no-conocias-de-wordpress\" data-track-title=\"\u00danica\" data-session-id=\"802\"><div class=\"wcb-session-cell-content\"><a class=\"wcpt-session-title\" href=\"https:\/\/valencia.wordcamp.org\/2018\/sessions\/#wcorg-session-802\">Trucos y rarezas ocultas que igual no conoc\u00edas de WordPress<\/a> <span class=\"wcpt-session-speakers\"><a href=\"http:\/\/profiles.wordpress.org\/fernandot\/\">Fernando Tellado<\/a><\/span><\/div><div class=\"wcb-session-favourite-icon\"><a href=\"#\" role=\"button\" class=\"fav-session-button\" aria-pressed=\"false\"><span class=\"screen-reader-text\">Sesi\u00f3n favorita: Trucos y rarezas ocultas que igual no conoc\u00edas de WordPress<\/span><span class=\"dashicons dashicons-star-filled\"><\/span><\/a><\/div><\/td><\/tr><tr class=\"wcpt-time-1640 global-session x-herramientas-y-tips-para-ganarle-tiempo-al-reloj\"><td class=\"wcpt-time\">16:40<\/td><td colspan=\"1\" class=\"wcb-speaker-ibon-azkoitia wcb-track-unica wcb-session-category-general wcpt-session-type-session wcb-session-x-herramientas-y-tips-para-ganarle-tiempo-al-reloj\" data-track-title=\"\u00danica\" data-session-id=\"796\"><div class=\"wcb-session-cell-content\"><a class=\"wcpt-session-title\" href=\"https:\/\/valencia.wordcamp.org\/2018\/sessions\/#wcorg-session-796\">X Herramientas y tips para ganarle tiempo al reloj<\/a> <span class=\"wcpt-session-speakers\"><a href=\"http:\/\/profiles.wordpress.org\/ibonazkoitia\/\">Ibon Azkoitia<\/a><\/span><\/div><div class=\"wcb-session-favourite-icon\"><a href=\"#\" role=\"button\" class=\"fav-session-button\" aria-pressed=\"false\"><span class=\"screen-reader-text\">Sesi\u00f3n favorita: X Herramientas y tips para ganarle tiempo al reloj<\/span><span class=\"dashicons dashicons-star-filled\"><\/span><\/a><\/div><\/td><\/tr><tr class=\"wcpt-time-1720 global-session descanso\"><td class=\"wcpt-time\">17:20<\/td><td colspan=\"1\" class=\"wcb-track-unica wcpt-session-type-custom wcb-session-descanso2\" data-track-title=\"\u00danica\" data-session-id=\"828\"><div class=\"wcb-session-cell-content\"><span class=\"wcpt-session-title\">Descanso<\/span><\/div><\/td><\/tr><tr class=\"wcpt-time-1750 global-session el-color-en-la-web-teora-y-accesibilidad\"><td class=\"wcpt-time\">17:50<\/td><td colspan=\"1\" class=\"wcb-speaker-piccia-neri wcb-track-unica wcb-session-category-diseno wcpt-session-type-session wcb-session-color-en-la-web\" data-track-title=\"\u00danica\" data-session-id=\"681\"><div class=\"wcb-session-cell-content\"><a class=\"wcpt-session-title\" href=\"https:\/\/valencia.wordcamp.org\/2018\/sessions\/#wcorg-session-681\">El color en la web: teor\u00eda y accesibilidad<\/a> <span class=\"wcpt-session-speakers\"><a href=\"http:\/\/profiles.wordpress.org\/piccianeri\/\">Piccia Neri<\/a><\/span><\/div><div class=\"wcb-session-favourite-icon\"><a href=\"#\" role=\"button\" class=\"fav-session-button\" aria-pressed=\"false\"><span class=\"screen-reader-text\">Sesi\u00f3n favorita: El color en la web: teor\u00eda y accesibilidad<\/span><span class=\"dashicons dashicons-star-filled\"><\/span><\/a><\/div><\/td><\/tr><tr class=\"wcpt-time-1830 global-session bloguero-cuidado-con-el-lock-in\"><td class=\"wcpt-time\">18:30<\/td><td colspan=\"1\" class=\"wcb-speaker-ana-cirujano wcb-track-unica wcb-session-category-blog wcb-session-category-general wcpt-session-type-session wcb-session-bloguero-cuidado-con-el-lock-in\" data-track-title=\"\u00danica\" data-session-id=\"677\"><div class=\"wcb-session-cell-content\"><a class=\"wcpt-session-title\" href=\"https:\/\/valencia.wordcamp.org\/2018\/sessions\/#wcorg-session-677\">Bloguero, \u00a1cuidado con el lock-in!<\/a> <span class=\"wcpt-session-speakers\"><a href=\"http:\/\/profiles.wordpress.org\/acirujano\/\">Ana Cirujano<\/a><\/span><\/div><div class=\"wcb-session-favourite-icon\"><a href=\"#\" role=\"button\" class=\"fav-session-button\" aria-pressed=\"false\"><span class=\"screen-reader-text\">Sesi\u00f3n favorita: Bloguero, \u00a1cuidado con el lock-in!<\/span><span class=\"dashicons dashicons-star-filled\"><\/span><\/a><\/div><\/td><\/tr><tr class=\"wcpt-time-1910 global-session cierre\"><td class=\"wcpt-time\">19:10<\/td><td colspan=\"1\" class=\"wcb-track-unica wcpt-session-type-session wcb-session-cierre\" data-track-title=\"\u00danica\" data-session-id=\"825\"><div class=\"wcb-session-cell-content\"><a class=\"wcpt-session-title\" href=\"https:\/\/valencia.wordcamp.org\/2018\/sessions\/#wcorg-session-825\">Cierre<\/a><\/div><div class=\"wcb-session-favourite-icon\"><a href=\"#\" role=\"button\" class=\"fav-session-button\" aria-pressed=\"false\"><span class=\"screen-reader-text\">Sesi\u00f3n favorita: Cierre<\/span><span class=\"dashicons dashicons-star-filled\"><\/span><\/a><\/div><\/td><\/tr><\/tbody><\/table>\n\t<div class=\"email-form fav-session-email-form-hide\">\n\t\t<!-- Tab links -->\n\t\t<div class=\"fav-session-share-tab\">\n\t\t\t\t\t\t\t<div class=\"fav-session-tablinks\" id=\"fav-session-btn-email\">\n\t\t\t\t\tCorreo electr\u00f3nico\t\t\t\t<\/div>\n\t\t\t\n\t\t\t<div class=\"fav-session-tablinks\" id=\"fav-session-btn-link\">\n\t\t\t\tEnlace\t\t\t<\/div>\n\n\t\t\t<div class=\"fav-session-tablinks\" id=\"fav-session-btn-print\">\n\t\t\t\tImprimir\t\t\t<\/div>\n\t\t<\/div>\n\n\t\t<!-- Tab content -->\n\t\t\t\t\t<div id=\"fav-session-tab-email\" class=\"fav-session-share-tabcontent\">\n\t\t\t\t<div id=\"fav-session-email-form\">\n\t\t\t\t\tEnv\u00edame mis sesiones favoritas:\n\t\t\t\t\t<form id=\"fav-sessions-form\">\n\t\t\t\t\t\t<input\n\t\t\t\t\t\t\ttype=\"text\"\n\t\t\t\t\t\t\tname=\"email_address\"\n\t\t\t\t\t\t\tid=\"fav-sessions-email-address\"\n\t\t\t\t\t\t\tplaceholder=\"me@protonmail.com\"\n\t\t\t\t\t\t\/>\n\t\t\t\t\t\t<input type=\"submit\" value=\"Enviar\" \/>\n\t\t\t\t\t<\/form>\n\t\t\t\t<\/div>\n\n\t\t\t\t<div class=\"fav-session-email-wait-spinner\"><\/div>\n\t\t\t\t<div class=\"fav-session-email-result\"><\/div>\n\t\t\t<\/div>\n\t\t\n\t\t<div id=\"fav-session-tab-link\" class=\"fav-session-share-tabcontent\">\n\t\t\tEnlace compartible:\t\t\t<br \/>\n\t\t\t<a id=\"fav-sessions-link\" href=\"\"><\/a>\n\t\t<\/div>\n\n\t\t<div id=\"fav-session-tab-print\" class=\"fav-session-share-tabcontent\">\n\t\t\t<button id=\"fav-session-print\">\n\t\t\t\tImprimir sesiones favoritas\t\t\t<\/button>\n\t\t<\/div>\n\t<\/div>\n\n\t<a class=\"show-email-form\" href=\"javascript:\">\n\t\t<span class=\"dashicons dashicons-star-filled\"><\/span>\n\t\t<span class=\"dashicons dashicons-email-alt\"><\/span>\n\t<\/a>\n\n\t\n<h2>Domingo, 16 de septiembre de 2018 (en Coworking Wayco Ruzafa)<\/h2>\n<table class=\"wcpt-schedule\" border=\"0\"><thead><tr><th class=\"wcpt-col-time\">Hora<\/th><th class=\"wcpt-col-track\"> <span class=\"wcpt-track-name\">\u00danica<\/span> <span class=\"wcpt-track-description\"><\/span> <\/th><\/tr><\/thead><tbody><tr class=\"wcpt-time-1100 global-session apertura-de-puertas\"><td class=\"wcpt-time\">11:00<\/td><td colspan=\"1\" class=\"wcb-track-unica wcpt-session-type-custom wcb-session-apertura-de-puertas\" data-track-title=\"\u00danica\" data-session-id=\"732\"><div class=\"wcb-session-cell-content\"><span class=\"wcpt-session-title\">Apertura de puertas<\/span><\/div><\/td><\/tr><tr class=\"wcpt-time-1130 global-session qu-es-un-contributor-day-qu-haremos-y-reparto-en-grupos\"><td class=\"wcpt-time\">11:30<\/td><td colspan=\"1\" class=\"wcb-track-unica wcpt-session-type-session wcb-session-__trashed-11\" data-track-title=\"\u00danica\" data-session-id=\"740\"><div class=\"wcb-session-cell-content\"><a class=\"wcpt-session-title\" href=\"https:\/\/valencia.wordcamp.org\/2018\/sessions\/#wcorg-session-740\">\u00bfQu\u00e9 es un Contributor Day? \u00bfQu\u00e9 haremos? y Reparto en grupos<\/a><\/div><div class=\"wcb-session-favourite-icon\"><a href=\"#\" role=\"button\" class=\"fav-session-button\" aria-pressed=\"false\"><span class=\"screen-reader-text\">Sesi\u00f3n favorita: \u00bfQu\u00e9 es un Contributor Day? \u00bfQu\u00e9 haremos? y Reparto en grupos<\/span><span class=\"dashicons dashicons-star-filled\"><\/span><\/a><\/div><\/td><\/tr><tr class=\"wcpt-time-1200 global-session sesin-de-trabajo\"><td class=\"wcpt-time\">12:00<\/td><td colspan=\"1\" class=\"wcb-track-unica wcpt-session-type-session wcb-session-sesion-de-trabajo1\" data-track-title=\"\u00danica\" data-session-id=\"747\"><div class=\"wcb-session-cell-content\"><a class=\"wcpt-session-title\" href=\"https:\/\/valencia.wordcamp.org\/2018\/sessions\/#wcorg-session-747\">Sesi\u00f3n de trabajo<\/a><\/div><div class=\"wcb-session-favourite-icon\"><a href=\"#\" role=\"button\" class=\"fav-session-button\" aria-pressed=\"false\"><span class=\"screen-reader-text\">Sesi\u00f3n favorita: Sesi\u00f3n de trabajo<\/span><span class=\"dashicons dashicons-star-filled\"><\/span><\/a><\/div><\/td><\/tr><tr class=\"wcpt-time-1400 global-session comida\"><td class=\"wcpt-time\">14:00<\/td><td colspan=\"1\" class=\"wcb-track-unica wcpt-session-type-custom wcb-session-comida-domingo\" data-track-title=\"\u00danica\" data-session-id=\"751\"><div class=\"wcb-session-cell-content\"><span class=\"wcpt-session-title\">Comida<\/span><\/div><\/td><\/tr><tr class=\"wcpt-time-1600 global-session sesin-de-trabajo\"><td class=\"wcpt-time\">16:00<\/td><td colspan=\"1\" class=\"wcb-track-unica wcpt-session-type-session wcb-session-sesion-de-trabajo2\" data-track-title=\"\u00danica\" data-session-id=\"770\"><div class=\"wcb-session-cell-content\"><a class=\"wcpt-session-title\" href=\"https:\/\/valencia.wordcamp.org\/2018\/sessions\/#wcorg-session-770\">Sesi\u00f3n de trabajo<\/a><\/div><div class=\"wcb-session-favourite-icon\"><a href=\"#\" role=\"button\" class=\"fav-session-button\" aria-pressed=\"false\"><span class=\"screen-reader-text\">Sesi\u00f3n favorita: Sesi\u00f3n de trabajo<\/span><span class=\"dashicons dashicons-star-filled\"><\/span><\/a><\/div><\/td><\/tr><tr class=\"wcpt-time-1730 global-session cierre\"><td class=\"wcpt-time\">17:30<\/td><td colspan=\"1\" class=\"wcb-track-unica wcpt-session-type-custom wcb-session-clausura\" data-track-title=\"\u00danica\" data-session-id=\"777\"><div class=\"wcb-session-cell-content\"><span class=\"wcpt-session-title\">Cierre<\/span><\/div><\/td><\/tr><\/tbody><\/table>\n","protected":false},"excerpt":{"rendered":"<p>Foto por cortes\u00eda de Matthew Smith S\u00e1bado, 15 de septiembre de 2018 (en Centro Cultural Bancaja) Domingo, 16 de septiembre de 2018 (en Coworking Wayco Ruzafa)<\/p>\n","protected":false},"author":15355488,"featured_media":0,"parent":0,"menu_order":0,"comment_status":"closed","ping_status":"closed","template":"","meta":{"jetpack_post_was_ever_published":false,"footnotes":""},"class_list":["post-7","page","type-page","status-publish","hentry"],"jetpack_sharing_enabled":true,"jetpack_shortlink":"https:\/\/wp.me\/P9ygkC-7","_links":{"self":[{"href":"https:\/\/valencia.wordcamp.org\/2018\/wp-json\/wp\/v2\/pages\/7","targetHints":{"allow":["GET"]}}],"collection":[{"href":"https:\/\/valencia.wordcamp.org\/2018\/wp-json\/wp\/v2\/pages"}],"about":[{"href":"https:\/\/valencia.wordcamp.org\/2018\/wp-json\/wp\/v2\/types\/page"}],"author":[{"embeddable":true,"href":"https:\/\/valencia.wordcamp.org\/2018\/wp-json\/wp\/v2\/users\/15355488"}],"replies":[{"embeddable":true,"href":"https:\/\/valencia.wordcamp.org\/2018\/wp-json\/wp\/v2\/comments?post=7"}],"version-history":[{"count":5,"href":"https:\/\/valencia.wordcamp.org\/2018\/wp-json\/wp\/v2\/pages\/7\/revisions"}],"predecessor-version":[{"id":1248,"href":"https:\/\/valencia.wordcamp.org\/2018\/wp-json\/wp\/v2\/pages\/7\/revisions\/1248"}],"wp:attachment":[{"href":"https:\/\/valencia.wordcamp.org\/2018\/wp-json\/wp\/v2\/media?parent=7"}],"curies":[{"name":"wp","href":"https:\/\/api.w.org\/{rel}","templated":true}]}}