{"id":9,"date":"2018-01-12T19:15:23","date_gmt":"2018-01-12T19:15:23","guid":{"rendered":"https:\/\/2018.valencia.wordcamp.org\/sessions\/"},"modified":"2018-01-12T19:15:23","modified_gmt":"2018-01-12T19:15:23","slug":"sessions","status":"publish","type":"page","link":"https:\/\/valencia.wordcamp.org\/2018\/sessions\/","title":{"rendered":"Sessions"},"content":{"rendered":"<p><em>Organizers note:<\/em> You can enter content for this page in the Sessions menu item in the sidebar.<\/p>\n\n\t<div class=\"wcorg-sessions\">\n\t\t\n\t\t\t<div id=\"wcorg-session-799\" class=\"wcorg-session\" >\n\t\t\t\t<h2>\n\t\t\t\t\t\u00bfFormularios aburridos? Vitamina tu Gravity Forms: Consejos de legibilidad y funcionalidad\t\t\t\t<\/h2>\n\n\t\t\t\t<div class=\"wcorg-session-description\">\n\t\t\t\t\t\t\t\t\t\t\t\t\t\t\t\t\t\t\t\t<p>Contaremos todos los secretos que hemos encontrado para hacer unos formularios con Gravity Forms atractivos, legibles y sobre todo funcionales.<\/p>\n<p>Joaqu\u00edn dar\u00e1 la parte funcional: para qu\u00e9 nos puede servir un formulario, sus pasos, relleno din\u00e1mico de datos&#8230;<\/p>\n<p>Flavia hablar\u00e1 de los consejos de dise\u00f1o y legibilidad as\u00ed como de las <em>ready classes<\/em> ya dise\u00f1adas por Gravity Forms y c\u00f3mo adjuntar nuestros estilos para mejorar la forma en la que nuestro usuario capta la informaci\u00f3n para rellenarla.<\/p>\n\n\t\t\t\t\t\t\t\t\t<\/div>\n\t\t\t<\/div>\n\n\t\t\n\t\t\t<div id=\"wcorg-session-713\" class=\"wcorg-session\" >\n\t\t\t\t<h2>\n\t\t\t\t\tC\u00f3mo afecta el cumplimiento del RGPD a una web: requerimientos t\u00e9cnicos\t\t\t\t<\/h2>\n\n\t\t\t\t<div class=\"wcorg-session-description\">\n\t\t\t\t\t\t\t\t\t\t\t\t\t\t\t\t\t\t\t\t<p>Me apuesto lo que quieras a que, tanto si te dedicas a hacer webs para clientes como si dispones de una web propia, la obligatoriedad de cumplir con el nuevo Reglamento General de Protecci\u00f3n de Datos (RGPD) te habr\u00e1 puesto de los nervios.<\/p>\n<p>Pues rel\u00e1jate, porque en esta charla te explicar\u00e9, de manera clara, concisa y sencilla, qu\u00e9 se necesita implementar en una web a nivel t\u00e9cnico para cumplir con los requerimientos del RGPD.<\/p>\n<p>Eso s\u00ed, los textos legales, son cosa tuya y de tu especialista en derecho digital.<\/p>\n\n\t\t\t\t\t\t\t\t\t<\/div>\n\t\t\t<\/div>\n\n\t\t\n\t\t\t<div id=\"wcorg-session-734\" class=\"wcorg-session\" >\n\t\t\t\t<h2>\n\t\t\t\t\tGutenberg: Preguntas y Respuesta\t\t\t\t<\/h2>\n\n\t\t\t\t<div class=\"wcorg-session-description\">\n\t\t\t\t\t\t\t\t\t\t\t\t\t\t\t\t\t\t\t\t<p>Gutenberg estar\u00e1 en breve en todas nuestras instalaciones de WordPress. En esta ponencia tratar\u00e9 por medio de preguntas y sus correspondientes respuestas, explicaros todo lo que necesit\u00e1is saber sobre el cambio que se avecina con la implementaci\u00f3n del nuevo editor en la versi\u00f3n 5.0.<\/p>\n\n\t\t\t\t\t\t\t\t\t<\/div>\n\t\t\t<\/div>\n\n\t\t\n\t\t\t<div id=\"wcorg-session-791\" class=\"wcorg-session\" >\n\t\t\t\t<h2>\n\t\t\t\t\tAsegura tu WordPress mediante Content-Security-Policy\t\t\t\t<\/h2>\n\n\t\t\t\t<div class=\"wcorg-session-description\">\n\t\t\t\t\t\t\t\t\t\t\t\t\t\t\t\t\t\t\t\t<p>A partir del <em>HTTP\/2.0<\/em> han comenzado a aparecer una serie de sistemas de seguridad a los que no estamos tan acostumbrados. <em>Content Security Policy<\/em> es una de ellas que va a permitir mejorar la seguridad de tu sitio web con WordPress evitando, por ejemplo, sistemas de miner\u00eda de criptomonedas.<\/p>\n<p>Aunque esta charla es t\u00e9cnica y trata sobre seguridad, cualquiera que haga sitios web deber\u00eda tenerlo en cuenta. Cada vez hay m\u00e1s ataques y sitios menos defendidos&#8230; as\u00ed que \u00bft\u00fa proteges tu sitio web o lo dejas al azar?<\/p>\n\n\t\t\t\t\t\t\t\t\t<\/div>\n\t\t\t<\/div>\n\n\t\t\n\t\t\t<div id=\"wcorg-session-685\" class=\"wcorg-session\" >\n\t\t\t\t<h2>\n\t\t\t\t\tPlanteando un desarrollo orientado al podcasting\t\t\t\t<\/h2>\n\n\t\t\t\t<div class=\"wcorg-session-description\">\n\t\t\t\t\t\t\t\t\t\t\t\t\t\t\t\t\t\t\t\t<p>Si queremos dejar atr\u00e1s el formato del blog con audios y desarrollar un <em>theme<\/em> para <em>podcasting<\/em>, antes de empezar debemos tener en cuenta las diferencias con el contenido de tipo blog para realizar un producto realmente competitivo: estructura del contenido en la base de datos de nuestro WordPress, orientaci\u00f3n del dise\u00f1o, m\u00e9todos de almacenamiento, de difusi\u00f3n, etc.<\/p>\n<p>En esta ponencia conoceremos qu\u00e9 debemos tener en cuenta antes de comenzar el desarrollo de un <em>theme<\/em> para <em>podcasting<\/em> en WordPress, qu\u00e9 nos encontraremos cuando iniciemos nuestro camino y algunas herramientas que deberemos usar (o no).<\/p>\n\n\t\t\t\t\t\t\t\t\t<\/div>\n\t\t\t<\/div>\n\n\t\t\n\t\t\t<div id=\"wcorg-session-818\" class=\"wcorg-session\" >\n\t\t\t\t<h2>\n\t\t\t\t\tT\u00e9cnicas para monetizar un sitio WordPress\t\t\t\t<\/h2>\n\n\t\t\t\t<div class=\"wcorg-session-description\">\n\t\t\t\t\t\t\t\t\t\t\t\t\t\t\t\t\t\t\t\t<p>\u00bfNo sabes como rentabilizar tu proyecto con WordPress? Acomp\u00e1\u00f1ame y repasaremos t\u00e9cnicas para la monetizaci\u00f3n de tu sitio, peque\u00f1o o grande. Seguramente no te vas a hacer rico pero, \u00bfpor qu\u00e9 no sacar rendimiento econ\u00f3mico a parte de tu trabajo monetizando tr\u00e1fico o usuarios?<\/p>\n\n\t\t\t\t\t\t\t\t\t<\/div>\n\t\t\t<\/div>\n\n\t\t\n\t\t\t<div id=\"wcorg-session-802\" class=\"wcorg-session\" >\n\t\t\t\t<h2>\n\t\t\t\t\tTrucos y rarezas ocultas que igual no conoc\u00edas de WordPress\t\t\t\t<\/h2>\n\n\t\t\t\t<div class=\"wcorg-session-description\">\n\t\t\t\t\t\t\t\t\t\t\t\t\t\t\t\t\t\t\t\t<p>Aunque lleves a\u00f1os con WordPress hay montones de trucos, utilidades y cosas curiosas que es posible que te sorprenda que siempre hayan estado ah\u00ed.<\/p>\n<p>En esta ponencia te contar\u00e9 algunas de las rarezas de WordPress que he ido descubriendo a lo largo de a\u00f1os, algunas muy \u00fatiles, y otras simplemente curiosas.<\/p>\n<p>\u00a1Espero sorprenderte!<\/p>\n\n\t\t\t\t\t\t\t\t\t<\/div>\n\t\t\t<\/div>\n\n\t\t\n\t\t\t<div id=\"wcorg-session-796\" class=\"wcorg-session\" >\n\t\t\t\t<h2>\n\t\t\t\t\tX Herramientas y tips para ganarle tiempo al reloj\t\t\t\t<\/h2>\n\n\t\t\t\t<div class=\"wcorg-session-description\">\n\t\t\t\t\t\t\t\t\t\t\t\t\t\t\t\t\t\t\t\t<p>Siempre que hablas con alguien te comenta que no le da la vida para realizar todo lo que quiere hacer, ya sean proyectos para clientes o incluso para su vida personal.<\/p>\n<p>En esta charla veremos herramientas, aplicaciones y tips para intentar automatizar lo m\u00e1ximo posible y ganarle tiempo al reloj.<\/p>\n\n\t\t\t\t\t\t\t\t\t<\/div>\n\t\t\t<\/div>\n\n\t\t\n\t\t\t<div id=\"wcorg-session-681\" class=\"wcorg-session\" >\n\t\t\t\t<h2>\n\t\t\t\t\tEl color en la web: teor\u00eda y accesibilidad\t\t\t\t<\/h2>\n\n\t\t\t\t<div class=\"wcorg-session-description\">\n\t\t\t\t\t\t\t\t\t\t\t\t\t\t\t\t\t\t\t\t\n\t\t\t\t\t\t\t\t\t<\/div>\n\t\t\t<\/div>\n\n\t\t\n\t\t\t<div id=\"wcorg-session-677\" class=\"wcorg-session\" >\n\t\t\t\t<h2>\n\t\t\t\t\tBloguero, \u00a1cuidado con el lock-in!\t\t\t\t<\/h2>\n\n\t\t\t\t<div class=\"wcorg-session-description\">\n\t\t\t\t\t\t\t\t\t\t\t\t\t\t\t\t\t\t\t\t<p>Una de las ventajas de utilizar un gestor de contenidos como WordPress para publicar en internet, es que el contenido est\u00e1 separado del dise\u00f1o y de las funcionalidades. De esta manera, podemos cambiar de tema y que el aspecto de nuestro sitio web cambie; podemos cambiar de plugins y que las funcionalidades cambien; y, a pesar de cambiar el dise\u00f1o o las funcionalidades, los contenidos siempre permanecer\u00e1n.<\/p>\n<p>Esta caracter\u00edstica tan ventajosa se puede ir al traste si aplicamos malas pr\u00e1cticas en el desarrollo de la web. Si, por ejemplo, el tema que instalas lleva incorporada alguna funcionalidad, siempre deber\u00e1s tener instalado ese tema para que la web siga funcionando. Esta dependencia es lo que se conoce como lock-in.<\/p>\n<p>Pero, ojo, cuidado, bloguero, existen malas pr\u00e1cticas en la gesti\u00f3n de contenidos que t\u00fa haces, que tambi\u00e9n pueden generar dependencias. \u00a1Y son m\u00e1s habituales de lo que crees!<\/p>\n<p>Veremos lo que no hay que hacer jam\u00e1s y qu\u00e9 debemos hacer siempre para conservar intacto lo m\u00e1s valioso de tu web: los contenidos.<\/p>\n\n\t\t\t\t\t\t\t\t\t<\/div>\n\t\t\t<\/div>\n\n\t\t\n\t\t\t<div id=\"wcorg-session-825\" class=\"wcorg-session\" >\n\t\t\t\t<h2>\n\t\t\t\t\tCierre\t\t\t\t<\/h2>\n\n\t\t\t\t<div class=\"wcorg-session-description\">\n\t\t\t\t\t\t\t\t\t\t\t\t\t\t\t\t\t\t\t\t\n\t\t\t\t\t\t\t\t\t<\/div>\n\t\t\t<\/div>\n\n\t\t\n\t\t\t<div id=\"wcorg-session-740\" class=\"wcorg-session\" >\n\t\t\t\t<h2>\n\t\t\t\t\t\u00bfQu\u00e9 es un Contributor Day? \u00bfQu\u00e9 haremos? y Reparto en grupos\t\t\t\t<\/h2>\n\n\t\t\t\t<div class=\"wcorg-session-description\">\n\t\t\t\t\t\t\t\t\t\t\t\t\t\t\t\t\t\t\t\t\n\t\t\t\t\t\t\t\t\t<\/div>\n\t\t\t<\/div>\n\n\t\t\n\t\t\t<div id=\"wcorg-session-747\" class=\"wcorg-session\" >\n\t\t\t\t<h2>\n\t\t\t\t\tSesi\u00f3n de trabajo\t\t\t\t<\/h2>\n\n\t\t\t\t<div class=\"wcorg-session-description\">\n\t\t\t\t\t\t\t\t\t\t\t\t\t\t\t\t\t\t\t\t\n\t\t\t\t\t\t\t\t\t<\/div>\n\t\t\t<\/div>\n\n\t\t\n\t\t\t<div id=\"wcorg-session-770\" class=\"wcorg-session\" >\n\t\t\t\t<h2>\n\t\t\t\t\tSesi\u00f3n de trabajo\t\t\t\t<\/h2>\n\n\t\t\t\t<div class=\"wcorg-session-description\">\n\t\t\t\t\t\t\t\t\t\t\t\t\t\t\t\t\t\t\t\t\n\t\t\t\t\t\t\t\t\t<\/div>\n\t\t\t<\/div>\n\n\t\t\t<\/div><!-- .wcorg-sessions -->\n\n\t\n","protected":false},"excerpt":{"rendered":"<p>Organizers note: You can enter content for this page in the Sessions menu item in the sidebar.<\/p>\n","protected":false},"author":15355488,"featured_media":0,"parent":0,"menu_order":0,"comment_status":"closed","ping_status":"closed","template":"","meta":{"jetpack_post_was_ever_published":false,"footnotes":""},"class_list":["post-9","page","type-page","status-publish","hentry"],"jetpack_sharing_enabled":true,"jetpack_shortlink":"https:\/\/wp.me\/P9ygkC-9","_links":{"self":[{"href":"https:\/\/valencia.wordcamp.org\/2018\/wp-json\/wp\/v2\/pages\/9","targetHints":{"allow":["GET"]}}],"collection":[{"href":"https:\/\/valencia.wordcamp.org\/2018\/wp-json\/wp\/v2\/pages"}],"about":[{"href":"https:\/\/valencia.wordcamp.org\/2018\/wp-json\/wp\/v2\/types\/page"}],"author":[{"embeddable":true,"href":"https:\/\/valencia.wordcamp.org\/2018\/wp-json\/wp\/v2\/users\/15355488"}],"replies":[{"embeddable":true,"href":"https:\/\/valencia.wordcamp.org\/2018\/wp-json\/wp\/v2\/comments?post=9"}],"version-history":[{"count":0,"href":"https:\/\/valencia.wordcamp.org\/2018\/wp-json\/wp\/v2\/pages\/9\/revisions"}],"wp:attachment":[{"href":"https:\/\/valencia.wordcamp.org\/2018\/wp-json\/wp\/v2\/media?parent=9"}],"curies":[{"name":"wp","href":"https:\/\/api.w.org\/{rel}","templated":true}]}}