{"id":12,"date":"2019-03-04T21:52:18","date_gmt":"2019-03-04T20:52:18","guid":{"rendered":"https:\/\/2019.valencia.wordcamp.org\/organizers\/"},"modified":"2019-05-21T10:52:39","modified_gmt":"2019-05-21T08:52:39","slug":"organizadores","status":"publish","type":"page","link":"https:\/\/valencia.wordcamp.org\/2019\/organizadores\/","title":{"rendered":"Organizadores de la WordCamp Valencia 2019"},"content":{"rendered":"\n<p class=\"wp-block-paragraph\">Una WordCamp, es un evento mayor para la comunidad WordPress de una ciudad, de un pa\u00eds y tambi\u00e9n va m\u00e1s all\u00e1 de las fronteras!<\/p>\n\n\n\n<p class=\"wp-block-paragraph\">A la imagen de la filosof\u00eda Open Source de WordPress, la WordCamp Valencia 2019 est\u00e1 organizada por un grupo de apasionados de WordPress, todos de forma completamente voluntaria, y con perfiles diferentes y complementarios.<\/p>\n\n\n\n<h4 class=\"wp-block-heading\"><strong>Este a\u00f1o, podemos darles las gracias a este grupazo de WordPresser@s que dan lo m\u00e1ximo para que este evento sea un \u00e9xito &#8211; <em>clap, clap, clap<\/em> &#8211;<\/strong><\/h4>\n\n\n\n<div style=\"height:30px\" aria-hidden=\"true\" class=\"wp-block-spacer\"><\/div>\n\n\n\t<div class=\"wcorg-organizers\">\n\n\t\t\n\t\t\t<div class=\"wcorg-organizer\">\n\t\t\t\t<h2>Abel Ruiz<\/h2>\n\t\t\t\t<div class=\"wcorg-organizer-description\">\n\t\t\t\t\t\t\t\t\t\t<img alt='' src='https:\/\/secure.gravatar.com\/avatar\/459f659e88b451a16152d494d0a2eae499d21a0eb486c174d52fa6d9d3da940c?s=100&#038;d=mm&#038;r=g' srcset='https:\/\/secure.gravatar.com\/avatar\/459f659e88b451a16152d494d0a2eae499d21a0eb486c174d52fa6d9d3da940c?s=200&#038;d=mm&#038;r=g 2x' class='avatar avatar-100 photo' height='100' width='100' \/>\t\t\t\t\t\t\t\t\t<\/div>\n\t\t\t<\/div>\n\n\t\t\n\t\t\t<div class=\"wcorg-organizer\">\n\t\t\t\t<h2>Aure Pons<\/h2>\n\t\t\t\t<div class=\"wcorg-organizer-description\">\n\t\t\t\t\t\t\t\t\t\t<img alt='' src='https:\/\/secure.gravatar.com\/avatar\/a3c1fc4d3461cc0332cb3f42de3c2223108a7691ca14fbb9f0297c306d157bcc?s=100&#038;d=mm&#038;r=g' srcset='https:\/\/secure.gravatar.com\/avatar\/a3c1fc4d3461cc0332cb3f42de3c2223108a7691ca14fbb9f0297c306d157bcc?s=200&#038;d=mm&#038;r=g 2x' class='avatar avatar-100 photo' height='100' width='100' \/>\t\t\t\t\t\t\t\t\t<\/div>\n\t\t\t<\/div>\n\n\t\t\n\t\t\t<div class=\"wcorg-organizer\">\n\t\t\t\t<h2>Fernando Serer<\/h2>\n\t\t\t\t<div class=\"wcorg-organizer-description\">\n\t\t\t\t\t\t\t\t\t\t<img alt='' src='https:\/\/secure.gravatar.com\/avatar\/bd1732345ce861d427c2c5322d4b8d4fd5b4f8f0e24d335d0d8a1619112c9c5d?s=100&#038;d=mm&#038;r=g' srcset='https:\/\/secure.gravatar.com\/avatar\/bd1732345ce861d427c2c5322d4b8d4fd5b4f8f0e24d335d0d8a1619112c9c5d?s=200&#038;d=mm&#038;r=g 2x' class='avatar avatar-100 photo' height='100' width='100' \/>\t\t\t\t\t\t\t\t\t<\/div>\n\t\t\t<\/div>\n\n\t\t\n\t\t\t<div class=\"wcorg-organizer\">\n\t\t\t\t<h2>Piccia Neri<\/h2>\n\t\t\t\t<div class=\"wcorg-organizer-description\">\n\t\t\t\t\t\t\t\t\t\t<img alt='' src='https:\/\/secure.gravatar.com\/avatar\/df3c96042c78df0f0cb7275203915d52da1f4b67bb9a2547458c020e1d354684?s=100&#038;d=mm&#038;r=g' srcset='https:\/\/secure.gravatar.com\/avatar\/df3c96042c78df0f0cb7275203915d52da1f4b67bb9a2547458c020e1d354684?s=200&#038;d=mm&#038;r=g 2x' class='avatar avatar-100 photo' height='100' width='100' \/>\t\t\t\t\t\t\t\t\t<\/div>\n\t\t\t<\/div>\n\n\t\t\n\t\t\t<div class=\"wcorg-organizer\">\n\t\t\t\t<h2>Ricardo Vilar<\/h2>\n\t\t\t\t<div class=\"wcorg-organizer-description\">\n\t\t\t\t\t\t\t\t\t\t<img alt='' src='https:\/\/secure.gravatar.com\/avatar\/6afc203e4ddd89a122917b05eb5dbf9afe12526662f1ee67e9f25d61fc14bc29?s=100&#038;d=mm&#038;r=g' srcset='https:\/\/secure.gravatar.com\/avatar\/6afc203e4ddd89a122917b05eb5dbf9afe12526662f1ee67e9f25d61fc14bc29?s=200&#038;d=mm&#038;r=g 2x' class='avatar avatar-100 photo' height='100' width='100' \/>\t\t\t\t\t\t\t\t\t<\/div>\n\t\t\t<\/div>\n\n\t\t\n\t\t\t<div class=\"wcorg-organizer\">\n\t\t\t\t<h2>Sergio Nieto<\/h2>\n\t\t\t\t<div class=\"wcorg-organizer-description\">\n\t\t\t\t\t\t\t\t\t\t<img alt='' src='https:\/\/secure.gravatar.com\/avatar\/5cff1a57d01955c3b32e58ed35dfbfbc97c37800e219bd4cf3d3b696168208e1?s=100&#038;d=mm&#038;r=g' srcset='https:\/\/secure.gravatar.com\/avatar\/5cff1a57d01955c3b32e58ed35dfbfbc97c37800e219bd4cf3d3b696168208e1?s=200&#038;d=mm&#038;r=g 2x' class='avatar avatar-100 photo' height='100' width='100' \/>\t\t\t\t\t\t\t\t\t<\/div>\n\t\t\t<\/div>\n\n\t\t\n\t\t\t<div class=\"wcorg-organizer\">\n\t\t\t\t<h2>Teresa S\u00e1ez<\/h2>\n\t\t\t\t<div class=\"wcorg-organizer-description\">\n\t\t\t\t\t\t\t\t\t\t<img alt='' src='https:\/\/secure.gravatar.com\/avatar\/d939056014abbb14eecec1f08cc87095c9cbf13ec7abddb791f0bb43d137f275?s=100&#038;d=mm&#038;r=g' srcset='https:\/\/secure.gravatar.com\/avatar\/d939056014abbb14eecec1f08cc87095c9cbf13ec7abddb791f0bb43d137f275?s=200&#038;d=mm&#038;r=g 2x' class='avatar avatar-100 photo' height='100' width='100' \/>\t\t\t\t\t\t\t\t\t<\/div>\n\t\t\t<\/div>\n\n\t\t\n\t\t\t<div class=\"wcorg-organizer\">\n\t\t\t\t<h2>Patricia Navarro<\/h2>\n\t\t\t\t<div class=\"wcorg-organizer-description\">\n\t\t\t\t\t\t\t\t\t\t<img alt='' src='https:\/\/secure.gravatar.com\/avatar\/6790fac746d962db1cfb1b3fd282dabd4a117f941747da8b98a09120e6c85dcb?s=100&#038;d=mm&#038;r=g' srcset='https:\/\/secure.gravatar.com\/avatar\/6790fac746d962db1cfb1b3fd282dabd4a117f941747da8b98a09120e6c85dcb?s=200&#038;d=mm&#038;r=g 2x' class='avatar avatar-100 photo' height='100' width='100' \/>\t\t\t\t\t\t\t\t\t<\/div>\n\t\t\t<\/div>\n\n\t\t\n\t\t\t<div class=\"wcorg-organizer\">\n\t\t\t\t<h2>Cristina Hernandez<\/h2>\n\t\t\t\t<div class=\"wcorg-organizer-description\">\n\t\t\t\t\t\t\t\t\t\t<img alt='' src='https:\/\/secure.gravatar.com\/avatar\/2f250d0884fa8d97f22aad05b7cbcba613a7568fafcd499aa97ddc7cc502aadd?s=100&#038;d=mm&#038;r=g' srcset='https:\/\/secure.gravatar.com\/avatar\/2f250d0884fa8d97f22aad05b7cbcba613a7568fafcd499aa97ddc7cc502aadd?s=200&#038;d=mm&#038;r=g 2x' class='avatar avatar-100 photo' height='100' width='100' \/>\t\t\t\t\t\t\t\t\t<\/div>\n\t\t\t<\/div>\n\n\t\t\n\t<\/div><!-- .wcorg-organizers -->\n\t\n\n\n<p>&nbsp;<\/p>","protected":false},"excerpt":{"rendered":"<p>Una WordCamp, es un evento mayor para la comunidad WordPress de una ciudad, de un pa\u00eds y tambi\u00e9n va m\u00e1s all\u00e1 de las fronteras! A la imagen de la filosof\u00eda Open Source de WordPress, la WordCamp Valencia 2019 est\u00e1 organizada por un grupo de apasionados de WordPress, todos de forma completamente voluntaria, y con perfiles &hellip; <\/p>\n<p class=\"link-more\"><a href=\"https:\/\/valencia.wordcamp.org\/2019\/organizer\/cristina-hernandez\/\" class=\"more-link\">Continuar leyendo<span class=\"screen-reader-text\"> \u00abCristina Hernandez\u00bb<\/span><\/a><\/p>\n","protected":false},"author":16448686,"featured_media":0,"parent":0,"menu_order":0,"comment_status":"closed","ping_status":"closed","template":"","meta":{"_crdt_document":"","jetpack_post_was_ever_published":false,"footnotes":""},"class_list":["post-12","page","type-page","status-publish","hentry"],"jetpack_sharing_enabled":true,"jetpack_shortlink":"https:\/\/wp.me\/PaMxYZ-c","_links":{"self":[{"href":"https:\/\/valencia.wordcamp.org\/2019\/wp-json\/wp\/v2\/pages\/12","targetHints":{"allow":["GET"]}}],"collection":[{"href":"https:\/\/valencia.wordcamp.org\/2019\/wp-json\/wp\/v2\/pages"}],"about":[{"href":"https:\/\/valencia.wordcamp.org\/2019\/wp-json\/wp\/v2\/types\/page"}],"author":[{"embeddable":true,"href":"https:\/\/valencia.wordcamp.org\/2019\/wp-json\/wp\/v2\/users\/16448686"}],"replies":[{"embeddable":true,"href":"https:\/\/valencia.wordcamp.org\/2019\/wp-json\/wp\/v2\/comments?post=12"}],"version-history":[{"count":10,"href":"https:\/\/valencia.wordcamp.org\/2019\/wp-json\/wp\/v2\/pages\/12\/revisions"}],"predecessor-version":[{"id":1263,"href":"https:\/\/valencia.wordcamp.org\/2019\/wp-json\/wp\/v2\/pages\/12\/revisions\/1263"}],"wp:attachment":[{"href":"https:\/\/valencia.wordcamp.org\/2019\/wp-json\/wp\/v2\/media?parent=12"}],"curies":[{"name":"wp","href":"https:\/\/api.w.org\/{rel}","templated":true}]}}