{"id":13,"date":"2019-05-13T19:37:18","date_gmt":"2019-05-13T17:37:18","guid":{"rendered":"https:\/\/2019.valencia.wordcamp.org\/?page_id=13"},"modified":"2019-10-17T16:41:49","modified_gmt":"2019-10-17T14:41:49","slug":"entradas","status":"publish","type":"page","link":"https:\/\/valencia.wordcamp.org\/2019\/entradas\/","title":{"rendered":"Entradas WordCamp Valencia 2019"},"content":{"rendered":"\n<p class=\"wp-block-paragraph\">\u00a1Gracias por querer unirte a la WordCamp Valencia 2019!<\/p>\n\n\n\n<p class=\"wp-block-paragraph\">En el formulario de abajo puedes conseguir tu entrada, \u00a1Disfrutar\u00e1s much\u00edsimo del evento!<\/p>\n\n\n\n<p class=\"wp-block-paragraph\">Una vez que hayas comprado la entrada, recibir\u00e1s un correo de confirmaci\u00f3n de tu compra y ya est\u00e1, sencillo, \u00bfno?<\/p>\n\n\n\n<p class=\"wp-block-paragraph\">El d\u00eda del evento bastar\u00e1 con que te acerques al mostrador de acreditaciones, nos digas qui\u00e9n eres y nuestros duendecillos se encargar\u00e1n de tener tu acreditaci\u00f3n preparada.<\/p>\n\n\n\n<p class=\"wp-block-paragraph\">Si tienes alguna pregunta puedes <a href=\"https:\/\/2019.valencia.wordcamp.org\/contacto\/\">ponerte en contacto<\/a> con nosotros<\/p>\n\n\n\n<table class=\"wp-block-table\"><tbody><tr><td><\/td><\/tr><\/tbody><\/table>\n","protected":false},"excerpt":{"rendered":"<p>\u00a1Gracias por querer unirte a la WordCamp Valencia 2019! En el formulario de abajo puedes conseguir tu entrada, \u00a1Disfrutar\u00e1s much\u00edsimo del evento! Una vez que hayas comprado la entrada, recibir\u00e1s un correo de confirmaci\u00f3n de tu compra y ya est\u00e1, sencillo, \u00bfno? El d\u00eda del evento bastar\u00e1 con que te acerques al mostrador de acreditaciones, &hellip; <\/p>\n<p class=\"link-more\"><a href=\"https:\/\/valencia.wordcamp.org\/2019\/entradas\/\" class=\"more-link\">Continuar leyendo<span class=\"screen-reader-text\"> \u00abEntradas WordCamp Valencia 2019\u00bb<\/span><\/a><\/p>\n","protected":false},"author":31259,"featured_media":0,"parent":0,"menu_order":0,"comment_status":"closed","ping_status":"closed","template":"","meta":{"_crdt_document":"","jetpack_post_was_ever_published":false,"footnotes":""},"class_list":["post-13","page","type-page","status-publish","hentry"],"jetpack_sharing_enabled":true,"jetpack_shortlink":"https:\/\/wp.me\/PaMxYZ-d","_links":{"self":[{"href":"https:\/\/valencia.wordcamp.org\/2019\/wp-json\/wp\/v2\/pages\/13","targetHints":{"allow":["GET"]}}],"collection":[{"href":"https:\/\/valencia.wordcamp.org\/2019\/wp-json\/wp\/v2\/pages"}],"about":[{"href":"https:\/\/valencia.wordcamp.org\/2019\/wp-json\/wp\/v2\/types\/page"}],"author":[{"embeddable":true,"href":"https:\/\/valencia.wordcamp.org\/2019\/wp-json\/wp\/v2\/users\/31259"}],"replies":[{"embeddable":true,"href":"https:\/\/valencia.wordcamp.org\/2019\/wp-json\/wp\/v2\/comments?post=13"}],"version-history":[{"count":16,"href":"https:\/\/valencia.wordcamp.org\/2019\/wp-json\/wp\/v2\/pages\/13\/revisions"}],"predecessor-version":[{"id":3289,"href":"https:\/\/valencia.wordcamp.org\/2019\/wp-json\/wp\/v2\/pages\/13\/revisions\/3289"}],"wp:attachment":[{"href":"https:\/\/valencia.wordcamp.org\/2019\/wp-json\/wp\/v2\/media?parent=13"}],"curies":[{"name":"wp","href":"https:\/\/api.w.org\/{rel}","templated":true}]}}