{"id":19,"date":"2019-03-04T21:52:18","date_gmt":"2019-03-04T20:52:18","guid":{"rendered":"https:\/\/2019.valencia.wordcamp.org\/code-of-conduct\/"},"modified":"2019-06-07T10:30:42","modified_gmt":"2019-06-07T08:30:42","slug":"code-of-conduct","status":"publish","type":"page","link":"https:\/\/valencia.wordcamp.org\/2019\/code-of-conduct\/","title":{"rendered":"C\u00f3digo de Conducta"},"content":{"rendered":"\n<ol class=\"wp-block-list\"><li>     <h3>Prop\u00f3sito<\/h3>     <p><strong>WordCamp Valencia<\/strong>, cree firmemente que nuestra comunidad debe estar abierta para todas las personas. Como tal, la organizaci\u00f3n est\u00e1 comprometida a proporcionar un <strong>entorno amigable, seguro y acogedor<\/strong> para las personas que asistan, independientemente del g\u00e9nero, la orientaci\u00f3n sexual, la discapacidad, el origen \u00e9tnico, la religi\u00f3n, el sistema operativo preferido, el lenguaje de programaci\u00f3n o el editor de texto.     <\/p>     <p>Este c\u00f3digo de conducta describe nuestras expectativas para el comportamiento de las personas que van a participar en la WordCamp, as\u00ed como las medidas que se adoptaran ante un comportamiento inaceptable.<\/p>     <p>Invitamos a toda la comunidad: patrocinadores, voluntarios, ponentes, asistentes y a otras personas que participen, a que ayuden a la organizaci\u00f3n a disfrutar de una WordCamp segura y positiva para todas las personas que participen. <\/p>   <\/li><li>     <h3>Ciudadan\u00eda Open Source<\/h3>     <p>Un objetivo adicional de este c\u00f3digo de conducta es <strong>incrementar la ciudadan\u00eda de c\u00f3digo abierto <\/strong>alentando a los participantes de la WordCamp a reconocer y fortalecer las relaciones entre lo que hacemos y la comunidad en general.<\/p>     <p>Para conseguir este objetivo, los organizadores de WordCamp Valencia recoger\u00e1n candidaturas de ciudadanas y ciudadanos ejemplares a lo largo de todo el evento y reconocer\u00e1n participantes seleccionados despu\u00e9s de la conferencia en la p\u00e1gina web.     <\/p>     <p>Si ves a alguna persona que est\u00e1 haciendo un esfuerzo extra para asegurar que nuestra comunidad resulte acogedora, amable, y que anime a todos los participantes a contribuir en la mayor medida posible, lo queremos saber.       Puedes nominar a alguien en la mesa de registro o dici\u00e9ndolo a cualquier persona del equipo de organizaci\u00f3n.     <\/p>   <\/li><li>     <h3>Comportamiento esperado<\/h3>     <ul><li>Ser considerado, respetuoso y colaborativo.<\/li><li>Abstenerse de comportamiento degradante, discriminatorio o de acoso y el habla.<\/li><li>Ser consciente del entorno y de tus compa\u00f1eros participantes. Alerta a los organizadores si observas una situaci\u00f3n peligrosa o alguien en apuros.<\/li><li>Participa de una manera aut\u00e9ntica y activa. Al hacerlo, est\u00e1s ayudando a que WordCamp Valencia sea una realidad.<br>          <br><\/li><\/ul><\/li><li>     <h3>Comportamiento inaceptable<\/h3>     <p>Como comportamientos inaceptables se incluyen: intimidatorio, acosador, abusivo, conducta discriminatoria, despectiva o degradante por cualquier asistente de WordCamp Valencia y eventos relacionados.<\/p>El <strong>acoso incluye<\/strong>: comentarios verbales ofensivos relacionados con el g\u00e9nero, la orientaci\u00f3n sexual, la raza, la religi\u00f3n, la discapacidad; uso inadecuado de desnudez y\/o im\u00e1genes sexuales en espacios p\u00fablicos (incluyendo diapositivas de la presentaci\u00f3n); intimidaci\u00f3n deliberada, acecho o acosar con fotograf\u00eda o grabaci\u00f3n; interrupci\u00f3n sostenida de charlas y otros eventos; contacto f\u00edsico inapropiado y el acoso sexual. El <strong>espacio<\/strong> donde se realiza WordCamp Valencia es un lugar emblem\u00e1tico y es compartido con otros visitantes; por favor, se respetuoso con todos los visitantes de este lugar y con el propio entorno.   <br><br> <\/li><li>     <h3>Consecuencias de un comportamiento inaceptable<\/h3>     <p>Ninguna persona que participe en la WordCamp Valencia: asistentes, organizadores, personal del sitio, patrocinadores, patronos y colaborabores, consentir\u00e1n comporatamientos inaceptables<\/p>     <p>Esperamos que cuando a una persona se le comunique una conducta inapropiada, esta cese autom\u00e1ticamente su actitud incorrecta.<\/p>     <p>Si una persona se involucra en una conducta inaceptable, los organizadores de la WordCamp Valencia pueden tomar cualquier decisi\u00f3n que consideren apropiada, inclusive la expulsi\u00f3n de la conferencia sin previo aviso o reembolso.<\/p>   <\/li><li>     <h3>\u00bfQu\u00e9 hacer si eres testigo u objeto de un comportamiento inaceptable?<\/h3>     <p>Si est\u00e1s involucrado en un comportamiento inaceptable, eres testigo de otra persona con dicho comportamiento o tienes otras preocupaciones, por favor notif\u00edcalo a las personas que organizan la WordCamp Valencia tan pronto como sea posible.<\/p>     <p>El equipo de WordCampValencia estar\u00e1 disponible para ayudar a las personas participantes para ponerse en contacto con el servicio seguridad del evento o la polic\u00eda, y para ofrecer cualquier tipo de ayuda a aquellos que experimentan un comportamiento inaceptable.     <\/p>     <p>Durante el evento,  el equipo de organizaci\u00f3n y las personas voluntarias vestir\u00e1n con camisetas de diferente color que el resto de asistentes. Cualquier voluntario puede ponerte en contacto con un organizador de la conferencia. Tambi\u00e9n puedes venir a la mesa de inscripci\u00f3n en el vest\u00edbulo y preguntar por los organizadores.     <\/p>   <\/li><li>     <h3>Scope<\/h3>     <p>Esperamos que todos las personas qeu participen en la WordCamp (patrocinadores, voluntarios, ponentes, asistentes y otros invitados) cumplan con este c\u00f3digo de conducta en todas las salas de conferencia y eventos sociales relacionados con la WordCamp.<\/p>   <\/li><li>     <h3>Informaci\u00f3n de contacto<\/h3>     <p>Si necesitas contactar con el equipo organizador antes o despu\u00e9s de la WordCamp, puedes hacerlo a trav\u00e9s de esta p\u00e1gina. Durante la celebraci\u00f3n de la WordCamp puedes dirigirte a la mesa de informaci\u00f3n y te pondr\u00e1n en contacto con la persona responsable.     <\/p>   <\/li><li>     <h3>License And Attribution<\/h3>     <p>Este C\u00f3digo de Conducta es una copia directa del impresionante trabajo de la Open Source Bridge, adaptado con nuestra informaci\u00f3n del evento. El original est\u00e1 disponible en  <a href=\"http:\/\/opensourcebridge.org\/about\/code-of-conduct\/\">http:\/\/opensourcebridge.org\/about\/code-of-conduct\/<\/a> y est\u00e1 liberado bajo una licencia de <a href=\"http:\/\/creativecommons.org\/licenses\/by-sa\/3.0\/\">Creative Commons Attribution-ShareAlike.<\/a>     <\/p>   <\/li><\/ol>\n","protected":false},"excerpt":{"rendered":"<p>Prop\u00f3sito WordCamp Valencia, cree firmemente que nuestra comunidad debe estar abierta para todas las personas. Como tal, la organizaci\u00f3n est\u00e1 comprometida a proporcionar un entorno amigable, seguro y acogedor para las personas que asistan, independientemente del g\u00e9nero, la orientaci\u00f3n sexual, la discapacidad, el origen \u00e9tnico, la religi\u00f3n, el sistema operativo preferido, el lenguaje de programaci\u00f3n &hellip; <\/p>\n<p class=\"link-more\"><a href=\"https:\/\/valencia.wordcamp.org\/2019\/code-of-conduct\/\" class=\"more-link\">Continuar leyendo<span class=\"screen-reader-text\"> \u00abC\u00f3digo de Conducta\u00bb<\/span><\/a><\/p>\n","protected":false},"author":31259,"featured_media":0,"parent":0,"menu_order":8,"comment_status":"closed","ping_status":"closed","template":"","meta":{"_crdt_document":"","jetpack_post_was_ever_published":false,"footnotes":""},"class_list":["post-19","page","type-page","status-publish","hentry"],"jetpack_sharing_enabled":true,"jetpack_shortlink":"https:\/\/wp.me\/PaMxYZ-j","_links":{"self":[{"href":"https:\/\/valencia.wordcamp.org\/2019\/wp-json\/wp\/v2\/pages\/19","targetHints":{"allow":["GET"]}}],"collection":[{"href":"https:\/\/valencia.wordcamp.org\/2019\/wp-json\/wp\/v2\/pages"}],"about":[{"href":"https:\/\/valencia.wordcamp.org\/2019\/wp-json\/wp\/v2\/types\/page"}],"author":[{"embeddable":true,"href":"https:\/\/valencia.wordcamp.org\/2019\/wp-json\/wp\/v2\/users\/31259"}],"replies":[{"embeddable":true,"href":"https:\/\/valencia.wordcamp.org\/2019\/wp-json\/wp\/v2\/comments?post=19"}],"version-history":[{"count":3,"href":"https:\/\/valencia.wordcamp.org\/2019\/wp-json\/wp\/v2\/pages\/19\/revisions"}],"predecessor-version":[{"id":285,"href":"https:\/\/valencia.wordcamp.org\/2019\/wp-json\/wp\/v2\/pages\/19\/revisions\/285"}],"wp:attachment":[{"href":"https:\/\/valencia.wordcamp.org\/2019\/wp-json\/wp\/v2\/media?parent=19"}],"curies":[{"name":"wp","href":"https:\/\/api.w.org\/{rel}","templated":true}]}}