{"id":13,"date":"2022-06-22T19:59:05","date_gmt":"2022-06-22T17:59:05","guid":{"rendered":"https:\/\/valencia.wordcamp.org\/2022\/?page_id=13"},"modified":"2022-10-19T15:18:51","modified_gmt":"2022-10-19T13:18:51","slug":"venta-entradas","status":"publish","type":"page","link":"https:\/\/valencia.wordcamp.org\/2022\/venta-entradas\/","title":{"rendered":"Entradas"},"content":{"rendered":"\n<div class=\"wp-block-columns is-layout-flex wp-container-core-columns-is-layout-f5e77106 wp-block-columns-is-layout-flex\" style=\"padding-top:0px;padding-right:0px;padding-bottom:0px;padding-left:0px\">\n<div class=\"wp-block-column post-entradas-bloque-morado is-layout-flow wp-block-column-is-layout-flow\" style=\"flex-basis:80%\">\n<div class=\"wp-block-columns post-entradas-bloque-morado-texto has-background is-layout-flex wp-container-core-columns-is-layout-9d6595d7 wp-block-columns-is-layout-flex\" style=\"background-color:#8601ae\">\n<div class=\"wp-block-column is-layout-flow wp-block-column-is-layout-flow\" style=\"padding-right:20px;flex-basis:70%\">\n<h1 class=\"has-white-color has-text-color wp-block-heading\" style=\"font-style:normal;font-weight:600\">\u00a1Compra ya tus entradas!<\/h1>\n\n\n\n<p class=\"has-white-color has-text-color\" style=\"font-style:normal;font-weight:600\">Si tienes claro que quieres venir, no lo retrases, compra ya tus entradas porque este a\u00f1o tenemos un evento muy especial y no queremos que te lo pierdas.<\/p>\n\n\n\n<h2 class=\"has-white-color has-text-color wp-block-heading\" style=\"font-style:normal;font-weight:600\">\u00bfQu\u00e9 incluye la entrada a la WCVLC 2022?<\/h2>\n\n\n\n<p class=\"has-white-color has-text-color\" style=\"font-style:normal;font-weight:600\">La entrada da acceso a todas la actividades los d\u00edas 21 y 22 de octubre: por un lado, las conferencias del s\u00e1bado (que detallaremos en el programa) y, por otro, el D\u00eda de la Comunidad o Contributor day, el viernes anterior.<\/p>\n\n\n\n<p class=\"has-white-color has-text-color\" style=\"font-style:normal;font-weight:600\">Est\u00e1n incluidas las comidas durante el evento, tanto el viernes como el s\u00e1bado, y durante todo el d\u00eda tendr\u00e1s a tu disposici\u00f3n caf\u00e9s, fruta, zumos y cositas para picar (famoso el catering de 2019 por maravilloso y este 2022 repetimos por algo\u2026)<\/p>\n\n\n\n<p class=\"has-white-color has-text-color\" style=\"font-style:normal;font-weight:600\">Tambi\u00e9n te permitir\u00e1n acudir a la after party del s\u00e1bado por la noche, donde podr\u00e1s tomar algo, cenar y relacionarte con otros asistentes al evento y hacer, lo que nosotros llamamos comunidad.<\/p>\n\n\n\n<p class=\"has-white-color has-text-color\" style=\"font-style:normal;font-weight:600\">Adem\u00e1s, recibir\u00e1s una camiseta conmemorativa de la WordCamp Valencia 2022 (elige tu talla al comprar la entrada), una acreditaci\u00f3n personalizada\u2026 \u00a1Y algunos regalitos m\u00e1s!.<\/p>\n<\/div>\n\n\n\n<div class=\"wp-block-column is-vertically-aligned-bottom col-morada-venta-entradas boton-index is-layout-flow wp-block-column-is-layout-flow\" style=\"flex-basis:30%\">\n<div class=\"wp-block-buttons is-content-justification-center is-layout-flex wp-container-core-buttons-is-layout-16018d1d wp-block-buttons-is-layout-flex\">\n<div class=\"wp-block-button boton-blanco\"><a class=\"wp-block-button__link has-black-color has-white-background-color has-text-color has-background wp-element-button\" href=\"#comprar-entradas\" style=\"padding-top:10px;padding-right:30px;padding-bottom:10px;padding-left:30px\">Comprar<\/a><\/div>\n<\/div>\n<\/div>\n<\/div>\n<\/div>\n\n\n\n<div class=\"wp-block-column col-imagen-venta-entradas is-layout-flow wp-block-column-is-layout-flow\" style=\"flex-basis:20%\">\n<figure class=\"wp-block-image size-large is-resized post-entradas-bloque-morado-imagen\"><img loading=\"lazy\" decoding=\"async\" src=\"https:\/\/valencia.wordcamp.org\/2022\/files\/2022\/08\/Comprar-entradas-WCVLC-1024x1024.png\" alt=\"\" class=\"wp-image-3207\" width=\"700\" height=\"700\" srcset=\"https:\/\/valencia.wordcamp.org\/2022\/files\/2022\/08\/Comprar-entradas-WCVLC-1024x1024.png 1024w, https:\/\/valencia.wordcamp.org\/2022\/files\/2022\/08\/Comprar-entradas-WCVLC-300x300.png 300w, https:\/\/valencia.wordcamp.org\/2022\/files\/2022\/08\/Comprar-entradas-WCVLC-150x150.png 150w, https:\/\/valencia.wordcamp.org\/2022\/files\/2022\/08\/Comprar-entradas-WCVLC-768x768.png 768w, https:\/\/valencia.wordcamp.org\/2022\/files\/2022\/08\/Comprar-entradas-WCVLC.png 1200w\" sizes=\"auto, (max-width: 700px) 100vw, 700px\" \/><\/figure>\n<\/div>\n<\/div>\n\n\n\n<div class=\"wp-block-columns is-layout-flex wp-container-core-columns-is-layout-9d6595d7 wp-block-columns-is-layout-flex\">\n<div class=\"wp-block-column post-entradas-titulo-tipos is-layout-flow wp-block-column-is-layout-flow\">\n<h2 class=\"wp-block-heading\">Tipos de entradas<\/h2>\n<\/div>\n<\/div>\n\n\n\n<div class=\"wp-block-columns post-entradas-bloque-ttipos-cols is-layout-flex wp-container-core-columns-is-layout-9d6595d7 wp-block-columns-is-layout-flex\">\n<div class=\"wp-block-column post-entradas-bloque-tipos-col-izq is-layout-flow wp-block-column-is-layout-flow\" style=\"flex-basis:50%\">\n<ul class=\"wp-block-list\"><li><strong>Entradas Asistentes <\/strong>WordCamp Valencia, 25\u20ac<\/li><\/ul>\n\n\n\n<p>Acceso a todas las charlas y talleres del s\u00e1bado, acceso al D\u00eda de la Comunidad del viernes y otras actividades que estamos planeando para esa semanita, as\u00ed como comidas, caf\u00e9s y alguna sorpresa m\u00e1s.<\/p>\n\n\n\n<ul class=\"wp-block-list\"><li><strong>Entrada Micropatricinador <\/strong>(categor\u00eda <em>Orxata i fartons pa to lo m\u00f3n<\/em>). 100\u20ac<\/li><\/ul>\n\n\n\n<p>D\u00e9jate ver y ayudanos a hacer una WCVLC mejor, adem\u00e1s llevar\u00e1s tu distintivo: <em>A\u00e7\u00f2 ho pague jo!<\/em><\/p>\n\n\n\n<ul class=\"wp-block-list\"><li><strong>Entrada Voluntario.<\/strong><\/li><\/ul>\n\n\n\n<p>No compres a\u00fan tu entrada. Post\u00falate en cuanto salga la <strong>llamada a Voluntarios<\/strong>!. Si resultas seleccionado, la asistencia ser\u00e1 gratis para ti.<\/p>\n\n\n\n<ul class=\"wp-block-list\"><li><strong>Entrada Patrocinador.<\/strong><\/li><\/ul>\n\n\n\n<p>No compres a\u00fan tu entrada. Post\u00falate en cuanto salga la <strong>Llamada a Patrocinadores<\/strong>!. Si resultas seleccionado, la asistencia ser\u00e1 gratis para ti.<\/p>\n<\/div>\n\n\n\n<div class=\"wp-block-column has-white-background-color has-background is-layout-flow wp-block-column-is-layout-flow\" style=\"flex-basis:50%\">\n<div class=\"wp-block-columns is-layout-flex wp-container-core-columns-is-layout-9d6595d7 wp-block-columns-is-layout-flex\">\n<div class=\"wp-block-column is-vertically-aligned-center is-layout-flow wp-block-column-is-layout-flow\" style=\"flex-basis:60%\">\n<h3 class=\"wp-block-heading\" style=\"font-size:34px\">Micropatrocinio: Orxata i Fartons pa to lo m\u00f3n (100\u20ac)<\/h3>\n<\/div>\n\n\n\n<div class=\"wp-block-column is-layout-flow wp-block-column-is-layout-flow\" style=\"flex-basis:40%\"><div class=\"wp-block-image logo-bunyol\">\n<figure class=\"aligncenter size-full is-resized\"><img loading=\"lazy\" decoding=\"async\" src=\"https:\/\/valencia.wordcamp.org\/2022\/files\/2022\/08\/Orxata-i-Fartons-WCVLC-2022.jpeg\" alt=\"Patrocinio Orxata i Fartons WCVLC 2022\" class=\"wp-image-5413\" width=\"200\" height=\"200\" srcset=\"https:\/\/valencia.wordcamp.org\/2022\/files\/2022\/08\/Orxata-i-Fartons-WCVLC-2022.jpeg 800w, https:\/\/valencia.wordcamp.org\/2022\/files\/2022\/08\/Orxata-i-Fartons-WCVLC-2022-300x300.jpeg 300w, https:\/\/valencia.wordcamp.org\/2022\/files\/2022\/08\/Orxata-i-Fartons-WCVLC-2022-150x150.jpeg 150w, https:\/\/valencia.wordcamp.org\/2022\/files\/2022\/08\/Orxata-i-Fartons-WCVLC-2022-768x768.jpeg 768w\" sizes=\"auto, (max-width: 200px) 100vw, 200px\" \/><\/figure>\n<\/div><\/div>\n<\/div>\n\n\n\n<p><strong>C<\/strong>on este nivel de patrocinio todos podemos ser Patrocinadores de WordCamp Val\u00e8ncia!<\/p>\n\n\n\n<h4 class=\"wp-block-heading\">Beneficios<\/h4>\n\n\n\n<ul class=\"wp-block-list\"><li>Aparecer\u00e1 tu\u00a0<strong>logo en<\/strong> la web en la secci\u00f3n de patrocinadores.<\/li><li>Recibir\u00e1s <strong>1 entrada<\/strong> <strong>gratuita<\/strong> para la WordCamp Val\u00e8ncia<\/li><li>Haremos<strong>\u00a0una menci\u00f3n\u00a0especial<\/strong> a trav\u00e9s de nuestras redes.<\/li><li>Llevar\u00e1s tu distintivo: <em>A\u00e7\u00f2 ho pague jo!<\/em><\/li><\/ul>\n<\/div>\n<\/div>\n\n\n\n<div class=\"wp-block-columns is-layout-flex wp-container-core-columns-is-layout-9d6595d7 wp-block-columns-is-layout-flex\">\n<div class=\"wp-block-column is-vertically-aligned-center pag-entradas-bloque-important-izq is-layout-flow wp-block-column-is-layout-flow\" style=\"flex-basis:45%\">\n<h2 class=\"wp-block-heading\">IMPORTANTE:<\/h2>\n\n\n\n<h3 class=\"wp-block-heading\">Lee esto antes de comprar tu entrada<\/h3>\n\n\n\n<ul class=\"wp-block-list\">\n<li>Utilizamos el sistema Gravatar para mostrar la foto o avatar de los asistentes en la p\u00e1gina de asistentes. Si quieres que tu foto aparezca en el listado y en tu acreditaci\u00f3n personalizada, basta con crear una cuenta y asignarle tu avatar o foto al correo electr\u00f3nico que utilizar\u00e1s para adquirir tu entrada.<\/li>\n<\/ul>\n\n\n\n<ul class=\"wp-block-list\">\n<li>AUTORIZACI\u00d3N: Por el bien de la comunidad y con fines de promoci\u00f3n, habr\u00e1 voluntarios y\/o fot\u00f3grafos profesionales en la WordCamp Valencia 2022. Al acudir al evento autorizas la utilizaci\u00f3n de tu imagen si apareces en fotos o v\u00eddeos que se puedan tomar que muestren tu participaci\u00f3n en la WordCamp.<\/li>\n<\/ul>\n\n\n\n<p><\/p>\n<\/div>\n\n\n\n<div class=\"wp-block-column pag-entradas-bloque-important-der is-layout-flow wp-block-column-is-layout-flow\" style=\"flex-basis:55%\" id=\"comprar-entradas\">\n<div class=\"wp-block-columns bloque-camptix-entradas is-layout-flex wp-container-core-columns-is-layout-9d6595d7 wp-block-columns-is-layout-flex\">\n<div class=\"wp-block-column is-layout-flow wp-block-column-is-layout-flow\">\n<h2 class=\"has-text-align-center wp-block-heading\"><strong>\u00a1Entradas agotadas!<\/strong><\/h2>\n<\/div>\n<\/div>\n<\/div>\n<\/div>\n","protected":false},"excerpt":{"rendered":"<p>IMPORTANTE: Lee esto antes de comprar tu entrada \u00a1Entradas agotadas!<\/p>\n","protected":false},"author":16530069,"featured_media":959,"parent":0,"menu_order":2,"comment_status":"closed","ping_status":"closed","template":"","meta":{"jetpack_post_was_ever_published":false,"footnotes":""},"class_list":["post-13","page","type-page","status-publish","has-post-thumbnail","hentry","entry"],"jetpack_sharing_enabled":true,"_links":{"self":[{"href":"https:\/\/valencia.wordcamp.org\/2022\/wp-json\/wp\/v2\/pages\/13","targetHints":{"allow":["GET"]}}],"collection":[{"href":"https:\/\/valencia.wordcamp.org\/2022\/wp-json\/wp\/v2\/pages"}],"about":[{"href":"https:\/\/valencia.wordcamp.org\/2022\/wp-json\/wp\/v2\/types\/page"}],"author":[{"embeddable":true,"href":"https:\/\/valencia.wordcamp.org\/2022\/wp-json\/wp\/v2\/users\/16530069"}],"replies":[{"embeddable":true,"href":"https:\/\/valencia.wordcamp.org\/2022\/wp-json\/wp\/v2\/comments?post=13"}],"version-history":[{"count":55,"href":"https:\/\/valencia.wordcamp.org\/2022\/wp-json\/wp\/v2\/pages\/13\/revisions"}],"predecessor-version":[{"id":8718,"href":"https:\/\/valencia.wordcamp.org\/2022\/wp-json\/wp\/v2\/pages\/13\/revisions\/8718"}],"wp:featuredmedia":[{"embeddable":true,"href":"https:\/\/valencia.wordcamp.org\/2022\/wp-json\/wp\/v2\/media\/959"}],"wp:attachment":[{"href":"https:\/\/valencia.wordcamp.org\/2022\/wp-json\/wp\/v2\/media?parent=13"}],"curies":[{"name":"wp","href":"https:\/\/api.w.org\/{rel}","templated":true}]}}