{"id":21,"date":"2022-06-22T19:59:05","date_gmt":"2022-06-22T17:59:05","guid":{"rendered":"https:\/\/valencia.wordcamp.org\/2022\/code-of-conduct\/"},"modified":"2022-08-26T18:29:45","modified_gmt":"2022-08-26T16:29:45","slug":"codigo-de-conducta","status":"publish","type":"page","link":"https:\/\/valencia.wordcamp.org\/2022\/codigo-de-conducta\/","title":{"rendered":"C\u00f3digo de conducta"},"content":{"rendered":"\n<div class=\"wp-block-columns is-layout-flex wp-container-core-columns-is-layout-f04406be wp-block-columns-is-layout-flex\" style=\"padding-right:20%;padding-left:20%\">\n<div class=\"wp-block-column is-layout-flow wp-block-column-is-layout-flow\">\n<h3 class=\"wp-block-heading\">1. Prop\u00f3sito<\/h3>\n\n\n\n<p>En WordCamp Valencia creemos en una&nbsp;<strong>comunidad abierta&nbsp;a todo el mundo<\/strong>. Como tal, estamos comprometidos a proporcionar un<strong>&nbsp;ambiente amigable, seguro y acogedor<\/strong>&nbsp;para todos independientemente de su sexo, orientaci\u00f3n sexual, discapacidad, etnia, religi\u00f3n, sistema operativo preferido, lenguaje de programaci\u00f3n o editor de texto.<\/p>\n\n\n\n<p>Este c\u00f3digo de conducta resume nuestras expectativas para el&nbsp;<strong>comportamiento de los participantes<\/strong>, as\u00ed como las consecuencias para el comportamiento inaceptable.<\/p>\n\n\n\n<p>Invitamos a todos los patrocinadores, voluntarios, ponentes, asistentes y dem\u00e1s participantes a que nos ayuden a conseguir una experiencia de evento segura y positiva para todos.<\/p>\n\n\n\n<h3 class=\"wp-block-heading\">2. Comportamiento esperado<\/h3>\n\n\n\n<ul class=\"wp-block-list\"><li>Ser considerado, respetuoso y colaborativo.<\/li><li>Abstenerse de comportamiento degradante, discriminatorio o de acoso.<\/li><li>Ser consciente del entorno y de tus compa\u00f1eros participantes. Alerta a los organizadores si observas una situaci\u00f3n peligrosa o alguien en apuros.<\/li><li>Participa de una manera aut\u00e9ntica y activa. Al hacerlo, est\u00e1s ayudando a que&nbsp;<em>WordCamp Valencia<\/em><strong>&nbsp;<\/strong>sea todav\u00eda mejor.<\/li><\/ul>\n\n\n\n<h3 class=\"wp-block-heading\">3. Comportamiento inaceptable<\/h3>\n\n\n\n<p>Los comportamientos inaceptables incluyen: conducta intimidatoria, acosadora, abusiva, discriminatoria, despectiva o degradante por parte de los asistentes a <strong>WordCamp Valencia<\/strong> y eventos relacionados. Todos los lugares de WordCamp Valencia pueden ser compartidos con miembros del p\u00fablico; <strong>por favor, se respetuoso con todo el mundo.<\/strong><\/p>\n\n\n\n<p>El acoso incluye: comentarios verbales ofensivos relacionados con el g\u00e9nero, la orientaci\u00f3n sexual, la raza, la religi\u00f3n, la discapacidad, la intimidaci\u00f3n, el acoso o el seguimiento deliberados, la fotograf\u00eda o grabaci\u00f3n acosadoras, la interrupci\u00f3n sostenida de charlas u otros eventos, el contacto f\u00edsico inapropiado, etc.<\/p>\n\n\n\n<h3 class=\"wp-block-heading\">4. Consecuencias de un comportamiento inaceptable<\/h3>\n\n\n\n<p>No se tolerar\u00e1 un comportamiento inaceptable, ya sea por parte de otros asistentes, organizadores, personal de la sede, patrocinadores, etc. de <strong>WordCamp Valencia<\/strong>.<\/p>\n\n\n\n<p>Se espera que cualquier persona a la que se le pida que deje de tener un comportamiento inaceptable lo cumpla inmediatamente.<\/p>\n\n\n\n<p>Si un participante tiene un comportamiento inaceptable, los organizadores  pueden tomar cualquier acci\u00f3n que consideren apropiada, hasta e incluyendo la expulsi\u00f3n de la conferencia sin advertencia o reembolso.<\/p>\n\n\n\n<h3 class=\"wp-block-heading\">5. Qu\u00e9 hacer si eres testigo u objeto de un comportamiento inaceptable<\/h3>\n\n\n\n<p>Si eres objeto de un comportamiento inaceptable, notas que otra persona est\u00e1 siendo objeto de un comportamiento inaceptable, o tienes cualquier otra preocupaci\u00f3n, por favor d\u00edselo a un organizador o voluntario tan pronto como sea posible.<\/p>\n\n\n\n<p>El equipo estar\u00e1 disponible para ayudar a los participantes a ponerse en contacto con la seguridad del recinto o con las fuerzas del orden locales si fuera necesario. No permitamos estas cosas dentro de nuestra comunidad.<\/p>\n\n\n\n<h3 class=\"wp-block-heading\">6. Informaci\u00f3n de contacto<\/h3>\n\n\n\n<p>Cualquier voluntario o asistente puede ponerse en contacto con la organizaci\u00f3n desde&nbsp;<a rel=\"noreferrer noopener\" href=\"\/contacto\/\" target=\"_blank\">nuestra p\u00e1gina de contacto.<\/a> Si nos necesitas durante el evento encu\u00e9ntranos por el color de nuestras camisetas!<\/p>\n\n\n\n<h3 class=\"wp-block-heading\">7. Licencia y atribuci\u00f3n<\/h3>\n\n\n\n<p>Este C\u00f3digo de Conducta es una copia directa del impresionante trabajo de la Open Source Bridge, pero reemplazando la informaci\u00f3n con la de nuestro evento. El original, publicado en http:\/\/opensourcebridge.org\/about\/code-of-conduct\/, puede verse&nbsp;<a href=\"https:\/\/web.archive.org\/web\/20191024152904\/opensourcebridge.org\/about\/code-of-conduct\/\">en esta imagen de archivo<\/a>, y fue liberado bajo una licencia de&nbsp;<strong><a href=\"https:\/\/creativecommons.org\/licenses\/by-sa\/3.0\/deed.es\">Creative Commons Attribution-ShareAlike<\/a><\/strong>.<\/p>\n<\/div>\n<\/div>\n","protected":false},"excerpt":{"rendered":"<p>1. Prop\u00f3sito En WordCamp Valencia creemos en una&nbsp;comunidad abierta&nbsp;a todo el mundo. Como tal, estamos comprometidos a proporcionar un&nbsp;ambiente amigable, seguro y acogedor&nbsp;para todos independientemente de su sexo, orientaci\u00f3n sexual, discapacidad, etnia, religi\u00f3n, sistema operativo preferido, lenguaje de programaci\u00f3n o editor de texto. Este c\u00f3digo de conducta resume nuestras expectativas para el&nbsp;comportamiento de los participantes,&hellip; <a class=\"more-link\" href=\"https:\/\/valencia.wordcamp.org\/2022\/codigo-de-conducta\/\">Seguir leyendo <span class=\"screen-reader-text\">C\u00f3digo de conducta<\/span><\/a><\/p>\n","protected":false},"author":16236779,"featured_media":0,"parent":0,"menu_order":7,"comment_status":"closed","ping_status":"closed","template":"","meta":{"jetpack_post_was_ever_published":false,"footnotes":""},"class_list":["post-21","page","type-page","status-publish","hentry","entry"],"jetpack_sharing_enabled":true,"_links":{"self":[{"href":"https:\/\/valencia.wordcamp.org\/2022\/wp-json\/wp\/v2\/pages\/21","targetHints":{"allow":["GET"]}}],"collection":[{"href":"https:\/\/valencia.wordcamp.org\/2022\/wp-json\/wp\/v2\/pages"}],"about":[{"href":"https:\/\/valencia.wordcamp.org\/2022\/wp-json\/wp\/v2\/types\/page"}],"author":[{"embeddable":true,"href":"https:\/\/valencia.wordcamp.org\/2022\/wp-json\/wp\/v2\/users\/16236779"}],"replies":[{"embeddable":true,"href":"https:\/\/valencia.wordcamp.org\/2022\/wp-json\/wp\/v2\/comments?post=21"}],"version-history":[{"count":28,"href":"https:\/\/valencia.wordcamp.org\/2022\/wp-json\/wp\/v2\/pages\/21\/revisions"}],"predecessor-version":[{"id":4127,"href":"https:\/\/valencia.wordcamp.org\/2022\/wp-json\/wp\/v2\/pages\/21\/revisions\/4127"}],"wp:attachment":[{"href":"https:\/\/valencia.wordcamp.org\/2022\/wp-json\/wp\/v2\/media?parent=21"}],"curies":[{"name":"wp","href":"https:\/\/api.w.org\/{rel}","templated":true}]}}