{"id":3906,"date":"2022-09-20T10:32:44","date_gmt":"2022-09-20T08:32:44","guid":{"rendered":"https:\/\/valencia.wordcamp.org\/2022\/?page_id=3906"},"modified":"2022-09-30T13:43:55","modified_gmt":"2022-09-30T11:43:55","slug":"contributor-day-responsables-de-mesa","status":"publish","type":"page","link":"https:\/\/valencia.wordcamp.org\/2022\/contributor-day-responsables-de-mesa\/","title":{"rendered":"Contributor Day: responsables de mesa"},"content":{"rendered":"\n<div class=\"wp-block-columns responsables-bloque-general is-layout-flex wp-container-core-columns-is-layout-9d6595d7 wp-block-columns-is-layout-flex\">\n<div class=\"wp-block-column is-layout-flow wp-block-column-is-layout-flow\">\n<h2 class=\"wp-block-heading\">Quiero liderar una mesa del Contributor Day<\/h2>\n\n\n\n<p>Si quieres ser el responsable de una de las mesas del Contributor Day, por favor, h\u00e1znoslo saber en el siguiente formulario hasta el d\u00eda 26 de septiembre de 2022. A partir del d\u00eda 1 de octubre nos pondremos en contacto con todos los que os hay\u00e1is interesado en liderar una mesa para organizarlas.<\/p>\n\n\n\n<h3 class=\"has-text-align-center has-background wp-block-heading\" style=\"background-color:#fefe33\">Plazo de presentaci\u00f3n finalizado<\/h3>\n<\/div>\n<\/div>\n","protected":false},"excerpt":{"rendered":"<p>Quiero liderar una mesa del Contributor Day Si quieres ser el responsable de una de las mesas del Contributor Day, por favor, h\u00e1znoslo saber en el siguiente formulario hasta el d\u00eda 26 de septiembre de 2022. A partir del d\u00eda 1 de octubre nos pondremos en contacto con todos los que os hay\u00e1is interesado en&hellip; <a class=\"more-link\" href=\"https:\/\/valencia.wordcamp.org\/2022\/contributor-day-responsables-de-mesa\/\">Seguir leyendo <span class=\"screen-reader-text\">Contributor Day: responsables de mesa<\/span><\/a><\/p>\n","protected":false},"author":9330583,"featured_media":6638,"parent":0,"menu_order":0,"comment_status":"closed","ping_status":"closed","template":"","meta":{"jetpack_post_was_ever_published":false,"footnotes":""},"class_list":["post-3906","page","type-page","status-publish","has-post-thumbnail","hentry","entry"],"jetpack_sharing_enabled":true,"_links":{"self":[{"href":"https:\/\/valencia.wordcamp.org\/2022\/wp-json\/wp\/v2\/pages\/3906","targetHints":{"allow":["GET"]}}],"collection":[{"href":"https:\/\/valencia.wordcamp.org\/2022\/wp-json\/wp\/v2\/pages"}],"about":[{"href":"https:\/\/valencia.wordcamp.org\/2022\/wp-json\/wp\/v2\/types\/page"}],"author":[{"embeddable":true,"href":"https:\/\/valencia.wordcamp.org\/2022\/wp-json\/wp\/v2\/users\/9330583"}],"replies":[{"embeddable":true,"href":"https:\/\/valencia.wordcamp.org\/2022\/wp-json\/wp\/v2\/comments?post=3906"}],"version-history":[{"count":9,"href":"https:\/\/valencia.wordcamp.org\/2022\/wp-json\/wp\/v2\/pages\/3906\/revisions"}],"predecessor-version":[{"id":7394,"href":"https:\/\/valencia.wordcamp.org\/2022\/wp-json\/wp\/v2\/pages\/3906\/revisions\/7394"}],"wp:featuredmedia":[{"embeddable":true,"href":"https:\/\/valencia.wordcamp.org\/2022\/wp-json\/wp\/v2\/media\/6638"}],"wp:attachment":[{"href":"https:\/\/valencia.wordcamp.org\/2022\/wp-json\/wp\/v2\/media?parent=3906"}],"curies":[{"name":"wp","href":"https:\/\/api.w.org\/{rel}","templated":true}]}}