{"id":7492,"date":"2022-10-03T19:28:04","date_gmt":"2022-10-03T17:28:04","guid":{"rendered":"https:\/\/valencia.wordcamp.org\/2022\/?page_id=7492"},"modified":"2022-10-24T20:49:36","modified_gmt":"2022-10-24T18:49:36","slug":"contributor-day","status":"publish","type":"page","link":"https:\/\/valencia.wordcamp.org\/2022\/contributor-day\/","title":{"rendered":"Contributor Day"},"content":{"rendered":"\n<div class=\"wp-block-group contributor-day\"><div class=\"wp-block-group__inner-container is-layout-constrained wp-block-group-is-layout-constrained\">\n<div class=\"wp-block-columns is-layout-flex wp-container-core-columns-is-layout-089d53a9 wp-block-columns-is-layout-flex\" style=\"padding-top:30px;padding-bottom:30px\">\n<div class=\"wp-block-column is-vertically-aligned-center is-layout-flow wp-block-column-is-layout-flow\" style=\"flex-basis:55%\">\n<h2 class=\"wp-block-heading\" id=\"gracias-por-interesarte-por-el-dia-de-la-comunidad\">Gracias por interesarte por el D\u00eda de la Comunidad<\/h2>\n\n\n\n<p style=\"padding-bottom:20px\">Ya te hemos explicado <a href=\"https:\/\/valencia.wordcamp.org\/2022\/que-es-el-dia-de-la-comunidad\/\" data-type=\"URL\" data-id=\"https:\/\/valencia.wordcamp.org\/2022\/que-es-el-dia-de-la-comunidad\/\">qu\u00e9 es el D\u00eda de la Comunidad WordPress<\/a>, y <a href=\"https:\/\/valencia.wordcamp.org\/2022\/ven-preparado-al-community-day\/\" data-type=\"URL\" data-id=\"https:\/\/valencia.wordcamp.org\/2022\/ven-preparado-al-community-day\/\">qu\u00e9 es necesario para el D\u00eda de la Comunidad WordPress<\/a>.<\/p>\n\n\n\n<figure class=\"wp-block-pullquote has-text-align-center\"><blockquote><p>Ahora es el momento de saber qu\u00e9 vamos a hacer en este Contributor Day.<\/p><\/blockquote><\/figure>\n<\/div>\n\n\n\n<div class=\"wp-block-column is-layout-flow wp-block-column-is-layout-flow\" style=\"flex-basis:15%\"><\/div>\n\n\n\n<div class=\"wp-block-column is-vertically-aligned-center is-layout-flow wp-block-column-is-layout-flow\" style=\"flex-basis:30%\">\n<ol class=\"wp-block-list\">\n<li><a class=\"wp-block-table-of-contents__entry\" href=\"https:\/\/valencia.wordcamp.org\/2022\/contributor-day\/#cuando-y-donde\">Cu\u00e1ndo y d\u00f3nde<\/a><\/li>\n\n\n\n<li><a class=\"wp-block-table-of-contents__entry\" href=\"https:\/\/valencia.wordcamp.org\/2022\/contributor-day\/#agenda\">Agenda<\/a><\/li>\n\n\n\n<li><a class=\"wp-block-table-of-contents__entry\" href=\"https:\/\/valencia.wordcamp.org\/2022\/contributor-day\/#los-equipos\">Los equipos<\/a>\n<ol class=\"wp-block-list\" start=\"1\">\n<li><a class=\"wp-block-table-of-contents__entry\" href=\"https:\/\/valencia.wordcamp.org\/2022\/contributor-day\/#diseno\">Dise\u00f1o<\/a>\n<ol class=\"wp-block-list\">\n<li><a class=\"wp-block-table-of-contents__entry\" href=\"https:\/\/valencia.wordcamp.org\/2022\/contributor-day\/#objetivo\">Objetivo<\/a><\/li>\n\n\n\n<li><a class=\"wp-block-table-of-contents__entry\" href=\"https:\/\/valencia.wordcamp.org\/2022\/contributor-day\/#responsable\">Responsable<\/a><\/li>\n<\/ol>\n<\/li>\n\n\n\n<li><a class=\"wp-block-table-of-contents__entry\" href=\"https:\/\/valencia.wordcamp.org\/2022\/contributor-day\/#fotos\">Fotos<\/a>\n<ol class=\"wp-block-list\">\n<li><a href=\"https:\/\/valencia.wordcamp.org\/2022\/contributor-day\/#objetivo-fotos\">Objetivo<\/a><\/li>\n\n\n\n<li><a href=\"https:\/\/valencia.wordcamp.org\/2022\/contributor-day\/#responsable-fotos\">Responsable<\/a><\/li>\n<\/ol>\n<\/li>\n\n\n\n<li><a class=\"wp-block-table-of-contents__entry\" href=\"https:\/\/valencia.wordcamp.org\/2022\/contributor-day\/#video-tv\">V\u00eddeo (TV)<\/a>\n<ol class=\"wp-block-list\">\n<li><a href=\"https:\/\/valencia.wordcamp.org\/2022\/contributor-day\/#objetivo-video\">Objetivo<\/a><\/li>\n\n\n\n<li><a href=\"https:\/\/valencia.wordcamp.org\/2022\/contributor-day\/#responsable-video\">Responsable<\/a><\/li>\n<\/ol>\n<\/li>\n\n\n\n<li><a class=\"wp-block-table-of-contents__entry\" href=\"https:\/\/valencia.wordcamp.org\/2022\/contributor-day\/#soporte\">Soporte<\/a>\n<ol class=\"wp-block-list\">\n<li><a href=\"https:\/\/valencia.wordcamp.org\/2022\/contributor-day\/#objetivo-soporte\">Objetivo<\/a><\/li>\n\n\n\n<li><a href=\"https:\/\/valencia.wordcamp.org\/2022\/contributor-day\/#responsable-soporte\">Responsable<\/a><\/li>\n<\/ol>\n<\/li>\n\n\n\n<li><a class=\"wp-block-table-of-contents__entry\" href=\"https:\/\/valencia.wordcamp.org\/2022\/contributor-day\/#traducciones\">Traducciones<\/a>\n<ol class=\"wp-block-list\">\n<li><a href=\"https:\/\/valencia.wordcamp.org\/2022\/contributor-day\/#objetivo-traducciones\">Objetivo<\/a><\/li>\n\n\n\n<li><a href=\"https:\/\/valencia.wordcamp.org\/2022\/contributor-day\/#responsable-traducciones\">Responsable<\/a><\/li>\n<\/ol>\n<\/li>\n\n\n\n<li><a class=\"wp-block-table-of-contents__entry\" href=\"https:\/\/valencia.wordcamp.org\/2022\/contributor-day\/#hosting\">Hosting<\/a>\n<ol class=\"wp-block-list\">\n<li><a href=\"https:\/\/valencia.wordcamp.org\/2022\/contributor-day\/#objetivo-hosting\">Objetivo<\/a><\/li>\n\n\n\n<li><a href=\"https:\/\/valencia.wordcamp.org\/2022\/contributor-day\/#responsable-hosting\">Responsable<\/a><\/li>\n<\/ol>\n<\/li>\n\n\n\n<li><a href=\"https:\/\/valencia.wordcamp.org\/2022\/contributor-day\/#marketing\">Marketing<\/a>\n<ol class=\"wp-block-list\">\n<li><a href=\"https:\/\/valencia.wordcamp.org\/2022\/contributor-day\/#objetivo-marketing\">Objetivo<\/a><\/li>\n\n\n\n<li><a href=\"https:\/\/valencia.wordcamp.org\/2022\/contributor-day\/#responsable-marketing\">Responsable<\/a><\/li>\n<\/ol>\n<\/li>\n\n\n\n<li><a href=\"https:\/\/valencia.wordcamp.org\/2022\/contributor-day\/#comunidad\">Comunidad<\/a>\n<ol class=\"wp-block-list\">\n<li><a href=\"https:\/\/valencia.wordcamp.org\/2022\/contributor-day\/#objetivo-comunidad\">Objetivo<\/a><\/li>\n\n\n\n<li><a href=\"https:\/\/valencia.wordcamp.org\/2022\/contributor-day\/#responsable-comunidad\">Responsable<\/a><\/li>\n<\/ol>\n<\/li>\n<\/ol>\n<\/li>\n<\/ol>\n<\/div>\n<\/div>\n\n\n\n<h2 class=\"wp-block-heading\" id=\"cuando-y-donde\" style=\"padding-top:50px;padding-bottom:10px\">1. Cu\u00e1ndo y d\u00f3nde<\/h2>\n\n\n\n<p>Este a\u00f1o, la WordCamp Valencia y el d\u00eda de la comunidad se celebrar\u00e1 de nuevo en el Complejo Deportivo-Cultural \u201cLa Petxina\u201d<\/p>\n\n\n\n<ul class=\"wp-block-list\">\n<li>Fecha: 21 de octubre de 2022<\/li>\n\n\n\n<li>Horario: de 10:00 a 17:30<\/li>\n\n\n\n<li>Lugar: Cafeter\u00eda del <a rel=\"noreferrer noopener\" href=\"https:\/\/goo.gl\/maps\/wqKMiHVbkQqtNjse9\" target=\"_blank\">Complejo deportivo de la Petxina, 42 \u2013 46008 VALENCIA<\/a><\/li>\n<\/ul>\n\n\n\n<div style=\"height:40px\" aria-hidden=\"true\" class=\"wp-block-spacer\"><\/div>\n\n\n\n<h2 class=\"wp-block-heading\" id=\"agenda\" style=\"padding-top:30px;padding-bottom:10px\">2. Agenda<\/h2>\n\n\n\n<div class=\"wp-block-columns is-layout-flex wp-container-core-columns-is-layout-9d6595d7 wp-block-columns-is-layout-flex\">\n<div class=\"wp-block-column is-layout-flow wp-block-column-is-layout-flow\">\n<figure class=\"wp-block-table is-style-stripes\"><table><tbody><tr><td>10:00 &#8211; 10:15<\/td><td>Acreditaciones<\/td><\/tr><tr><td>10:15 &#8211; 10:45<\/td><td>Presentaciones<\/td><\/tr><tr><td>10:45 &#8211; 11:00<\/td><td>Caf\u00e9<\/td><\/tr><tr><td>11:00 &#8211; 14:00<\/td><td>Mesas de Comunidad<\/td><\/tr><tr><td>14:00 &#8211; 15:00<\/td><td>Comida<\/td><\/tr><tr><td>15:00 &#8211; 17:00<\/td><td>Mesas de Comunidad y Networking<\/td><\/tr><tr><td>17:00 &#8211; 17:15<\/td><td>Objetivos y despedida<\/td><\/tr><\/tbody><\/table><\/figure>\n<\/div>\n\n\n\n<div class=\"wp-block-column is-layout-flow wp-block-column-is-layout-flow\"><\/div>\n<\/div>\n\n\n\n<h2 class=\"wp-block-heading\" id=\"los-equipos\" style=\"padding-top:30px;padding-bottom:10px\">3. Los equipos<\/h2>\n\n\n\n<p>Vamos a tener 8 equipos de trabajo durante el Contributor Day. Adem\u00e1s, Nilo V\u00e9lez, nos contar\u00e1 lo que se hace en un Contributor day y Jes\u00fas Yesares nos hablara de las meetups de WordPress.<\/p>\n\n\n\n<h3 class=\"wp-block-heading\" id=\"diseno\" style=\"padding-top:30px;padding-bottom:10px\">Dise\u00f1o<\/h3>\n\n\n\n<p><a href=\"https:\/\/make.wordpress.org\/design\/\">make.wordpress.org\/design<\/a><\/p>\n\n\n\n<p>El equipo de Dise\u00f1o global de WordPress se encarga del dise\u00f1o UI\/UX de WordPress.<\/p>\n\n\n\n<p>Estamos en <a href=\"https:\/\/wordpress.slack.com\/archives\/C02S78ZAL\" data-type=\"URL\" data-id=\"https:\/\/wordpress.slack.com\/archives\/C02S78ZAL\" target=\"_blank\" rel=\"noreferrer noopener\">#design<\/a> de <a href=\"https:\/\/wordpress.slack.com\/\" data-type=\"URL\" data-id=\"https:\/\/wordpress.slack.com\/\" target=\"_blank\" rel=\"noreferrer noopener\">wordpress.slack.com<\/a>.<\/p>\n\n\n\n<h4 class=\"has-normal-font-size wp-block-heading\" id=\"objetivo\" style=\"padding-top:20px;padding-bottom:10px\">Objetivo<\/h4>\n\n\n\n<p>Conocer c\u00f3mo se contribuye al dise\u00f1o de WordPress:<\/p>\n\n\n\n<ul class=\"wp-block-list\">\n<li>El equipo en Make WordPress.<\/li>\n\n\n\n<li>Comunicaci\u00f3n en el canal de Slack.<\/li>\n\n\n\n<li>Creaci\u00f3n y gesti\u00f3n de issues en Github (para el proyecto Gutenberg).<\/li>\n\n\n\n<li>Creaci\u00f3n y triaje de tickets en Trac (para todo lo dem\u00e1s).<\/li>\n\n\n\n<li>C\u00f3mo dar feedback de dise\u00f1o.<\/li>\n\n\n\n<li>Equipo de WordPress en Figma (proyectos, archivos, librer\u00eda de componentes).<\/li>\n<\/ul>\n\n\n\n<p>Para realizar una contribuci\u00f3n al proyecto es necesario tener conocimientos de dise\u00f1o de producto y\/o conocer muy bien los patrones de dise\u00f1o de WordPress, adem\u00e1s de tener muy buen nivel de ingl\u00e9s.<\/p>\n\n\n\n<h4 class=\"has-normal-font-size wp-block-heading\" id=\"responsable\" style=\"padding-top:20px;padding-bottom:10px\">Responsable<\/h4>\n\n\n\n<p>Ana Cirujano (<a href=\"https:\/\/profiles.wordpress.org\/acirujano\/\" data-type=\"URL\" data-id=\"https:\/\/profiles.wordpress.org\/acirujano\/\" target=\"_blank\" rel=\"noreferrer noopener\">@acirujano<\/a>), dise\u00f1adora de negocio digital. Contribuyo al proyecto WordPress.org desde 2017.<\/p>\n\n\n\n<h3 class=\"wp-block-heading\" id=\"fotos\" style=\"padding-top:30px;padding-bottom:10px\">Fotos<\/h3>\n\n\n\n<p><a href=\"https:\/\/make.wordpress.org\/photos\/\">make.wordpress.org\/photos<\/a><\/p>\n\n\n\n<p>Fotos es el proyecto de la librer\u00eda multimedia libre y compartida de la comunidad WordPress. Los voluntarios colaboran enviando documentos a esta librer\u00eda para que sean clasificados y moderados.<\/p>\n\n\n\n<h4 class=\"has-normal-font-size wp-block-heading\" id=\"objetivo-fotos\" style=\"padding-top:20px;padding-bottom:10px\">Objetivo<\/h4>\n\n\n\n<p>Realizar todos los voluntarios un peque\u00f1o rally fotogr\u00e1fico sobre un tema concreto para remitir un paquete de im\u00e1genes a la cola de moderaci\u00f3n. Durante el proceso conoceremos en que consiste el procedimiento completo y las caracter\u00edsticas especiales que deben tener las im\u00e1genes para ser aprobadas.<\/p>\n\n\n\n<h4 class=\"has-normal-font-size wp-block-heading\" id=\"responsable-fotos\" style=\"padding-top:20px;padding-bottom:10px\">Responsable<\/h4>\n\n\n\n<p>Soy Pablo Moratinos (<a href=\"https:\/\/profiles.wordpress.org\/pablo-moratinos\/\" data-type=\"URL\" data-id=\"https:\/\/profiles.wordpress.org\/pablo-moratinos\/\" target=\"_blank\" rel=\"noreferrer noopener\">@pablo-moratinos<\/a>), uno de los moderadores del equipo global de TV y colaborador del equipo de Photo. Soy consultor de marketing y video-fot\u00f3grafo, lo que me llev\u00f3 a colaborar con estos equipos en concreto.<\/p>\n\n\n\n<h3 class=\"wp-block-heading\" id=\"video-tv\" style=\"padding-top:30px;padding-bottom:10px\">V\u00eddeo (TV)<\/h3>\n\n\n\n<p><a href=\"https:\/\/make.wordpress.org\/tv\/\">make.wordpress.org\/tv<\/a><\/p>\n\n\n\n<p>TV es el equipo responsable de la publicaci\u00f3n y documentaci\u00f3n de contenidos audiovisuales relacionados con el proyecto WordPress. Una forma de resumirlo es definirlo como el \u00abYouTube de WP\u00bb. En WPTV se publican todas las charlas de las WordCamp, muchas de las Meetup y cientos de tutoriales que son subidos, editados y procesados por voluntarios.<\/p>\n\n\n\n<h4 class=\"has-normal-font-size wp-block-heading\" id=\"objetivo-video\" style=\"padding-top:20px;padding-bottom:10px\">Objetivo<\/h4>\n\n\n\n<p>Conocer el procedimiento est\u00e1ndar: Revisar los v\u00eddeos pendientes de WCs, procesarlos y remitirlos a moderaci\u00f3n del equipo de TV. Dependiendo de la calidad de la conexi\u00f3n disponible (la \u00faltima vez ni siquiera hubo wifi), buscaremos un evento pendiente y trataremos de subirlo completo.<\/p>\n\n\n\n<h4 class=\"has-normal-font-size wp-block-heading\" id=\"responsable-video\" style=\"padding-top:20px;padding-bottom:10px\">Responsable<\/h4>\n\n\n\n<p>Soy Pablo Moratinos (<a href=\"https:\/\/profiles.wordpress.org\/pablo-moratinos\/\" data-type=\"URL\" data-id=\"https:\/\/profiles.wordpress.org\/pablo-moratinos\/\" target=\"_blank\" rel=\"noreferrer noopener\">@pablo-moratinos<\/a>), uno de los moderadores del equipo global de TV y colaborador del equipo de Photo. Soy consultor de marketing y video-fot\u00f3grafo, lo que me llev\u00f3 a colaborar con estos equipos en concreto.<\/p>\n\n\n\n<h3 class=\"wp-block-heading\" id=\"soporte\" style=\"padding-top:30px;padding-bottom:10px\">Soporte<\/h3>\n\n\n\n<p><a href=\"https:\/\/make.wordpress.org\/support\/\">make.wordpress.org\/support<\/a><\/p>\n\n\n\n<p>El equipo de soporte responde a preguntas de otros usuarios en los foros. Adem\u00e1s de responder dudas puntuales, abrimos issues en GH o Trac si encontramos bugs y trabajamos con el equipo de documentaci\u00f3n para asegurarnos de que est\u00e1 todo al d\u00eda. Estamos en el canal <a href=\"https:\/\/wordpress.slack.com\/archives\/C02RQC6RW\" data-type=\"URL\" data-id=\"https:\/\/wordpress.slack.com\/archives\/C02RQC6RW\" target=\"_blank\" rel=\"noreferrer noopener\">#forums<\/a> y tenemos el chat de equipo todos los jueves a las 17 UTC (7pm hora de Espa\u00f1a).<\/p>\n\n\n\n<h4 class=\"has-normal-font-size wp-block-heading\" id=\"objetivo-soporte\" style=\"padding-top:20px;padding-bottom:10px\">Objetivo<\/h4>\n\n\n\n<p>Involucrar nuevos voluntarios y animar a aquellos que se sientan c\u00f3modos en ingl\u00e9s a participar en el equipo de soporte global. El equipo de soporte espa\u00f1ol es de los m\u00e1s activos y tiene una cultura muy positiva pero tiende centrarse sobre todo en los foros en Espa\u00f1ol. Mi objetivo es conectar el equipo de soporte espa\u00f1ol con el equipo global y ver m\u00e1s participaci\u00f3n en el canal de #forums en Slack.&nbsp;<\/p>\n\n\n\n<p>Discutiremos buenas pr\u00e1cticas, Do&#8217;s &amp; Dont&#8217;s, uso de respuestas predefinidas y user scripts para agilizar el trabajo.<\/p>\n\n\n\n<h4 class=\"has-normal-font-size wp-block-heading\" id=\"responsable-soporte\" style=\"padding-top:20px;padding-bottom:10px\">Responsable<\/h4>\n\n\n\n<p>Alvaro G\u00f3mez (<a href=\"https:\/\/profiles.wordpress.org\/mrfoxtalbot\/\" data-type=\"URL\" data-id=\"https:\/\/profiles.wordpress.org\/mrfoxtalbot\/\" target=\"_blank\" rel=\"noreferrer noopener\">@mrfoxtalbot<\/a>), miembro del equipo de Happiness (soporte) en Automattic. En este momento trabajo como voluntario \u00abcedido\u00bb al proyecto de WordPress.org a tiempo completo.<\/p>\n\n\n\n<h3 class=\"wp-block-heading\" id=\"traducciones\" style=\"padding-top:30px;padding-bottom:10px\">Traducciones<\/h3>\n\n\n\n<p><a href=\"https:\/\/make.wordpress.org\/polyglots\/\">make.wordpress.org\/polyglots<\/a><\/p>\n\n\n\n<p>El proyecto de traducci\u00f3n de WordPress se encarga de traducir WordPress y su ecosistema (plugins, temas, aplicaciones m\u00f3viles, <a rel=\"noreferrer noopener\" href=\"http:\/\/wordpress.org\" target=\"_blank\">wordpress.org<\/a>,&#8230;) a m\u00e1s de 200 idiomas, as\u00ed como de mantener toda la infraestructura necesaria para que los voluntarios puedan llevar a cabo todo este trabajo.<\/p>\n\n\n\n<h4 class=\"has-normal-font-size wp-block-heading\" id=\"objetivo-traducciones\" style=\"padding-top:20px;padding-bottom:10px\">Objetivo<\/h4>\n\n\n\n<p>En la mesa de traducciones tendremos 2 perfiles diferenciados:&nbsp;<\/p>\n\n\n\n<ul class=\"wp-block-list\">\n<li>N\u00f3veles, a los que les explicaremos por qu\u00e9 traducimos, qu\u00e9 traducimos y el funcionamiento de la infraestructura de traducci\u00f3n. Luego empezaremos a traducir.<\/li>\n\n\n\n<li>Experimentados, en los que nos centraremos en que elijan un elemento del ecosistema y lo traduzcan.<\/li>\n<\/ul>\n\n\n\n<h4 class=\"has-normal-font-size wp-block-heading\" id=\"responsable-traducciones\" style=\"padding-top:20px;padding-bottom:10px\">Responsable<\/h4>\n\n\n\n<p>Soy Jes\u00fas Amieiro. Soy programador. Actualmente trabajo en el desarrollo de la infraestructura de traducci\u00f3n de&nbsp;<a rel=\"noreferrer noopener\" href=\"http:\/\/translate.wordpress.org\" target=\"_blank\">translate.wordpress.org<\/a>, bajo el patrocinio de Automattic en el proyecto <a rel=\"noreferrer noopener\" href=\"https:\/\/wordpress.org\/five-for-the-future\/\" target=\"_blank\">5ftf<\/a>.<\/p>\n\n\n\n<h3 class=\"wp-block-heading\" id=\"hosting\" style=\"padding-top:30px;padding-bottom:10px\">Hosting<\/h3>\n\n\n\n<p><a href=\"https:\/\/make.wordpress.org\/hosting\/\">make.wordpress.org\/hosting<\/a><\/p>\n\n\n\n<p><a href=\"https:\/\/github.com\/zzap\/WordPress-Advanced-administration-handbook\" data-type=\"URL\" data-id=\"https:\/\/github.com\/zzap\/WordPress-Advanced-administration-handbook\" target=\"_blank\" rel=\"noreferrer noopener\">Se est\u00e1 creando un nuevo handbook<\/a> (manuales de documentaci\u00f3n) avanzado de WordPress, con cosas que no son de usuario b\u00e1sico, ni son de desarrollo. Ejemplos: como configurar el .htaccess, montar un WordPress Multisite, hacer backups\u2026 Este material est\u00e1 repartido por varios documentos ya existentes de otros manuales y hay que \u00abmoverlos\u00bb y remaquetarlos a un nuevo lugar.<\/p>\n\n\n\n<h4 class=\"has-normal-font-size wp-block-heading\" id=\"objetivo-hosting\" style=\"padding-top:20px;padding-bottom:10px\">Objetivo<\/h4>\n\n\n\n<p><a href=\"https:\/\/github.com\/zzap\/WordPress-Advanced-administration-handbook\/issues\" data-type=\"URL\" data-id=\"https:\/\/github.com\/zzap\/WordPress-Advanced-administration-handbook\/issues\" target=\"_blank\" rel=\"noreferrer noopener\">Quedan 20 p\u00e1ginas \/ manuales pendientes.<\/a> Hay que intentar mover la mayor cantidad de ellos al nuevo Handbook.<\/p>\n\n\n\n<h4 class=\"has-normal-font-size wp-block-heading\" id=\"responsable-hosting\" style=\"padding-top:20px;padding-bottom:10px\">Responsable<\/h4>\n\n\n\n<p>Hola, soy Javier Casares (<a href=\"https:\/\/profiles.wordpress.org\/javiercasares\/\" data-type=\"URL\" data-id=\"https:\/\/profiles.wordpress.org\/javiercasares\/\" target=\"_blank\" rel=\"noreferrer noopener\">@javiercasares<\/a>) y soy uno de los Hosting Team Rep de la Comunidad WordPress global. Llevo en WordPress desde la versi\u00f3n 1.5 y me dedico a la Administraci\u00f3n de Sistemas, especializado en WordPress.<\/p>\n\n\n\n<h3 class=\"wp-block-heading\" id=\"marketing\" style=\"padding-top:30px;padding-bottom:10px\">Marketing<\/h3>\n\n\n\n<p>El equipo de marketing es el encargado de difundir WordPress, sus infinitas ventajas y su comunidad en todo el mundo. Tenemos como objetivo detectar c\u00f3mo se percibe WordPress en la sociedad y plantear acciones para mejorar su imagen para resolver las necesidades de los usuarios y la comunidad.<\/p>\n\n\n\n<h4 class=\"has-normal-font-size wp-block-heading\" id=\"objetivo-marketing\" style=\"padding-top:20px;padding-bottom:10px\">Objetivo<\/h4>\n\n\n\n<p>En este Contributor vamos a poder colaborar de dos formas:<br>Pre-redactaremos un art\u00edculo para el blog de WordPress Espa\u00f1a con informaci\u00f3n de la WordCamp Valencia.<br>Revisaremos y daremos forma al \u00abManual de comunicaci\u00f3n de WordCamps\u00bb para as\u00ed dar una orientaci\u00f3n a las personas que gestionan la comunicaci\u00f3n de las WordCamps y tengan dudas.<\/p>\n\n\n\n<h4 class=\"has-normal-font-size wp-block-heading\" id=\"responsable-marketing\" style=\"padding-top:20px;padding-bottom:10px\">Responsable<\/h4>\n\n\n\n<p>Ana Gavil\u00e1n, consultora de marketing y responsable del Equipo de Marketing de WordPress Espa\u00f1a. \u00a1Apasionada de la comunidad WordPress!<\/p>\n\n\n\n<h3 class=\"wp-block-heading\" id=\"comunidad\" style=\"padding-top:30px;padding-bottom:10px\">Comunidad<\/h3>\n\n\n\n<p><a href=\"https:\/\/make.wordpress.org\/community\/\">https:\/\/make.wordpress.org\/community\/<\/a><\/p>\n\n\n\n<p>El equipo de comunidad se encarga de que esta comunidad de WordPress no pare de crecer: te ayuda si quieres organizar una meetup o una WordCamp en tu ciudad, te gu\u00eda si quieres hacer crecer tu comunidad local o si quieres experimentar con otros formatos de eventos como hackatones, eventos online o d\u00edas del contribudor como este.<\/p>\n\n\n\n<h4 class=\"has-normal-font-size wp-block-heading\" id=\"objetivo-comunidad\" style=\"padding-top:20px;padding-bottom:10px\">Objetivo<\/h4>\n\n\n\n<p>Si quieres saber c\u00f3mo funciona la comunidad desde dentro, tienes curiosidad sobre los grupos de meetup o quieres organizar uno en tu pueblo o ayudar en uno que ya existe y no sabes c\u00f3mo, \u00a1este es tu sitio!<\/p>\n\n\n\n<p>Si est\u00e1s organizando una WordCamp y tienes cualquier pregunta sobre ello o te apetece conocer m\u00e1s sobre los hackatones do_action, p\u00e1sate y lo responderemos.<\/p>\n\n\n\n<p>Si ya est\u00e1s involucrado en una comunidad y quieres echar una mano ayudando a grupos que a\u00fan est\u00e1n \u00abdespertando\u00bb despu\u00e9s de la pandemia, hablaremos del programa de reactivaci\u00f3n de meetups y los retos que nos estamos encontrando todos en nuestros grupos locales.<\/p>\n\n\n\n<p>Y si solo tienes curiosidad, p\u00e1sate a escuchar y te contamos tambi\u00e9n donde encontrar toda esta informaci\u00f3n en la web de Make WordPress<\/p>\n\n\n\n<h4 class=\"has-normal-font-size wp-block-heading\" id=\"responsable-comunidad\" style=\"padding-top:20px;padding-bottom:10px\">Responsable<\/h4>\n\n\n\n<p>Soy Juan Hernando, desarrollador web y coorganizador del grupo de WordPress Pontevedra, la WordCamp Pontevedra y la WordCamp Europe 2022 &amp; 2023. Tambi\u00e9n soy deputy del equipo global de comunidad y mentor de WordCamps. Y parte del 5ftF de Weglot.<\/p>\n<\/div><\/div>\n","protected":false},"excerpt":{"rendered":"<p>Gracias por interesarte por el D\u00eda de la Comunidad Ya te hemos explicado qu\u00e9 es el D\u00eda de la Comunidad WordPress, y qu\u00e9 es necesario para el D\u00eda de la Comunidad WordPress. Ahora es el momento de saber qu\u00e9 vamos a hacer en este Contributor Day. 1. Cu\u00e1ndo y d\u00f3nde Este a\u00f1o, la WordCamp Valencia&hellip; <a class=\"more-link\" href=\"https:\/\/valencia.wordcamp.org\/2022\/contributor-day\/\">Seguir leyendo <span class=\"screen-reader-text\">Contributor Day<\/span><\/a><\/p>\n","protected":false},"author":9330583,"featured_media":0,"parent":0,"menu_order":0,"comment_status":"closed","ping_status":"closed","template":"","meta":{"jetpack_post_was_ever_published":false,"footnotes":""},"class_list":["post-7492","page","type-page","status-publish","hentry","entry"],"jetpack_sharing_enabled":true,"_links":{"self":[{"href":"https:\/\/valencia.wordcamp.org\/2022\/wp-json\/wp\/v2\/pages\/7492","targetHints":{"allow":["GET"]}}],"collection":[{"href":"https:\/\/valencia.wordcamp.org\/2022\/wp-json\/wp\/v2\/pages"}],"about":[{"href":"https:\/\/valencia.wordcamp.org\/2022\/wp-json\/wp\/v2\/types\/page"}],"author":[{"embeddable":true,"href":"https:\/\/valencia.wordcamp.org\/2022\/wp-json\/wp\/v2\/users\/9330583"}],"replies":[{"embeddable":true,"href":"https:\/\/valencia.wordcamp.org\/2022\/wp-json\/wp\/v2\/comments?post=7492"}],"version-history":[{"count":56,"href":"https:\/\/valencia.wordcamp.org\/2022\/wp-json\/wp\/v2\/pages\/7492\/revisions"}],"predecessor-version":[{"id":8916,"href":"https:\/\/valencia.wordcamp.org\/2022\/wp-json\/wp\/v2\/pages\/7492\/revisions\/8916"}],"wp:attachment":[{"href":"https:\/\/valencia.wordcamp.org\/2022\/wp-json\/wp\/v2\/media?parent=7492"}],"curies":[{"name":"wp","href":"https:\/\/api.w.org\/{rel}","templated":true}]}}