{"id":7626,"date":"2022-10-04T23:40:11","date_gmt":"2022-10-04T21:40:11","guid":{"rendered":"https:\/\/valencia.wordcamp.org\/2022\/?page_id=7626"},"modified":"2022-10-09T21:05:27","modified_gmt":"2022-10-09T19:05:27","slug":"voluntarios","status":"publish","type":"page","link":"https:\/\/valencia.wordcamp.org\/2022\/voluntarios\/","title":{"rendered":"Voluntarios de la WordCamp Val\u00e8ncia 2022"},"content":{"rendered":"\n<div class=\"wp-block-columns is-layout-flex wp-container-core-columns-is-layout-9d6595d7 wp-block-columns-is-layout-flex\">\n<div class=\"wp-block-column is-layout-flow wp-block-column-is-layout-flow\" style=\"padding-right:8%;padding-left:8%\">\n<h2 class=\"has-text-align-center wp-block-heading\" style=\"padding-right:8%;padding-bottom:4%;padding-left:8%\">La cort d&#8217;honor&#8230; <\/h2>\n\n\n<ul class=\"wordcamp-block wordcamp-post-list has-layout-grid wordcamp-organizers bloque-voluntarios has-grid-columns-4\"><li class=\"wordcamp-post-list__post wordcamp-clearfix\">\n<div class=\"wordcamp-organizer wordcamp-organizers__post slug-alba-garcia-garcia\">\n\t<h3 class=\"wordcamp-block__item-title wordcamp-organizers__title\" style=\"text-align:left\">Alba Garc\u00eda Garcia<\/h3>\n\t\t\t<div class=\"wordcamp-image__avatar-container align-left\">\n\t\t\t<img decoding=\"async\" src=\"https:\/\/secure.gravatar.com\/avatar\/070694562de60b6a93072f0ce1fc3218d110723cfd1a9b944d6eed84e38f481e?s=90&amp;d=mm&amp;r=g\" alt=\"Avatar de Alba Garc\u00eda Garcia\" \/>\t\t<\/div>\n\t\n\t\t\t<div class=\"wordcamp-block__item-content wordcamp-organizers__content is-full\"><h3 class=\"wp-block-heading\">Alba Garc\u00eda<\/h3>\n<\/div>\t<\/div>\n\n<\/li><li class=\"wordcamp-post-list__post wordcamp-clearfix\">\n<div class=\"wordcamp-organizer wordcamp-organizers__post slug-anabella-flecha\">\n\t<h3 class=\"wordcamp-block__item-title wordcamp-organizers__title\" style=\"text-align:left\">Anabella Flecha<\/h3>\n\t\t\t<div class=\"wordcamp-image__avatar-container align-left\">\n\t\t\t<img decoding=\"async\" src=\"https:\/\/secure.gravatar.com\/avatar\/60b2d1fea585303ea8b8d416de9db4e717092f4cabb57ca9420be45aad4163d0?s=90&amp;d=mm&amp;r=g\" alt=\"Avatar de Anabella Flecha\" \/>\t\t<\/div>\n\t\n\t\t\t<div class=\"wordcamp-block__item-content wordcamp-organizers__content is-full\"><h3 class=\"wp-block-heading\">Anabella Flecha<\/h3>\n<\/div>\t<\/div>\n\n<\/li><li class=\"wordcamp-post-list__post wordcamp-clearfix\">\n<div class=\"wordcamp-organizer wordcamp-organizers__post slug-andrea-rosell-gimenez\">\n\t<h3 class=\"wordcamp-block__item-title wordcamp-organizers__title\" style=\"text-align:left\">Andrea Rosell Gimenez<\/h3>\n\t\t\t<div class=\"wordcamp-image__avatar-container align-left\">\n\t\t\t<img decoding=\"async\" src=\"https:\/\/secure.gravatar.com\/avatar\/?s=90&amp;d=mm&amp;f=y&amp;r=g\" alt=\"Avatar de Andrea Rosell Gimenez\" \/>\t\t<\/div>\n\t\n\t\t\t<div class=\"wordcamp-block__item-content wordcamp-organizers__content is-full\"><h3 class=\"wp-block-heading\">Andrea Rosell<\/h3>\n<\/div>\t<\/div>\n\n<\/li><li class=\"wordcamp-post-list__post wordcamp-clearfix\">\n<div class=\"wordcamp-organizer wordcamp-organizers__post slug-angel-julian-mena\">\n\t<h3 class=\"wordcamp-block__item-title wordcamp-organizers__title\" style=\"text-align:left\">Angel Julian Mena<\/h3>\n\t\t\t<div class=\"wordcamp-image__avatar-container align-left\">\n\t\t\t<img decoding=\"async\" src=\"https:\/\/secure.gravatar.com\/avatar\/63ec3a07597c7ef97a4d772caae2586fc5a5362fd512d8b381c9d99dd8ca2882?s=90&amp;d=mm&amp;r=g\" alt=\"Avatar de Angel Julian Mena\" \/>\t\t<\/div>\n\t\n\t\t\t<div class=\"wordcamp-block__item-content wordcamp-organizers__content is-full\"><h3 class=\"wp-block-heading\">Angel Julian Mena<\/h3>\n<\/div>\t<\/div>\n\n<\/li><li class=\"wordcamp-post-list__post wordcamp-clearfix\">\n<div class=\"wordcamp-organizer wordcamp-organizers__post slug-eric-perez-navarro\">\n\t<h3 class=\"wordcamp-block__item-title wordcamp-organizers__title\" style=\"text-align:left\">Eric P\u00e9rez Navarro<\/h3>\n\t\t\t<div class=\"wordcamp-image__avatar-container align-left\">\n\t\t\t<img decoding=\"async\" src=\"https:\/\/secure.gravatar.com\/avatar\/7b4691e57ca631b6fdda7758e1e1257324c633a5f4acfd2c356cf11691c48332?s=90&amp;d=mm&amp;r=g\" alt=\"Avatar de Eric P\u00e9rez Navarro\" \/>\t\t<\/div>\n\t\n\t\t\t<div class=\"wordcamp-block__item-content wordcamp-organizers__content is-full\"><h3 class=\"wp-block-heading\">Eric P\u00e9rez<\/h3>\n<\/div>\t<\/div>\n\n<\/li><li class=\"wordcamp-post-list__post wordcamp-clearfix\">\n<div class=\"wordcamp-organizer wordcamp-organizers__post slug-eva-garcia-gallego\">\n\t<h3 class=\"wordcamp-block__item-title wordcamp-organizers__title\" style=\"text-align:left\">Eva Garc\u00eda Gallego<\/h3>\n\t\t\t<div class=\"wordcamp-image__avatar-container align-left\">\n\t\t\t<img decoding=\"async\" src=\"https:\/\/secure.gravatar.com\/avatar\/824be62664da32dc013dd8e8580552f65b83c368a5cdb9a10dded648b1820e2d?s=90&amp;d=mm&amp;r=g\" alt=\"Avatar de Eva Garc\u00eda Gallego\" \/>\t\t<\/div>\n\t\n\t\t\t<div class=\"wordcamp-block__item-content wordcamp-organizers__content is-full\"><h3 class=\"wp-block-heading\">Eva Garc\u00eda<\/h3>\n<\/div>\t<\/div>\n\n<\/li><li class=\"wordcamp-post-list__post wordcamp-clearfix\">\n<div class=\"wordcamp-organizer wordcamp-organizers__post slug-gian-oliveira\">\n\t<h3 class=\"wordcamp-block__item-title wordcamp-organizers__title\" style=\"text-align:left\">Gian Oliveira<\/h3>\n\t\t\t<div class=\"wordcamp-image__avatar-container align-left\">\n\t\t\t<img decoding=\"async\" src=\"https:\/\/secure.gravatar.com\/avatar\/716fd5a98c04381f359418052897c775a744139b4781a3595d5931c479a7cdc7?s=90&amp;d=mm&amp;r=g\" alt=\"Avatar de Gian Oliveira\" \/>\t\t<\/div>\n\t\n\t\t\t<div class=\"wordcamp-block__item-content wordcamp-organizers__content is-full\"><h3 class=\"wp-block-heading\">Gian Oliveira<\/h3>\n<\/div>\t<\/div>\n\n<\/li><li class=\"wordcamp-post-list__post wordcamp-clearfix\">\n<div class=\"wordcamp-organizer wordcamp-organizers__post slug-gustavo-galati\">\n\t<h3 class=\"wordcamp-block__item-title wordcamp-organizers__title\" style=\"text-align:left\">Gustavo Galati<\/h3>\n\t\t\t<div class=\"wordcamp-image__avatar-container align-left\">\n\t\t\t<img decoding=\"async\" src=\"https:\/\/secure.gravatar.com\/avatar\/2216913a6c2b85fecc965405140952fa013ddc987fb596f55c6895c4121fa5fc?s=90&amp;d=mm&amp;r=g\" alt=\"Avatar de Gustavo Galati\" \/>\t\t<\/div>\n\t\n\t\t\t<div class=\"wordcamp-block__item-content wordcamp-organizers__content is-full\"><h3 class=\"wp-block-heading\">Gustavo Galati<\/h3>\n<\/div>\t<\/div>\n\n<\/li><li class=\"wordcamp-post-list__post wordcamp-clearfix\">\n<div class=\"wordcamp-organizer wordcamp-organizers__post slug-iria-padron-doallo\">\n\t<h3 class=\"wordcamp-block__item-title wordcamp-organizers__title\" style=\"text-align:left\">Iria Padr\u00f3n Doallo<\/h3>\n\t\t\t<div class=\"wordcamp-image__avatar-container align-left\">\n\t\t\t<img decoding=\"async\" src=\"https:\/\/secure.gravatar.com\/avatar\/793989a035beaee12197b68111c2280133bd2437655c1e30daa0f9f98a16525b?s=90&amp;d=mm&amp;r=g\" alt=\"Avatar de Iria Padr\u00f3n Doallo\" \/>\t\t<\/div>\n\t\n\t\t\t<div class=\"wordcamp-block__item-content wordcamp-organizers__content is-full\"><h3 class=\"wp-block-heading\">Iria Padr\u00f3n<\/h3>\n<\/div>\t<\/div>\n\n<\/li><li class=\"wordcamp-post-list__post wordcamp-clearfix\">\n<div class=\"wordcamp-organizer wordcamp-organizers__post slug-javier-casares\">\n\t<h3 class=\"wordcamp-block__item-title wordcamp-organizers__title\" style=\"text-align:left\">Javier Casares<\/h3>\n\t\t\t<div class=\"wordcamp-image__avatar-container align-left\">\n\t\t\t<img decoding=\"async\" src=\"https:\/\/secure.gravatar.com\/avatar\/a32b4c4fa59cb821c50a288a273d1593859c53ca5f90dd2a1791418c29ab7e0b?s=90&amp;d=mm&amp;r=g\" alt=\"Avatar de Javier Casares\" \/>\t\t<\/div>\n\t\n\t\t\t<div class=\"wordcamp-block__item-content wordcamp-organizers__content is-full\"><h3 class=\"wp-block-heading\">Javier Casares<\/h3>\n<\/div>\t<\/div>\n\n<\/li><li class=\"wordcamp-post-list__post wordcamp-clearfix\">\n<div class=\"wordcamp-organizer wordcamp-organizers__post slug-joel-perez-navarro\">\n\t<h3 class=\"wordcamp-block__item-title wordcamp-organizers__title\" style=\"text-align:left\">Joel Perez Navarro<\/h3>\n\t\t\t<div class=\"wordcamp-image__avatar-container align-left\">\n\t\t\t<img decoding=\"async\" src=\"https:\/\/secure.gravatar.com\/avatar\/0448f10fa66207cef96f41553e52d5370950989b9931fbeabad4650ccec1d27f?s=90&amp;d=mm&amp;r=g\" alt=\"Avatar de Joel Perez Navarro\" \/>\t\t<\/div>\n\t\n\t\t\t<div class=\"wordcamp-block__item-content wordcamp-organizers__content is-full\"><h3 class=\"wp-block-heading\">Joel P\u00e9rez<\/h3>\n<\/div>\t<\/div>\n\n<\/li><li class=\"wordcamp-post-list__post wordcamp-clearfix\">\n<div class=\"wordcamp-organizer wordcamp-organizers__post slug-jordi-castello\">\n\t<h3 class=\"wordcamp-block__item-title wordcamp-organizers__title\" style=\"text-align:left\">Jordi Castell\u00f3<\/h3>\n\t\t\t<div class=\"wordcamp-image__avatar-container align-left\">\n\t\t\t<img decoding=\"async\" src=\"https:\/\/secure.gravatar.com\/avatar\/?s=90&amp;d=mm&amp;f=y&amp;r=g\" alt=\"Avatar de Jordi Castell\u00f3\" \/>\t\t<\/div>\n\t\n\t\t\t<div class=\"wordcamp-block__item-content wordcamp-organizers__content is-full\"><h3 class=\"wp-block-heading\">Jordi Castell\u00f3<\/h3>\n<\/div>\t<\/div>\n\n<\/li><li class=\"wordcamp-post-list__post wordcamp-clearfix\">\n<div class=\"wordcamp-organizer wordcamp-organizers__post slug-jose-luis-losada\">\n\t<h3 class=\"wordcamp-block__item-title wordcamp-organizers__title\" style=\"text-align:left\">Jose luis Losada<\/h3>\n\t\t\t<div class=\"wordcamp-image__avatar-container align-left\">\n\t\t\t<img decoding=\"async\" src=\"https:\/\/secure.gravatar.com\/avatar\/e43cd47a98280ac9c3d67608042790ab88375aa5e06c0fa7ef59b16df75eee8a?s=90&amp;d=mm&amp;r=g\" alt=\"Avatar de Jose luis Losada\" \/>\t\t<\/div>\n\t\n\t\t\t<div class=\"wordcamp-block__item-content wordcamp-organizers__content is-full\"><h3 class=\"wp-block-heading\">Jose Luis Losada<\/h3>\n<\/div>\t<\/div>\n\n<\/li><li class=\"wordcamp-post-list__post wordcamp-clearfix\">\n<div class=\"wordcamp-organizer wordcamp-organizers__post slug-lena-inurrieta\">\n\t<h3 class=\"wordcamp-block__item-title wordcamp-organizers__title\" style=\"text-align:left\">Lena I\u00f1urrieta<\/h3>\n\t\t\t<div class=\"wordcamp-image__avatar-container align-left\">\n\t\t\t<img decoding=\"async\" src=\"https:\/\/secure.gravatar.com\/avatar\/09933c6eeec168604d84f828c67ca611c14d20d4921b18e87136d2820aa91b62?s=90&amp;d=mm&amp;r=g\" alt=\"Avatar de Lena I\u00f1urrieta\" \/>\t\t<\/div>\n\t\n\t\t\t<div class=\"wordcamp-block__item-content wordcamp-organizers__content is-full\"><h3 class=\"wp-block-heading\">Lena I\u00f1urrieta<\/h3>\n<\/div>\t<\/div>\n\n<\/li><li class=\"wordcamp-post-list__post wordcamp-clearfix\">\n<div class=\"wordcamp-organizer wordcamp-organizers__post slug-maria-fabian-garcia\">\n\t<h3 class=\"wordcamp-block__item-title wordcamp-organizers__title\" style=\"text-align:left\">Mar\u00eda Fabi\u00e1n Garc\u00eda<\/h3>\n\t\t\t<div class=\"wordcamp-image__avatar-container align-left\">\n\t\t\t<img decoding=\"async\" src=\"https:\/\/secure.gravatar.com\/avatar\/d5504b070d06eefada1cd201cd23b3ee6e7abdb13bde6c259b5de1dd908356a6?s=90&amp;d=mm&amp;r=g\" alt=\"Avatar de Mar\u00eda Fabi\u00e1n Garc\u00eda\" \/>\t\t<\/div>\n\t\n\t\t\t<div class=\"wordcamp-block__item-content wordcamp-organizers__content is-full\"><h3 class=\"wp-block-heading\">Mar\u00eda Fabi\u00e1n<\/h3>\n<\/div>\t<\/div>\n\n<\/li><li class=\"wordcamp-post-list__post wordcamp-clearfix\">\n<div class=\"wordcamp-organizer wordcamp-organizers__post slug-marta-fabian-garcia\">\n\t<h3 class=\"wordcamp-block__item-title wordcamp-organizers__title\" style=\"text-align:left\">Marta Fabi\u00e1n Garc\u00eda<\/h3>\n\t\t\t<div class=\"wordcamp-image__avatar-container align-left\">\n\t\t\t<img decoding=\"async\" src=\"https:\/\/secure.gravatar.com\/avatar\/?s=90&amp;d=mm&amp;f=y&amp;r=g\" alt=\"Avatar de Marta Fabi\u00e1n Garc\u00eda\" \/>\t\t<\/div>\n\t\n\t\t\t<div class=\"wordcamp-block__item-content wordcamp-organizers__content is-full\"><h3 class=\"wp-block-heading\">Marta Fabi\u00e1n<\/h3>\n<\/div>\t<\/div>\n\n<\/li><li class=\"wordcamp-post-list__post wordcamp-clearfix\">\n<div class=\"wordcamp-organizer wordcamp-organizers__post slug-micaela-lafratta-ramos\">\n\t<h3 class=\"wordcamp-block__item-title wordcamp-organizers__title\" style=\"text-align:left\">Micaela Lafratta Ramos<\/h3>\n\t\t\t<div class=\"wordcamp-image__avatar-container align-left\">\n\t\t\t<img decoding=\"async\" src=\"https:\/\/secure.gravatar.com\/avatar\/?s=90&amp;d=mm&amp;f=y&amp;r=g\" alt=\"Avatar de Micaela Lafratta Ramos\" \/>\t\t<\/div>\n\t\n\t\t\t<div class=\"wordcamp-block__item-content wordcamp-organizers__content is-full\"><h3 class=\"wp-block-heading\">Micaela Lafratta<\/h3>\n<\/div>\t<\/div>\n\n<\/li><li class=\"wordcamp-post-list__post wordcamp-clearfix\">\n<div class=\"wordcamp-organizer wordcamp-organizers__post slug-nilo-velez\">\n\t<h3 class=\"wordcamp-block__item-title wordcamp-organizers__title\" style=\"text-align:left\">Nilo Velez<\/h3>\n\t\t\t<div class=\"wordcamp-image__avatar-container align-left\">\n\t\t\t<img decoding=\"async\" src=\"https:\/\/secure.gravatar.com\/avatar\/09a19d6c3d35d136db80cd14757e532d95a3b54dd9aebded06dcee529ed3d285?s=90&amp;d=mm&amp;r=g\" alt=\"Avatar de Nilo Velez\" \/>\t\t<\/div>\n\t\n\t\t\t<div class=\"wordcamp-block__item-content wordcamp-organizers__content is-full\"><h3 class=\"wp-block-heading\">Nilo Velez<\/h3>\n<\/div>\t<\/div>\n\n<\/li><li class=\"wordcamp-post-list__post wordcamp-clearfix\">\n<div class=\"wordcamp-organizer wordcamp-organizers__post slug-patricia-rivas-sequeira\">\n\t<h3 class=\"wordcamp-block__item-title wordcamp-organizers__title\" style=\"text-align:left\">Patricia Rivas Sequeira<\/h3>\n\t\t\t<div class=\"wordcamp-image__avatar-container align-left\">\n\t\t\t<img decoding=\"async\" src=\"https:\/\/secure.gravatar.com\/avatar\/3dbcecea3c10888892ffa0cebd6907bdd05c5d5852e2431f9662942cd738150c?s=90&amp;d=mm&amp;r=g\" alt=\"Avatar de Patricia Rivas Sequeira\" \/>\t\t<\/div>\n\t\n\t\t\t<div class=\"wordcamp-block__item-content wordcamp-organizers__content is-full\"><h3 class=\"wp-block-heading\">Patricia Rivas<\/h3>\n<\/div>\t<\/div>\n\n<\/li><li class=\"wordcamp-post-list__post wordcamp-clearfix\">\n<div class=\"wordcamp-organizer wordcamp-organizers__post slug-paula-sancho\">\n\t<h3 class=\"wordcamp-block__item-title wordcamp-organizers__title\" style=\"text-align:left\">Paula Sancho<\/h3>\n\t\t\t<div class=\"wordcamp-image__avatar-container align-left\">\n\t\t\t<img decoding=\"async\" src=\"https:\/\/secure.gravatar.com\/avatar\/?s=90&amp;d=mm&amp;f=y&amp;r=g\" alt=\"Avatar de Paula Sancho\" \/>\t\t<\/div>\n\t\n\t\t\t<div class=\"wordcamp-block__item-content wordcamp-organizers__content is-full\"><h3 class=\"wp-block-heading\">Paula Sancho<\/h3>\n<\/div>\t<\/div>\n\n<\/li><li class=\"wordcamp-post-list__post wordcamp-clearfix\">\n<div class=\"wordcamp-organizer wordcamp-organizers__post slug-raquel-garcia-arevalo\">\n\t<h3 class=\"wordcamp-block__item-title wordcamp-organizers__title\" style=\"text-align:left\">Raquel Garc\u00eda Ar\u00e9valo<\/h3>\n\t\t\t<div class=\"wordcamp-image__avatar-container align-left\">\n\t\t\t<img decoding=\"async\" src=\"https:\/\/secure.gravatar.com\/avatar\/56c75e7ba5dec29baf1a2a09fef60106430ee1ae51c4c445bc0a289f9646f655?s=90&amp;d=mm&amp;r=g\" alt=\"Avatar de Raquel Garc\u00eda Ar\u00e9valo\" \/>\t\t<\/div>\n\t\n\t\t\t<div class=\"wordcamp-block__item-content wordcamp-organizers__content is-full\"><h3 class=\"wp-block-heading\">Raquel Garc\u00eda<\/h3>\n<\/div>\t<\/div>\n\n<\/li><li class=\"wordcamp-post-list__post wordcamp-clearfix\">\n<div class=\"wordcamp-organizer wordcamp-organizers__post slug-vicent-calatayud-esteve\">\n\t<h3 class=\"wordcamp-block__item-title wordcamp-organizers__title\" style=\"text-align:left\">Vicent Calatayud Esteve<\/h3>\n\t\t\t<div class=\"wordcamp-image__avatar-container align-left\">\n\t\t\t<img decoding=\"async\" src=\"https:\/\/secure.gravatar.com\/avatar\/8f60b1e4f79cb1bcf25534212b307237e20e29acc78a38021d6446c494e1df67?s=90&amp;d=mm&amp;r=g\" alt=\"Avatar de Vicent Calatayud Esteve\" \/>\t\t<\/div>\n\t\n\t\t\t<div class=\"wordcamp-block__item-content wordcamp-organizers__content is-full\"><h3 class=\"wp-block-heading\">Vicent Calatayud<\/h3>\n<\/div>\t<\/div>\n\n<\/li><\/ul><\/div>\n<\/div>\n","protected":false},"excerpt":{"rendered":"<p>La cort d&#8217;honor&#8230;<\/p>\n","protected":false},"author":16530069,"featured_media":8208,"parent":0,"menu_order":0,"comment_status":"closed","ping_status":"closed","template":"","meta":{"jetpack_post_was_ever_published":false,"footnotes":""},"class_list":["post-7626","page","type-page","status-publish","has-post-thumbnail","hentry","entry"],"jetpack_sharing_enabled":true,"_links":{"self":[{"href":"https:\/\/valencia.wordcamp.org\/2022\/wp-json\/wp\/v2\/pages\/7626","targetHints":{"allow":["GET"]}}],"collection":[{"href":"https:\/\/valencia.wordcamp.org\/2022\/wp-json\/wp\/v2\/pages"}],"about":[{"href":"https:\/\/valencia.wordcamp.org\/2022\/wp-json\/wp\/v2\/types\/page"}],"author":[{"embeddable":true,"href":"https:\/\/valencia.wordcamp.org\/2022\/wp-json\/wp\/v2\/users\/16530069"}],"replies":[{"embeddable":true,"href":"https:\/\/valencia.wordcamp.org\/2022\/wp-json\/wp\/v2\/comments?post=7626"}],"version-history":[{"count":12,"href":"https:\/\/valencia.wordcamp.org\/2022\/wp-json\/wp\/v2\/pages\/7626\/revisions"}],"predecessor-version":[{"id":8209,"href":"https:\/\/valencia.wordcamp.org\/2022\/wp-json\/wp\/v2\/pages\/7626\/revisions\/8209"}],"wp:featuredmedia":[{"embeddable":true,"href":"https:\/\/valencia.wordcamp.org\/2022\/wp-json\/wp\/v2\/media\/8208"}],"wp:attachment":[{"href":"https:\/\/valencia.wordcamp.org\/2022\/wp-json\/wp\/v2\/media?parent=7626"}],"curies":[{"name":"wp","href":"https:\/\/api.w.org\/{rel}","templated":true}]}}