{"id":13,"date":"2023-09-10T20:32:13","date_gmt":"2023-09-10T18:32:13","guid":{"rendered":"https:\/\/valencia.wordcamp.org\/2023\/?page_id=13"},"modified":"2023-11-08T18:06:58","modified_gmt":"2023-11-08T17:06:58","slug":"entradas","status":"publish","type":"page","link":"https:\/\/valencia.wordcamp.org\/2023\/entradas\/","title":{"rendered":"Entradas"},"content":{"rendered":"\n<div class=\"wp-block-group is-layout-flow wp-block-group-is-layout-flow\" style=\"margin-top:var(--wp--preset--spacing--60);margin-bottom:var(--wp--preset--spacing--60)\">\n<div class=\"wp-block-columns is-layout-flex wp-container-core-columns-is-layout-1b715042 wp-block-columns-is-layout-flex\">\n<div class=\"wp-block-column is-vertically-aligned-center is-layout-flow wp-block-column-is-layout-flow\" style=\"flex-basis:40%\">\n<h2 class=\"wp-block-heading\">\u00a1Compra ya tus entradas para&nbsp;#WCVLC23!<\/h2>\n\n\n\n<p>Celebramos la WordCamp Valencia 2023 el <strong>10 y 11 de noviembre de 2023<\/strong>. Este a\u00f1o, adem\u00e1s de tener el d\u00eda de la comunidad y un d\u00eda completo de conferencias, hemos a\u00f1adido una Formaci\u00f3n de WordPress, cuyas entradas, con un precio simb\u00f3lico, se vender\u00e1n de forma independiente a las entradas generales. A continuaci\u00f3n puedes comprar las entradas y ver que tiene incluida cada una de ellas.&nbsp;<\/p>\n<\/div>\n\n\n\n<div class=\"wp-block-column is-vertically-aligned-top is-layout-flow wp-block-column-is-layout-flow\" style=\"flex-basis:60%\"><a href=\"https:\/\/valencia.wordcamp.org\/2023\/entradas\/\">Por favor, ve esta p\u00e1gina en un navegador para hacer una compra o gestionar entradas.<\/a>\n<\/div>\n<\/div>\n<\/div>\n\n\n\n<div class=\"wp-block-group has-tertiary-background-color has-background is-layout-flow wp-container-core-group-is-layout-5257fa64 wp-block-group-is-layout-flow\" style=\"padding-top:var(--wp--preset--spacing--80);padding-bottom:var(--wp--preset--spacing--80)\">\n<div class=\"wp-block-columns is-layout-flex wp-container-core-columns-is-layout-28f84493 wp-block-columns-is-layout-flex\">\n<div class=\"wp-block-column is-layout-flow wp-block-column-is-layout-flow\" style=\"padding-right:var(--wp--preset--spacing--30);padding-left:var(--wp--preset--spacing--30);flex-basis:50%\">\n<h2 class=\"wp-block-heading has-background-color has-primary-background-color has-text-color has-background has-link-color wp-elements-edb749d18df2e5672fb57fbe29a89b8e\">ENTRADA General WordCamp\u201d 30\u20ac<br>AGOTADAS<\/h2>\n\n\n\n<p style=\"font-size:0.9rem\">La WordCamp se celebra el s\u00e1bado 11 de noviembre durante todo el d\u00eda en el centro deportivo La Petxina.<\/p>\n\n\n\n<h3 class=\"wp-block-heading has-foreground-color has-text-color has-link-color wp-elements-4cf2218add959f1e329eee73d50b2afe\"><em>\u00bfQu\u00e9 incluye?<\/em><\/h3>\n\n\n\n<ul class=\"puntos-lista wp-block-list\">\n<li>Viernes tarde a partir de la 15.00h y s\u00e1bado completo<\/li>\n\n\n\n<li>Acceso al d\u00eda de la comunidad a partir de las 15.00h<\/li>\n\n\n\n<li>Acceso a la WordCamp Valencia el s\u00e1bado&nbsp;<\/li>\n\n\n\n<li>Est\u00e1n incluidas las comidas durante el evento. Adem\u00e1s durante todo el d\u00eda tendr\u00e1s a tu disposici\u00f3n caf\u00e9s, fruta, zumos y cositas para picar. Un peque\u00f1o secretito: el catering est\u00e1 de muerte.&nbsp;<\/li>\n\n\n\n<li>Invitaci\u00f3n al after party del s\u00e1bado por la noche, donde podr\u00e1s tomar algo, cenar y relacionarte con otros asistentes al evento y hacer lo que nosotros llamamos comunidad.<\/li>\n\n\n\n<li>Camiseta de la WordCamp Valencia 2023, acreditaci\u00f3n personalizada y pack de bienvenida.&nbsp;<\/li>\n<\/ul>\n<\/div>\n\n\n\n<div class=\"wp-block-column is-layout-flow wp-block-column-is-layout-flow\" style=\"padding-right:var(--wp--preset--spacing--30);padding-left:var(--wp--preset--spacing--30);flex-basis:50%\">\n<h2 class=\"wp-block-heading has-background-color has-primary-background-color has-text-color has-background has-link-color wp-elements-6d4c69cc447229d885e4712f727d489b\">ENTRADA \u201cWordPress School Day\u201d 10\u20ac<br>AGOTADAS<\/h2>\n\n\n\n<p style=\"font-size:0.9rem\">El WordPress School se celebrar\u00e1 el viernes 10 de noviembre durante la ma\u00f1ana en el centro deportivo La Petxina.<\/p>\n\n\n\n<h3 class=\"wp-block-heading has-foreground-color has-text-color has-link-color wp-elements-98708b615eca5b5705d2d11599707c51\"><em>\u00bfQu\u00e9&nbsp; incluye?<\/em><\/h3>\n\n\n\n<ul class=\"puntos-lista wp-block-list\">\n<li>Acceso a la formaci\u00f3n WordPress (aforo limitado)<\/li>\n\n\n\n<li>Acceso al D\u00eda de la comunidad<\/li>\n\n\n\n<li>Est\u00e1 incluida la comida durante el evento, caf\u00e9s y alguna cosita para picar. Un peque\u00f1o secretito: el catering est\u00e1 de muerte.&nbsp;<\/li>\n\n\n\n<li>Acreditaci\u00f3n personalizada<\/li>\n\n\n\n<li>Certificado de participaci\u00f3n acreditado por el equipo WordPress Valencia.<\/li>\n<\/ul>\n\n\n\n<p style=\"font-size:0.9rem\">La entrada tendr\u00e1 un precio simb\u00f3lico. El aforo es limitado, no podr\u00e1s acceder si no tienes la acreditaci\u00f3n correspondiente.&nbsp;<\/p>\n<\/div>\n<\/div>\n<\/div>\n\n\n\n<div class=\"wp-block-group is-layout-constrained wp-container-core-group-is-layout-e9314faf wp-block-group-is-layout-constrained\" style=\"margin-top:var(--wp--preset--spacing--80);margin-bottom:var(--wp--preset--spacing--80)\">\n<h2 class=\"wp-block-heading\">ATENCI\u00d3N PATROCINADORES Y VOLUNTARIOS<\/h2>\n\n\n\n<p>Si eres patrocinador o voluntario, tu entrada es <strong>GRATIS<\/strong>. El WordPress School no est\u00e1 incluido.<\/p>\n\n\n\n<div class=\"wp-block-group is-content-justification-center is-nowrap is-layout-flex wp-container-core-group-is-layout-5f81aaee wp-block-group-is-layout-flex\" style=\"padding-right:0;padding-left:0\">\n<div class=\"wp-block-buttons is-layout-flex wp-block-buttons-is-layout-flex\">\n<div class=\"wp-block-button is-style-outline is-style-outline--1\"><a class=\"wp-block-button__link wp-element-button\" href=\"https:\/\/valencia.wordcamp.org\/2023\/es\/llamada-patrocinadores\/\" target=\"_blank\" rel=\"noreferrer noopener\"><strong>Ser Patrocinador<\/strong><\/a><\/div>\n<\/div>\n\n\n\n<div class=\"wp-block-buttons is-layout-flex wp-block-buttons-is-layout-flex\">\n<div class=\"wp-block-button is-style-outline is-style-outline--2\"><a class=\"wp-block-button__link wp-element-button\" href=\"https:\/\/valencia.wordcamp.org\/2023\/es\/llamada-voluntarios\/\" target=\"_blank\" rel=\"noreferrer noopener\"><strong>Ser <strong>Voluntario<\/strong><\/strong><\/a><\/div>\n<\/div>\n<\/div>\n\n\n\n<p><strong>IMPORTANTE:<\/strong><\/p>\n\n\n\n<p><strong>FOTO:<\/strong> Utilizamos el sistema Gravatar para mostrar la foto o avatar de los asistentes en la p\u00e1gina de asistentes. Si quieres que tu foto aparezca en el listado y en tu acreditaci\u00f3n personalizada, basta con crear una cuenta y asignarle tu avatar o foto al correo electr\u00f3nico que utilizar\u00e1s para adquirir tu entrada.<\/p>\n\n\n\n<p><strong>AUTORIZACI\u00d3N:<\/strong> Por el bien de la comunidad y con fines de promoci\u00f3n, habr\u00e1 voluntarios y\/o fot\u00f3grafos profesionales en la WordCamp Valencia 2023. Al acudir al evento autorizas la utilizaci\u00f3n de tu imagen si apareces en fotos o v\u00eddeos realizados durante participaci\u00f3n en la WordCamp.<\/p>\n<\/div>\n","protected":false},"excerpt":{"rendered":"<p>\u00a1Compra ya tus entradas para&nbsp;#WCVLC23! Celebramos la WordCamp Valencia 2023 el 10 y 11 de noviembre de 2023. Este a\u00f1o, adem\u00e1s de tener el d\u00eda de la comunidad y un d\u00eda completo de conferencias, hemos a\u00f1adido una Formaci\u00f3n de WordPress, cuyas entradas, con un precio simb\u00f3lico, se vender\u00e1n de forma independiente a las entradas generales. [&hellip;]<\/p>\n","protected":false},"author":16530069,"featured_media":0,"parent":0,"menu_order":0,"comment_status":"closed","ping_status":"closed","template":"","meta":{"jetpack_post_was_ever_published":false,"footnotes":""},"class_list":["post-13","page","type-page","status-publish","hentry"],"jetpack_sharing_enabled":true,"_links":{"self":[{"href":"https:\/\/valencia.wordcamp.org\/2023\/wp-json\/wp\/v2\/pages\/13","targetHints":{"allow":["GET"]}}],"collection":[{"href":"https:\/\/valencia.wordcamp.org\/2023\/wp-json\/wp\/v2\/pages"}],"about":[{"href":"https:\/\/valencia.wordcamp.org\/2023\/wp-json\/wp\/v2\/types\/page"}],"author":[{"embeddable":true,"href":"https:\/\/valencia.wordcamp.org\/2023\/wp-json\/wp\/v2\/users\/16530069"}],"replies":[{"embeddable":true,"href":"https:\/\/valencia.wordcamp.org\/2023\/wp-json\/wp\/v2\/comments?post=13"}],"version-history":[{"count":67,"href":"https:\/\/valencia.wordcamp.org\/2023\/wp-json\/wp\/v2\/pages\/13\/revisions"}],"predecessor-version":[{"id":4671,"href":"https:\/\/valencia.wordcamp.org\/2023\/wp-json\/wp\/v2\/pages\/13\/revisions\/4671"}],"wp:attachment":[{"href":"https:\/\/valencia.wordcamp.org\/2023\/wp-json\/wp\/v2\/media?parent=13"}],"curies":[{"name":"wp","href":"https:\/\/api.w.org\/{rel}","templated":true}]}}