{"id":133,"date":"2023-08-03T16:47:41","date_gmt":"2023-08-03T14:47:41","guid":{"rendered":"https:\/\/valencia.wordcamp.org\/2023\/?page_id=133"},"modified":"2023-10-22T13:10:27","modified_gmt":"2023-10-22T11:10:27","slug":"es","status":"publish","type":"page","link":"https:\/\/valencia.wordcamp.org\/2023\/","title":{"rendered":"Inicio"},"content":{"rendered":"\n<div class=\"wp-block-group wordcamp-block is-layout-constrained wp-block-group-is-layout-constrained\">\n<h1 class=\"wp-block-heading has-primary-color has-text-color\">WordCamp Valencia <span>2023<\/span><\/h1>\n\n\n\n<h2 class=\"wp-block-heading\">10-11 de noviembre<\/h2>\n\n\n\n<p>Bienvenidos a la 4ta edici\u00f3n de la WordCamp Valencia. Un evento donde nos reunimos los entusiastas de WordPress con el prop\u00f3sito de contribuir a uno de los proyectos open source m\u00e1s populares de la web. En esta edici\u00f3n queremos m\u00e1s, queremos ser el punto de partida para nuevos colaboradores. Por esta raz\u00f3n hemos preparado el evento<strong> <a href=\"https:\/\/valencia.wordcamp.org\/2023\/es\/wordpress-school-day\/\">WordPress School Day<\/a> <\/strong>para orientar a quienes se consideren principiantes y ofrecerles una mirada 360 de WordPress. Adem\u00e1s tendremos los espacios habituales del <strong>D\u00eda de la Comunidad<\/strong> y las <strong>charlas de profesionales experimentados.\u00a0<\/strong><\/p>\n\n\n\n<p>Desde el equipo de organizadores estamos encantados de contar con tu presencia y colaboraci\u00f3n, queremos verte de nuevo o por primera vez.<\/p>\n\n\n\n<div class=\"wp-block-buttons displaynone is-layout-flex wp-block-buttons-is-layout-flex\">\n<div class=\"wp-block-button shop-button\"><a class=\"wp-block-button__link wp-element-button\" href=\"\/entradas-wcval\">Compra tu entrada<\/a><\/div>\n<\/div>\n<\/div>\n\n\n\n<div class=\"wp-block-columns why-block is-layout-flex wp-container-core-columns-is-layout-28f84493 wp-block-columns-is-layout-flex\">\n<div class=\"wp-block-column is-layout-flow wp-block-column-is-layout-flow\">\n<h2 class=\"wp-block-heading has-text-align-left\">S\u00famate a la 4ta edici\u00f3n de la #WCVLC23<\/h2>\n\n\n\n<div class=\"wp-block-columns is-layout-flex wp-container-core-columns-is-layout-cf05694f wp-block-columns-is-layout-flex\">\n<div class=\"wp-block-column is-layout-flow wp-block-column-is-layout-flow\">\n<figure class=\"wp-block-image size-full\"><img loading=\"lazy\" decoding=\"async\" width=\"120\" height=\"122\" src=\"https:\/\/valencia.wordcamp.org\/2023\/files\/2023\/08\/ico-developer.png\" alt=\"developer icon\" class=\"wp-image-295\" \/><\/figure>\n\n\n\n<h4 class=\"wp-block-heading\">Aprende<\/h4>\n\n\n\n<p>A\u00f1ade m\u00e1s conocimiento a tu vida, ya seas un emprendedor, un desarrollador profesional, un bloguero o un usuario ocasional con nosotros puedes aprender m\u00e1s.&nbsp;<\/p>\n<\/div>\n\n\n\n<div class=\"wp-block-column is-layout-flow wp-block-column-is-layout-flow\">\n<figure class=\"wp-block-image size-full\"><img loading=\"lazy\" decoding=\"async\" width=\"120\" height=\"120\" src=\"https:\/\/valencia.wordcamp.org\/2023\/files\/2023\/08\/ico-desing.png\" alt=\"\" class=\"wp-image-296\" \/><\/figure>\n\n\n\n<h4 class=\"wp-block-heading\">Colabora<\/h4>\n\n\n\n<p>Participa en uno de los mayores eventos de la comunidad de WordPress en Espa\u00f1a para apoyar a todos los colaboradores y para convertirte en uno m\u00e1s.<\/p>\n<\/div>\n\n\n\n<div class=\"wp-block-column is-layout-flow wp-block-column-is-layout-flow\">\n<figure class=\"wp-block-image size-full\"><img loading=\"lazy\" decoding=\"async\" width=\"120\" height=\"122\" src=\"https:\/\/valencia.wordcamp.org\/2023\/files\/2023\/08\/ico-marketing.png\" alt=\"\" class=\"wp-image-297\" \/><\/figure>\n\n\n\n<h4 class=\"wp-block-heading\">Actual\u00edzate<\/h4>\n\n\n\n<p>Mantenerse al d\u00eda con las \u00faltimas tendencias, tecnolog\u00edas y funciones de WordPress puede resultar agotador. Aprovecha las charlas de los expertos para estar al d\u00eda.<\/p>\n<\/div>\n\n\n\n<div class=\"wp-block-column is-layout-flow wp-block-column-is-layout-flow\">\n<figure class=\"wp-block-image size-full\"><img loading=\"lazy\" decoding=\"async\" width=\"120\" height=\"120\" src=\"https:\/\/valencia.wordcamp.org\/2023\/files\/2023\/08\/ico-networking.png\" alt=\"\" class=\"wp-image-298\" \/><\/figure>\n\n\n\n<h4 class=\"wp-block-heading\">Conecta<\/h4>\n\n\n\n<p>Es un momento ideal para hacer networking. Aqu\u00ed podr\u00e1s conocer personas y empresas o reconectar con antiguos compa\u00f1eros.<\/p>\n<\/div>\n<\/div>\n<\/div>\n<\/div>\n\n\n\n<div class=\"wp-block-group community-bock alignfull is-layout-constrained wp-block-group-is-layout-constrained\">\n<figure class=\"wp-block-image aligncenter size-full is-resized\"><img decoding=\"async\" src=\"https:\/\/valencia.wordcamp.org\/2023\/files\/2023\/08\/logo.png\" alt=\"\" class=\"wp-image-333\" style=\"width:200px\" width=\"200\" \/><\/figure>\n\n\n\n<p class=\"textcenter\">Vamos a construir <br><span class=\"lighter\">el futuro<\/span><br>de la web <span class=\"font-bordered\">juntos<\/span>.<\/p>\n<\/div>\n\n\n\n<div class=\"wp-block-group roles-block alignfull bgwhite is-layout-flow wp-block-group-is-layout-flow\">\n<div class=\"wp-block-columns is-layout-flex wp-container-core-columns-is-layout-28f84493 wp-block-columns-is-layout-flex\">\n<div class=\"wp-block-column is-layout-flow wp-block-column-is-layout-flow\">\n<h5 class=\"wp-block-heading has-text-align-left\">PATROCINA<\/h5>\n\n\n\n<p>Apoya a la comunidad open source de WordPress. Rellena el formulario y participa.<\/p>\n\n\n\n<div class=\"wp-block-buttons is-layout-flex wp-block-buttons-is-layout-flex\">\n<div class=\"wp-block-button arrow-button green small displaynone\"><a class=\"wp-block-button__link wp-element-button\">VER M\u00c1S<\/a><\/div>\n<\/div>\n<\/div>\n\n\n\n<div class=\"wp-block-column is-layout-flow wp-block-column-is-layout-flow\">\n<h5 class=\"wp-block-heading has-text-align-left\">S\u00c9 PONENTE<\/h5>\n\n\n\n<p>Todos tenemos algo que ense\u00f1ar a los dem\u00e1s. Rellena el formulario y env\u00eda tu propuesta.<\/p>\n\n\n\n<div class=\"wp-block-buttons is-layout-flex wp-block-buttons-is-layout-flex\">\n<div class=\"wp-block-button arrow-button black small displaynone\"><a class=\"wp-block-button__link wp-element-button\">VER M\u00c1S<\/a><\/div>\n<\/div>\n<\/div>\n\n\n\n<div class=\"wp-block-column is-layout-flow wp-block-column-is-layout-flow\">\n<h5 class=\"wp-block-heading has-text-align-left\">S\u00c9 VOLUNTARIO<\/h5>\n\n\n\n<p>Es un evento basado en el voluntariado. Rellena el formulario, s\u00e9 parte de la #WCVLC23<\/p>\n\n\n\n<div class=\"wp-block-buttons is-layout-flex wp-block-buttons-is-layout-flex\">\n<div class=\"wp-block-button arrow-button black small displaynone\"><a class=\"wp-block-button__link wp-element-button\">VER M\u00c1S<\/a><\/div>\n<\/div>\n<\/div>\n<\/div>\n<\/div>\n\n\n\n<div class=\"wp-block-group for-all-block is-vertical is-layout-flex wp-container-core-group-is-layout-fe9cc265 wp-block-group-is-layout-flex\">\n<h3 class=\"wp-block-heading\">Nuestra ubicaci\u00f3n<\/h3>\n\n\n\n<div class=\"wp-block-columns is-layout-flex wp-container-core-columns-is-layout-110bc6f8 wp-block-columns-is-layout-flex\" style=\"margin-top:0;margin-bottom:0;padding-right:0;padding-left:0\">\n<div class=\"wp-block-column is-layout-flow wp-block-column-is-layout-flow\">\n<h5 class=\"wp-block-heading orange\" style=\"text-transform:capitalize\"><strong>Centro Deportivo y Cultural La Petxina<\/strong><\/h5>\n\n\n\n<p>Un conjunto emblem\u00e1tico de la arquitectura valencia del siglo XX donde se combina tradici\u00f3n y contemporaneidad. Con espacios di\u00e1fanos y amplios para un evento inolvidable.<\/p>\n<\/div>\n\n\n\n<div class=\"wp-block-column is-layout-flow wp-block-column-is-layout-flow\">\n<h5 class=\"wp-block-heading\" style=\"text-transform:capitalize\"><strong>Paseo de la Petxina 42, \u2013 46008 VALENCIA<\/strong><\/h5>\n\n\n\n<p>Muy cerca del casco hist\u00f3rico y con una situaci\u00f3n privilegiada que ofrece un f\u00e1cil acceso desde cualquier punto de la ciudad.<\/p>\n<\/div>\n<\/div>\n<\/div>\n\n\n\n<div class=\"wp-block-group schools is-layout-constrained wp-block-group-is-layout-constrained\">\n<h6 class=\"wp-block-heading has-text-align-center displaynone\">Escuelas colaboradoras<\/h6>\n\n\n\n<div class=\"wp-block-columns displaynone is-layout-flex wp-container-core-columns-is-layout-28f84493 wp-block-columns-is-layout-flex\">\n<div class=\"wp-block-column is-layout-flow wp-block-column-is-layout-flow\">\n<figure class=\"wp-block-image size-full\"><img loading=\"lazy\" decoding=\"async\" width=\"220\" height=\"36\" src=\"https:\/\/valencia.wordcamp.org\/2023\/files\/2023\/08\/Logo1.png\" alt=\"\" class=\"wp-image-343\" \/><\/figure>\n<\/div>\n\n\n\n<div class=\"wp-block-column is-layout-flow wp-block-column-is-layout-flow\">\n<figure class=\"wp-block-image size-full\"><img loading=\"lazy\" decoding=\"async\" width=\"220\" height=\"36\" src=\"https:\/\/valencia.wordcamp.org\/2023\/files\/2023\/08\/Logo1.png\" alt=\"\" class=\"wp-image-343\" \/><\/figure>\n<\/div>\n\n\n\n<div class=\"wp-block-column is-layout-flow wp-block-column-is-layout-flow\">\n<figure class=\"wp-block-image size-full\"><img loading=\"lazy\" decoding=\"async\" width=\"220\" height=\"36\" src=\"https:\/\/valencia.wordcamp.org\/2023\/files\/2023\/08\/Logo1.png\" alt=\"\" class=\"wp-image-343\" \/><\/figure>\n<\/div>\n\n\n\n<div class=\"wp-block-column is-layout-flow wp-block-column-is-layout-flow\">\n<figure class=\"wp-block-image size-full\"><img loading=\"lazy\" decoding=\"async\" width=\"220\" height=\"36\" src=\"https:\/\/valencia.wordcamp.org\/2023\/files\/2023\/08\/Logo1.png\" alt=\"\" class=\"wp-image-343\" \/><\/figure>\n<\/div>\n\n\n\n<div class=\"wp-block-column is-layout-flow wp-block-column-is-layout-flow\">\n<figure class=\"wp-block-image size-full\"><img loading=\"lazy\" decoding=\"async\" width=\"220\" height=\"36\" src=\"https:\/\/valencia.wordcamp.org\/2023\/files\/2023\/08\/Logo1.png\" alt=\"\" class=\"wp-image-343\" \/><\/figure>\n<\/div>\n<\/div>\n<\/div>\n\n\n\n<div class=\"wp-block-group the-event-block alignfull is-layout-constrained wp-block-group-is-layout-constrained\">\n<h2 class=\"wp-block-heading has-text-align-center\">El evento<\/h2>\n\n\n\n<div class=\"wp-block-group is-layout-constrained wp-block-group-is-layout-constrained\">\n<div class=\"items\">\n<a class=\"item\" href=\"https:\/\/valencia.wordcamp.org\/2023\/es\/wordpress-school-day\/\">WordPress School Day<span>10\/11<\/span><\/a>\n<a class=\"item\" href=\"https:\/\/valencia.wordcamp.org\/2023\/es\/dia-de-la-comunidad\/\">D\u00eda de la comunidad<span>10\/11<\/span><\/a>\n<a class=\"item\" href=\"https:\/\/valencia.wordcamp.org\/2023\/es\/bienvenido-a-la-wordcamp\/\">WordCamp<span>11\/11<\/span><\/a>\n<\/div>\n<\/div>\n<\/div>\n\n\n\n<div class=\"wp-block-group sponsors-block displaynone is-layout-constrained wp-block-group-is-layout-constrained\">\n<div class=\"wp-block-columns is-layout-flex wp-container-core-columns-is-layout-28f84493 wp-block-columns-is-layout-flex\">\n<div class=\"wp-block-column is-layout-flow wp-block-column-is-layout-flow\">\n<h2 class=\"wp-block-heading\">Patrocinadores<\/h2>\n<\/div>\n\n\n\n<div class=\"wp-block-column is-layout-flow wp-block-column-is-layout-flow\">\n<p>Lorem ipsum dolor sit amet, consectetur adipiscing elit. Quisque imperdiet varius convallis. Mauris mattis porta molestie. Donec ac imperdiet mauris. In in tellus orci. Ut cursus est in lacus volutpat iaculis.<\/p>\n<\/div>\n<\/div>\n\n\n\n<div class=\"gold\"><p>Patrocinadores<\/p><h3>ORO<\/h3><\/div>\n<div class=\"silver\"><p>Patrocinadores<\/p><h3>PLATA<\/h3><\/div>\n<div class=\"bronze\"><p>Patrocinadores<\/p><h3>BRONCE<\/h3><\/div>\n<\/div>\n\n\n\n<div class=\"wp-block-columns faqs-block is-layout-flex wp-container-core-columns-is-layout-28f84493 wp-block-columns-is-layout-flex\">\n<div class=\"wp-block-column is-layout-flow wp-block-column-is-layout-flow\">\n<h3 class=\"wp-block-heading\">Una WordCamp en pocas palabras<\/h3>\n\n\n\n<div class=\"wp-block-buttons is-layout-flex wp-block-buttons-is-layout-flex\">\n<div class=\"wp-block-button small black\"><a class=\"wp-block-button__link wp-element-button\" href=\"\/2023\/contacto\">Contactar<\/a><\/div>\n<\/div>\n<\/div>\n\n\n\n<div class=\"wp-block-column is-layout-flow wp-block-column-is-layout-flow\">\n<details class=\"wp-block-details is-layout-flow wp-block-details-is-layout-flow\"><summary>\u00bfQu\u00e9 es una WordCamp?<\/summary>\n<p>Las WordCamps son eventos organizados por la comunidad de WordPress. Durante estas jornadas, que suelen durar dos d\u00edas, se organiza el Community Day y las charlas impartidas por entusiastas y expertos de WordPress. Todos, desde usuarios ocasionales hasta desarrolladores principales, participan, comparten ideas y se conocen.&nbsp;<\/p>\n<\/details>\n\n\n\n<details class=\"wp-block-details is-layout-flow wp-block-details-is-layout-flow\"><summary>\u00bfCu\u00e1ndo fue la primera WordCamp?<\/summary>\n<p>La primera WordCamp fue en 2006 en San Francisco. Fue organizado por Matt Mullenweg. Asistieron alrededor de 500.<\/p>\n<\/details>\n\n\n\n<details class=\"wp-block-details is-layout-flow wp-block-details-is-layout-flow\"><summary>\u00bfTodos los organizadores son voluntarios?<\/summary>\n<p>Una WordCamp es un evento basado en el voluntariado. Ni los organizadores, ni el equipo de apoyo, ni siquiera los ponentes obtenemos ninguna retribuci\u00f3n econ\u00f3mica.<\/p>\n<\/details>\n\n\n\n<details class=\"wp-block-details is-layout-flow wp-block-details-is-layout-flow\"><summary>\u00bfQu\u00e9 esperar de una WordCamp?<\/summary>\n<p>Tendr\u00e1s acceso a presentaciones, paneles de discusi\u00f3n, talleres, eventos de networking, eventos sociales. Est\u00e1 dise\u00f1ado para aprender m\u00e1s sobre WordPress, establecer conexiones con otros usuarios y encontrar nuevas oportunidades para usar o desarrollar la plataforma.<\/p>\n<\/details>\n<\/div>\n<\/div>\n\n\n\n<div class=\"wp-block-group last-news-block alignfull is-layout-constrained wp-block-group-is-layout-constrained\">\n<h2 class=\"wp-block-heading has-text-align-center\">\u00daltimas noticias<\/h2>\n\n\n\n<p class=\"has-text-align-center\">Ponte al d\u00eda de la vida de la pr\u00f3xima WordCamp en Valencia, con todas las novedades y detalles del evento en esta secci\u00f3n de noticias. \u00a1Descubre lo que tenemos preparado para ti!<\/p>\n\n\n\n<div class=\"wp-block-columns is-layout-flex wp-container-core-columns-is-layout-9c22b1e3 wp-block-columns-is-layout-flex\">\n<div class=\"wp-block-column is-vertically-aligned-bottom is-layout-flow wp-container-core-column-is-layout-f751d6c2 wp-block-column-is-layout-flow\" style=\"flex-basis:100%\"><ul style=\"padding-right:0;padding-left:0;margin-right:0;margin-left:0;\" class=\"wp-block-latest-posts__list is-grid columns-3 has-dates wp-block-latest-posts\"><li><a class=\"wp-block-latest-posts__post-title\" href=\"https:\/\/valencia.wordcamp.org\/2023\/es\/blog\/wordcamp-valencia-2023-en-numeros\/\">WordCamp Val\u00e8ncia 2023 en n\u00fameros<\/a><time datetime=\"2023-11-24T17:35:44+01:00\" class=\"wp-block-latest-posts__post-date\">24\/11\/2023<\/time><\/li>\n<li><a class=\"wp-block-latest-posts__post-title\" href=\"https:\/\/valencia.wordcamp.org\/2023\/es\/agradecimientos-a-los-patrocinadores-bunyol-de-bronze-modular-motive-y-vadavo\/\">Agradecimientos a los Patrocinadores Bunyol de Bronze, Modular, Motive y Vadavo<\/a><time datetime=\"2023-10-31T10:53:00+01:00\" class=\"wp-block-latest-posts__post-date\">31\/10\/2023<\/time><\/li>\n<li><a class=\"wp-block-latest-posts__post-title\" href=\"https:\/\/valencia.wordcamp.org\/2023\/es\/gracias-iukanet-patrocinador-bunyol-de-plata-de-la-wordcamp-valencia-2023\/\">Gracias Iukanet patrocinador Bunyol de Plata de la WordCamp Valencia 2023<\/a><time datetime=\"2023-10-30T17:41:49+01:00\" class=\"wp-block-latest-posts__post-date\">30\/10\/2023<\/time><\/li>\n<\/ul><\/div>\n<\/div>\n\n\n\n<div class=\"wp-block-buttons is-content-justification-center is-layout-flex wp-container-core-buttons-is-layout-a89b3969 wp-block-buttons-is-layout-flex\">\n<div class=\"wp-block-button small white\"><a class=\"wp-block-button__link has-text-align-left wp-element-button\" href=\"https:\/\/valencia.wordcamp.org\/2023\/noticias\/\">M\u00c1S NOVEDADES<\/a><\/div>\n<\/div>\n<\/div>\n\n\n\n<div class=\"wp-block-cover has-parallax organizers-block\" style=\"margin-top:0;margin-bottom:0;padding-top:5.06rem;padding-right:var(--wp--preset--spacing--80);padding-bottom:5.06rem;padding-left:var(--wp--preset--spacing--80)\"><span aria-hidden=\"true\" class=\"wp-block-cover__background has-background-dim-30 has-background-dim\"><\/span><div role=\"img\" class=\"wp-block-cover__image-background wp-image-841 has-parallax\" style=\"background-position:50% 50%;background-image:url(https:\/\/valencia.wordcamp.org\/2023\/files\/2023\/08\/organizers-min.jpg)\"><\/div><div class=\"wp-block-cover__inner-container is-layout-constrained wp-container-core-cover-is-layout-92f04334 wp-block-cover-is-layout-constrained\">\n<figure class=\"wp-block-image aligncenter size-full is-resized\"><img decoding=\"async\" src=\"https:\/\/valencia.wordcamp.org\/2023\/files\/2023\/08\/logo.png\" alt=\"\" class=\"wp-image-333\" style=\"width:200px\" width=\"200\" \/><\/figure>\n<\/div><\/div>\n","protected":false},"excerpt":{"rendered":"<p>WordCamp Valencia 2023 10-11 de noviembre Bienvenidos a la 4ta edici\u00f3n de la WordCamp Valencia. Un evento donde nos reunimos los entusiastas de WordPress con el prop\u00f3sito de contribuir a uno de los proyectos open source m\u00e1s populares de la web. En esta edici\u00f3n queremos m\u00e1s, queremos ser el punto de partida para nuevos colaboradores. [&hellip;]<\/p>\n","protected":false},"author":5595142,"featured_media":0,"parent":0,"menu_order":0,"comment_status":"closed","ping_status":"closed","template":"","meta":{"jetpack_post_was_ever_published":false,"footnotes":""},"class_list":["post-133","page","type-page","status-publish","hentry"],"jetpack_sharing_enabled":true,"_links":{"self":[{"href":"https:\/\/valencia.wordcamp.org\/2023\/wp-json\/wp\/v2\/pages\/133","targetHints":{"allow":["GET"]}}],"collection":[{"href":"https:\/\/valencia.wordcamp.org\/2023\/wp-json\/wp\/v2\/pages"}],"about":[{"href":"https:\/\/valencia.wordcamp.org\/2023\/wp-json\/wp\/v2\/types\/page"}],"author":[{"embeddable":true,"href":"https:\/\/valencia.wordcamp.org\/2023\/wp-json\/wp\/v2\/users\/5595142"}],"replies":[{"embeddable":true,"href":"https:\/\/valencia.wordcamp.org\/2023\/wp-json\/wp\/v2\/comments?post=133"}],"version-history":[{"count":91,"href":"https:\/\/valencia.wordcamp.org\/2023\/wp-json\/wp\/v2\/pages\/133\/revisions"}],"predecessor-version":[{"id":4692,"href":"https:\/\/valencia.wordcamp.org\/2023\/wp-json\/wp\/v2\/pages\/133\/revisions\/4692"}],"wp:attachment":[{"href":"https:\/\/valencia.wordcamp.org\/2023\/wp-json\/wp\/v2\/media?parent=133"}],"curies":[{"name":"wp","href":"https:\/\/api.w.org\/{rel}","templated":true}]}}