{"id":2440,"date":"2023-09-12T19:59:03","date_gmt":"2023-09-12T17:59:03","guid":{"rendered":"https:\/\/valencia.wordcamp.org\/2023\/?page_id=2440"},"modified":"2023-11-10T10:14:12","modified_gmt":"2023-11-10T09:14:12","slug":"entrades","status":"publish","type":"page","link":"https:\/\/valencia.wordcamp.org\/2023\/val\/entrades\/","title":{"rendered":"Entrades"},"content":{"rendered":"\n<div class=\"wp-block-group is-layout-flow wp-block-group-is-layout-flow\" style=\"margin-top:var(--wp--preset--spacing--60);margin-bottom:var(--wp--preset--spacing--60)\">\n<div class=\"wp-block-columns is-layout-flex wp-container-core-columns-is-layout-1b715042 wp-block-columns-is-layout-flex\">\n<div class=\"wp-block-column is-vertically-aligned-center is-layout-flow wp-block-column-is-layout-flow\" style=\"flex-basis:40%\">\n<h2 class=\"wp-block-heading\">Compra ja les teues entrades per a #WCVLC23!<\/h2>\n\n\n\n<p>Celebrem la WordCamp Val\u00e8ncia 2023 el <strong>10 i 11 de novembre de 2023<\/strong>. Enguany, a m\u00e9s de tindre el d\u00eda de la comunitat i un dia complet de Confer\u00e8ncies hem afegit una Formaci\u00f3 de WordPress, les entrades de la qual, amb un preu simb\u00f2lic, es vendran de manera independent a les entrades generals.<\/p>\n<\/div>\n\n\n\n<div class=\"wp-block-column is-vertically-aligned-top is-layout-flow wp-block-column-is-layout-flow\" style=\"flex-basis:60%\"><a href=\"https:\/\/valencia.wordcamp.org\/2023\/val\/entrades\/\">Por favor, ve esta p\u00e1gina en un navegador para hacer una compra o gestionar entradas.<\/a>\n<\/div>\n<\/div>\n<\/div>\n\n\n\n<div class=\"wp-block-group has-tertiary-background-color has-background is-layout-flow wp-container-core-group-is-layout-5257fa64 wp-block-group-is-layout-flow\" style=\"padding-top:var(--wp--preset--spacing--80);padding-bottom:var(--wp--preset--spacing--80)\">\n<div class=\"wp-block-columns is-layout-flex wp-container-core-columns-is-layout-28f84493 wp-block-columns-is-layout-flex\">\n<div class=\"wp-block-column is-layout-flow wp-block-column-is-layout-flow\" style=\"padding-right:var(--wp--preset--spacing--30);padding-left:var(--wp--preset--spacing--30);flex-basis:50%\">\n<h2 class=\"wp-block-heading has-background-color has-primary-background-color has-text-color has-background has-link-color wp-elements-46d6590f9e76d3a6781eb28cb51b68cc\">ENTRADA \u201cGeneral WordCamp\u201d 30\u20ac<br>ESGOTADES<\/h2>\n\n\n\n<p style=\"font-size:0.9rem\">La WordCamp se celebra el dissabte 11 de novembre durant tot el dia en el centre esportiu La Petxina.<\/p>\n\n\n\n<h3 class=\"wp-block-heading has-foreground-color has-text-color has-link-color wp-elements-4c6a78c3e26b38a6e34ce6da467b9536\"><em>Qu\u00e8 inclou?<\/em><\/h3>\n\n\n\n<ul class=\"wp-block-list\">\n<li>Divendres de vesprada a partir de la 15.00h i dissabte complet<\/li>\n\n\n\n<li>Acc\u00e9s al dia de la comunitat a partir de les 15.00h<\/li>\n\n\n\n<li>Estan incloses els menjars durant l&#8217;esdeveniment. A m\u00e9s durant tot el dia tindr\u00e0s a la teua disposici\u00f3 caf\u00e9s, fruita, sucs i cosetes per a picar. Un xicotet secret: el servei d&#8217;\u00e0pats est\u00e0 de mort.&nbsp;&nbsp;<\/li>\n\n\n\n<li>Invitaci\u00f3 al after party del dissabte a la nit, on podr\u00e0s prendre alguna cosa, sopar i relacionar-te amb altres assistents a l&#8217;esdeveniment i fer el que nosaltres diem comunitat.<\/li>\n\n\n\n<li>Samarreta de la WordCamp Val\u00e8ncia 2023, acreditaci\u00f3 personalitzada i pack de benvinguda.<\/li>\n<\/ul>\n<\/div>\n\n\n\n<div class=\"wp-block-column is-layout-flow wp-block-column-is-layout-flow\" style=\"padding-right:var(--wp--preset--spacing--30);padding-left:var(--wp--preset--spacing--30);flex-basis:50%\">\n<h2 class=\"wp-block-heading has-background-color has-primary-background-color has-text-color has-background has-link-color wp-elements-f302584a511878d843a9c1cda1d5f9d5\">ENTRADA \u201cWordPress School Day\u201d 10\u20ac<br>ESGOTADES<\/h2>\n\n\n\n<p style=\"font-size:0.9rem\">El WordPress School es celebrar\u00e0 el divendres 10 de novembre durant el mat\u00ed en el centre esportiu La Petxina.<\/p>\n\n\n\n<h3 class=\"wp-block-heading has-foreground-color has-text-color has-link-color wp-elements-90671ac4cce844dba399801d76b1d35d\"><em>Qu\u00e8 inclou?<\/em><\/h3>\n\n\n\n<ul class=\"wp-block-list\">\n<li>Acc\u00e9s a la formaci\u00f3 WordPress (aforament limitat)<\/li>\n\n\n\n<li>Acc\u00e9s al dia de la comunitat<\/li>\n\n\n\n<li>Est\u00e0 inclosa el menjar durant l&#8217;esdeveniment, caf\u00e9s i alguna coseta per a picar. Un xicotet secret: el servei d&#8217;\u00e0pats est\u00e0 de mort.<\/li>\n\n\n\n<li>Acreditaci\u00f3 personalitzada<\/li>\n\n\n\n<li>Certificat de participaci\u00f3 acreditat per l&#8217;equip WordPress Val\u00e8ncia.<\/li>\n<\/ul>\n\n\n\n<p style=\"font-size:0.9rem\">L&#8217;entrada tindr\u00e0 un preu simb\u00f2lic. L&#8217;aforament \u00e9s limitat, no podr\u00e0s accedir si no tens l&#8217;acreditaci\u00f3 corresponent.<\/p>\n<\/div>\n<\/div>\n<\/div>\n\n\n\n<div class=\"wp-block-group is-layout-constrained wp-container-core-group-is-layout-e9314faf wp-block-group-is-layout-constrained\" style=\"margin-top:var(--wp--preset--spacing--80);margin-bottom:var(--wp--preset--spacing--80)\">\n<h2 class=\"wp-block-heading\">ATENCI\u00d3 PATROCINADORS I VOLUNTARIS<\/h2>\n\n\n\n<p>Si eres patrocinador o voluntari, la teua entrada \u00e9s <strong>GRATIS<\/strong>. El WordPress School no est\u00e0 incl\u00f2s<\/p>\n\n\n\n<div class=\"wp-block-group is-content-justification-center is-nowrap is-layout-flex wp-container-core-group-is-layout-5f81aaee wp-block-group-is-layout-flex\" style=\"padding-right:0;padding-left:0\">\n<div class=\"wp-block-buttons is-layout-flex wp-container-core-buttons-is-layout-d7af6e26 wp-block-buttons-is-layout-flex\">\n<div class=\"wp-block-button is-style-outline is-style-outline--1\"><a class=\"wp-block-button__link wp-element-button\" href=\"https:\/\/valencia.wordcamp.org\/2023\/val\/crida-patrocinadors\/\" target=\"_blank\" rel=\"noreferrer noopener\"><strong>Ser Patrocinador<\/strong><\/a><\/div>\n<\/div>\n\n\n\n<div class=\"wp-block-buttons is-layout-flex wp-block-buttons-is-layout-flex\">\n<div class=\"wp-block-button is-style-outline is-style-outline--2\"><a class=\"wp-block-button__link wp-element-button\" href=\"https:\/\/valencia.wordcamp.org\/2023\/val\/crida-voluntaris\/\" target=\"_blank\" rel=\"noreferrer noopener\"><strong>Ser <strong>Voluntari<\/strong><\/strong><\/a><\/div>\n<\/div>\n<\/div>\n\n\n\n<p><strong>IMPORTANT:<\/strong><\/p>\n\n\n\n<p><strong>FOTO:<\/strong> Utilitzem el sistema Gravatar per a mostrar la foto o avatar dels assistents en la p\u00e0gina d&#8217;assistents. Si vols que la teua foto aparega en el llistat i en la teua acreditaci\u00f3 personalitzada, n&#8217;hi ha prou amb crear un compte i assignar-li el teu avatar o foto al correu electr\u00f2nic que utilitzar\u00e0s per a adquirir la teua entrada.<\/p>\n\n\n\n<p><strong>AUTORITZACI\u00d3:<\/strong> Pel b\u00e9 de la comunitat i amb finalitats de promoci\u00f3, hi haur\u00e0 voluntaris i\/o fot\u00f2grafs professionals en la WordCamp Val\u00e8ncia 2023. En acudir a l&#8217;esdeveniment autoritzes la utilitzaci\u00f3 de la teua imatge si apareixes en fotos o v\u00eddeos realitzats durant participaci\u00f3 en la WordCamp.<\/p>\n<\/div>\n","protected":false},"excerpt":{"rendered":"<p>Compra ja les teues entrades per a #WCVLC23! Celebrem la WordCamp Val\u00e8ncia 2023 el 10 i 11 de novembre de 2023. Enguany, a m\u00e9s de tindre el d\u00eda de la comunitat i un dia complet de Confer\u00e8ncies hem afegit una Formaci\u00f3 de WordPress, les entrades de la qual, amb un preu simb\u00f2lic, es vendran de [&hellip;]<\/p>\n","protected":false},"author":16530069,"featured_media":0,"parent":875,"menu_order":0,"comment_status":"closed","ping_status":"closed","template":"wp-custom-template-plantilla-valenciano","meta":{"jetpack_post_was_ever_published":true,"footnotes":""},"class_list":["post-2440","page","type-page","status-publish","hentry"],"jetpack_sharing_enabled":true,"_links":{"self":[{"href":"https:\/\/valencia.wordcamp.org\/2023\/wp-json\/wp\/v2\/pages\/2440","targetHints":{"allow":["GET"]}}],"collection":[{"href":"https:\/\/valencia.wordcamp.org\/2023\/wp-json\/wp\/v2\/pages"}],"about":[{"href":"https:\/\/valencia.wordcamp.org\/2023\/wp-json\/wp\/v2\/types\/page"}],"author":[{"embeddable":true,"href":"https:\/\/valencia.wordcamp.org\/2023\/wp-json\/wp\/v2\/users\/16530069"}],"replies":[{"embeddable":true,"href":"https:\/\/valencia.wordcamp.org\/2023\/wp-json\/wp\/v2\/comments?post=2440"}],"version-history":[{"count":14,"href":"https:\/\/valencia.wordcamp.org\/2023\/wp-json\/wp\/v2\/pages\/2440\/revisions"}],"predecessor-version":[{"id":4672,"href":"https:\/\/valencia.wordcamp.org\/2023\/wp-json\/wp\/v2\/pages\/2440\/revisions\/4672"}],"up":[{"embeddable":true,"href":"https:\/\/valencia.wordcamp.org\/2023\/wp-json\/wp\/v2\/pages\/875"}],"wp:attachment":[{"href":"https:\/\/valencia.wordcamp.org\/2023\/wp-json\/wp\/v2\/media?parent=2440"}],"curies":[{"name":"wp","href":"https:\/\/api.w.org\/{rel}","templated":true}]}}