{"id":875,"date":"2023-08-10T18:35:17","date_gmt":"2023-08-10T16:35:17","guid":{"rendered":"https:\/\/valencia.wordcamp.org\/2023\/?page_id=875"},"modified":"2023-10-05T11:04:08","modified_gmt":"2023-10-05T09:04:08","slug":"val","status":"publish","type":"page","link":"https:\/\/valencia.wordcamp.org\/2023\/val\/","title":{"rendered":"Valenci\u00e0"},"content":{"rendered":"\n<div class=\"wp-block-group wordcamp-block is-layout-constrained wp-block-group-is-layout-constrained\">\n<h1 class=\"wp-block-heading has-primary-color has-text-color\">WordCamp Val\u00e8ncia <span>2023<\/span><\/h1>\n\n\n\n<h2 class=\"wp-block-heading\">10-11 de novembre<\/h2>\n\n\n\n<p>Benvinguts a la 4ta edici\u00f3 de la WordCamp Val\u00e8ncia. Un esdeveniment on ens reunim els entusiastes de WordPress amb el prop\u00f2sit de contribuir a un dels projectes open source m\u00e9s populars de la web. En aquesta edici\u00f3 volem m\u00e9s, volem ser el punt de partida per a nous col\u00b7laboradors. Per aquesta ra\u00f3 hem preparat l\u2019esdeveniment <strong><a href=\"https:\/\/valencia.wordcamp.org\/2023\/es\/wordpress-school-day\/\">WordPress School Day<\/a><\/strong> per a orientar als qui es consideren principiants i oferir-los una mirada 360 de WordPress. A m\u00e9s tindrem els espais habituals del <strong>Community Day<\/strong> i les <strong>xarrades de professionals experimentats.<\/strong><\/p>\n\n\n\n<p>Des de l&#8217;equip d&#8217;organitzadors estem encantats de comptar amb la teua pres\u00e8ncia i col\u00b7laboraci\u00f3, volem veure&#8217;t de nou o per primera vegada.<\/p>\n\n\n\n<div class=\"wp-block-buttons displaynone is-layout-flex wp-block-buttons-is-layout-flex\">\n<div class=\"wp-block-button shop-button\"><a class=\"wp-block-button__link wp-element-button\" href=\"\/entradas-wcval\">Compra la teua entrada<\/a><\/div>\n<\/div>\n<\/div>\n\n\n\n<div class=\"wp-block-columns why-block is-layout-flex wp-container-core-columns-is-layout-28f84493 wp-block-columns-is-layout-flex\">\n<div class=\"wp-block-column is-layout-flow wp-block-column-is-layout-flow\">\n<h2 class=\"wp-block-heading has-text-align-left\">Suma&#8217;t a la 4ta edici\u00f3 de la #WCVLC23<\/h2>\n\n\n\n<div class=\"wp-block-columns is-layout-flex wp-container-core-columns-is-layout-cf05694f wp-block-columns-is-layout-flex\">\n<div class=\"wp-block-column is-layout-flow wp-block-column-is-layout-flow\">\n<figure class=\"wp-block-image size-full\"><img loading=\"lazy\" decoding=\"async\" width=\"120\" height=\"122\" src=\"https:\/\/valencia.wordcamp.org\/2023\/files\/2023\/08\/ico-developer.png\" alt=\"developer icon\" class=\"wp-image-295\" \/><\/figure>\n\n\n\n<h4 class=\"wp-block-heading\">Apr\u00e9n<\/h4>\n\n\n\n<p>Afig m\u00e9s coneixement a la teua vida, ja sigues un emprenedor, un desenvolupador professional, un bloguer o un usuari ocasional amb nosaltres pots aprendre m\u00e9s.&nbsp;<\/p>\n<\/div>\n\n\n\n<div class=\"wp-block-column is-layout-flow wp-block-column-is-layout-flow\">\n<figure class=\"wp-block-image size-full\"><img loading=\"lazy\" decoding=\"async\" width=\"120\" height=\"120\" src=\"https:\/\/valencia.wordcamp.org\/2023\/files\/2023\/08\/ico-desing.png\" alt=\"\" class=\"wp-image-296\" \/><\/figure>\n\n\n\n<h4 class=\"wp-block-heading\">Col\u00b7labora<\/h4>\n\n\n\n<p>Participa en un dels majors esdeveniment de la comunitat de WordPress a Espanya per a fer costat a tots els col\u00b7laboradors i per a convertir-te en un m\u00e9s.<\/p>\n<\/div>\n\n\n\n<div class=\"wp-block-column is-layout-flow wp-block-column-is-layout-flow\">\n<figure class=\"wp-block-image size-full\"><img loading=\"lazy\" decoding=\"async\" width=\"120\" height=\"122\" src=\"https:\/\/valencia.wordcamp.org\/2023\/files\/2023\/08\/ico-marketing.png\" alt=\"\" class=\"wp-image-297\" \/><\/figure>\n\n\n\n<h4 class=\"wp-block-heading\">Actualitza&#8217;t<\/h4>\n\n\n\n<p>Mantindre&#8217;s al dia amb les \u00faltimes tend\u00e8ncies, tecnologies i funcions de WordPress pot resultar esgotador. Aprofita les xarrades dels experts per a estar al dia.<\/p>\n<\/div>\n\n\n\n<div class=\"wp-block-column is-layout-flow wp-block-column-is-layout-flow\">\n<figure class=\"wp-block-image size-full\"><img loading=\"lazy\" decoding=\"async\" width=\"120\" height=\"120\" src=\"https:\/\/valencia.wordcamp.org\/2023\/files\/2023\/08\/ico-networking.png\" alt=\"\" class=\"wp-image-298\" \/><\/figure>\n\n\n\n<h4 class=\"wp-block-heading\">Connecta<\/h4>\n\n\n\n<p>\u00c9s un moment ideal per a fer networking. Ac\u00ed podr\u00e0s con\u00e9ixer persones i empreses o reconnectar amb antics companys.<\/p>\n<\/div>\n<\/div>\n<\/div>\n<\/div>\n\n\n\n<div class=\"wp-block-group community-bock alignfull is-layout-constrained wp-block-group-is-layout-constrained\">\n<figure class=\"wp-block-image aligncenter size-full is-resized\"><img loading=\"lazy\" decoding=\"async\" width=\"200\" height=\"242\" src=\"https:\/\/valencia.wordcamp.org\/2023\/files\/2023\/08\/logo.png\" alt=\"\" class=\"wp-image-333\" style=\"width:200px;height:undefinedpx\" \/><\/figure>\n\n\n\n<p class=\"textcenter\">Construirem<br><span class=\"lighter\">el futur<\/span><br>de la web <span class=\"font-bordered\">junts<\/span>.<\/p>\n<\/div>\n\n\n\n<div class=\"wp-block-group roles-block alignfull bgwhite is-layout-flow wp-block-group-is-layout-flow\">\n<div class=\"wp-block-columns is-layout-flex wp-container-core-columns-is-layout-28f84493 wp-block-columns-is-layout-flex\">\n<div class=\"wp-block-column is-layout-flow wp-block-column-is-layout-flow\">\n<h5 class=\"wp-block-heading has-text-align-left\">PATROCINADORS<\/h5>\n\n\n\n<p>Fes costat a la comunitat open source de WordPress. Ompli el formulari i participa.<\/p>\n\n\n\n<div class=\"wp-block-buttons is-layout-flex wp-block-buttons-is-layout-flex\">\n<div class=\"wp-block-button arrow-button green small displaynone\"><a class=\"wp-block-button__link wp-element-button\">VER M\u00c1S<\/a><\/div>\n<\/div>\n<\/div>\n\n\n\n<div class=\"wp-block-column is-layout-flow wp-block-column-is-layout-flow\">\n<h5 class=\"wp-block-heading has-text-align-left\">PONENTS<\/h5>\n\n\n\n<p>Tots tenim alguna cosa que podem ensenyar als altres. Ompli el formulari i envia la teua proposta.<\/p>\n\n\n\n<div class=\"wp-block-buttons is-layout-flex wp-block-buttons-is-layout-flex\">\n<div class=\"wp-block-button arrow-button black small displaynone\"><a class=\"wp-block-button__link wp-element-button\">VER M\u00c1S<\/a><\/div>\n<\/div>\n<\/div>\n\n\n\n<div class=\"wp-block-column is-layout-flow wp-block-column-is-layout-flow\">\n<h5 class=\"wp-block-heading has-text-align-left\">VOLUNTARIS<\/h5>\n\n\n\n<p>\u00c9s un esdeveniment basat en el voluntariat. Ompli el formulari, si vols ser part de la #WCVLC23<\/p>\n\n\n\n<div class=\"wp-block-buttons is-layout-flex wp-block-buttons-is-layout-flex\">\n<div class=\"wp-block-button arrow-button black small displaynone\"><a class=\"wp-block-button__link wp-element-button\">VER M\u00c1S<\/a><\/div>\n<\/div>\n<\/div>\n<\/div>\n<\/div>\n\n\n\n<div class=\"wp-block-group for-all-block is-vertical is-layout-flex wp-container-core-group-is-layout-fe9cc265 wp-block-group-is-layout-flex\">\n<h3 class=\"wp-block-heading\">La nostra ubicaci\u00f3<\/h3>\n\n\n\n<div class=\"wp-block-columns is-layout-flex wp-container-core-columns-is-layout-110bc6f8 wp-block-columns-is-layout-flex\" style=\"margin-top:0;margin-bottom:0;padding-right:0;padding-left:0\">\n<div class=\"wp-block-column is-layout-flow wp-block-column-is-layout-flow\">\n<h5 class=\"wp-block-heading orange\" style=\"text-transform:capitalize\">Centre Esportiu i Cultural La Petxina.<\/h5>\n\n\n\n<p>Un conjunt emblem\u00e0tic de l&#8217;arquitectura valenciana del segle XX on es combina tradici\u00f3 i contemporane\u00eftat. Espais di\u00e0fans i amplis per a un esdeveniment inoblidable.<\/p>\n<\/div>\n\n\n\n<div class=\"wp-block-column is-layout-flow wp-block-column-is-layout-flow\">\n<h5 class=\"wp-block-heading\" style=\"text-transform:capitalize\">Passeig de la Pextxina 42, \u2013 46008 VAL\u00c8NCIA<\/h5>\n\n\n\n<p>Molt prop del centre hist\u00f2ric i amb una situaci\u00f3 privilegiada que ofereix un f\u00e0cil acc\u00e9s des de qualsevol punt de la ciutat.<\/p>\n<\/div>\n<\/div>\n<\/div>\n\n\n\n<div class=\"wp-block-group schools is-layout-constrained wp-block-group-is-layout-constrained\">\n<h6 class=\"wp-block-heading has-text-align-center displaynone\">Escuelas colaboradoras<\/h6>\n\n\n\n<div class=\"wp-block-columns displaynone is-layout-flex wp-container-core-columns-is-layout-28f84493 wp-block-columns-is-layout-flex\">\n<div class=\"wp-block-column is-layout-flow wp-block-column-is-layout-flow\">\n<figure class=\"wp-block-image size-full\"><img loading=\"lazy\" decoding=\"async\" width=\"220\" height=\"36\" src=\"https:\/\/valencia.wordcamp.org\/2023\/files\/2023\/08\/Logo1.png\" alt=\"\" class=\"wp-image-343\" \/><\/figure>\n<\/div>\n\n\n\n<div class=\"wp-block-column is-layout-flow wp-block-column-is-layout-flow\">\n<figure class=\"wp-block-image size-full\"><img loading=\"lazy\" decoding=\"async\" width=\"220\" height=\"36\" src=\"https:\/\/valencia.wordcamp.org\/2023\/files\/2023\/08\/Logo1.png\" alt=\"\" class=\"wp-image-343\" \/><\/figure>\n<\/div>\n\n\n\n<div class=\"wp-block-column is-layout-flow wp-block-column-is-layout-flow\">\n<figure class=\"wp-block-image size-full\"><img loading=\"lazy\" decoding=\"async\" width=\"220\" height=\"36\" src=\"https:\/\/valencia.wordcamp.org\/2023\/files\/2023\/08\/Logo1.png\" alt=\"\" class=\"wp-image-343\" \/><\/figure>\n<\/div>\n\n\n\n<div class=\"wp-block-column is-layout-flow wp-block-column-is-layout-flow\">\n<figure class=\"wp-block-image size-full\"><img loading=\"lazy\" decoding=\"async\" width=\"220\" height=\"36\" src=\"https:\/\/valencia.wordcamp.org\/2023\/files\/2023\/08\/Logo1.png\" alt=\"\" class=\"wp-image-343\" \/><\/figure>\n<\/div>\n\n\n\n<div class=\"wp-block-column is-layout-flow wp-block-column-is-layout-flow\">\n<figure class=\"wp-block-image size-full\"><img loading=\"lazy\" decoding=\"async\" width=\"220\" height=\"36\" src=\"https:\/\/valencia.wordcamp.org\/2023\/files\/2023\/08\/Logo1.png\" alt=\"\" class=\"wp-image-343\" \/><\/figure>\n<\/div>\n<\/div>\n<\/div>\n\n\n\n<div class=\"wp-block-group the-event-block alignfull is-layout-constrained wp-block-group-is-layout-constrained\">\n<h2 class=\"wp-block-heading has-text-align-center\">L&#8217;esdeveniment<\/h2>\n\n\n\n<div class=\"wp-block-group is-layout-constrained wp-block-group-is-layout-constrained\">\n<div class=\"items\">\n<a class=\"item\" href=\"https:\/\/valencia.wordcamp.org\/2023\/val\/wordpress-school-day-2\/\">WordPress School Day<span>10\/11<\/span><\/a>\n<a class=\"item\" href=\"https:\/\/valencia.wordcamp.org\/2023\/val\/dia-de-la-comunitat\/\">D\u00eda de la Comunitat<span>10\/11<\/span><\/a>\n<a class=\"item\" href=\"https:\/\/valencia.wordcamp.org\/2023\/val\/benvingut-a-la-wordcamp\/\">WordCamp<span>11\/11<\/span><\/a>\n<\/div>\n<\/div>\n<\/div>\n\n\n\n<div class=\"wp-block-group sponsors-block displaynone is-layout-constrained wp-block-group-is-layout-constrained\">\n<div class=\"wp-block-columns is-layout-flex wp-container-core-columns-is-layout-28f84493 wp-block-columns-is-layout-flex\">\n<div class=\"wp-block-column is-layout-flow wp-block-column-is-layout-flow\">\n<h2 class=\"wp-block-heading\">Patrocinadors<\/h2>\n<\/div>\n\n\n\n<div class=\"wp-block-column is-layout-flow wp-block-column-is-layout-flow\">\n<p>Lorem ipsum dolor sit amet, consectetur adipiscing elit. Quisque imperdiet varius convallis. Mauris mattis porta molestie. Donec ac imperdiet mauris. In in tellus orci. Ut cursus est in lacus volutpat iaculis.<\/p>\n<\/div>\n<\/div>\n\n\n\n<div class=\"gold\"><p>Patrocinadores<\/p><h3>ORO<\/h3><\/div>\n<div class=\"silver\"><p>Patrocinadores<\/p><h3>PLATA<\/h3><\/div>\n<div class=\"bronze\"><p>Patrocinadores<\/p><h3>BRONCE<\/h3><\/div>\n<\/div>\n\n\n\n<div class=\"wp-block-columns faqs-block is-layout-flex wp-container-core-columns-is-layout-28f84493 wp-block-columns-is-layout-flex\">\n<div class=\"wp-block-column is-layout-flow wp-block-column-is-layout-flow\">\n<h3 class=\"wp-block-heading\">Una WordCamp en poques paraules<\/h3>\n\n\n\n<div class=\"wp-block-buttons is-layout-flex wp-block-buttons-is-layout-flex\">\n<div class=\"wp-block-button small black\"><a class=\"wp-block-button__link wp-element-button\" href=\"\/2023\/val\/contacte\">Contactar<\/a><\/div>\n<\/div>\n<\/div>\n\n\n\n<div class=\"wp-block-column is-layout-flow wp-block-column-is-layout-flow\">\n<details class=\"wp-block-details is-layout-flow wp-block-details-is-layout-flow\"><summary>Qu\u00e8 \u00e9s una WordCamp?<\/summary>\n<p>Les WordCamps s\u00f3n esdeveniments organitzats per la comunitat de WordPress. Durant aquestes jornades, que solen durar dos dies, s&#8217;organitza el Community Day i les xarrades impartides per entusiastes i experts de WordPress. Tots, des d&#8217;usuaris ocasionals fins a desenvolupadors principals, participen, comparteixen idees i es coneixen.<\/p>\n<\/details>\n\n\n\n<details class=\"wp-block-details is-layout-flow wp-block-details-is-layout-flow\"><summary>Quan va ser la primera WordCamp?<\/summary>\n<p>La primera WordCamp va ser en 2006 a San Francisco. Va ser organitzat per Matt Mullenweg. Van assistir al voltant de 500.<\/p>\n<\/details>\n\n\n\n<details class=\"wp-block-details is-layout-flow wp-block-details-is-layout-flow\"><summary>Tots els organitzadors s\u00f3n voluntaris?<\/summary>\n<p>Una WordCamp \u00e9s un esdeveniment basat en el voluntariat. Ni els organitzadors, ni l&#8217;equip de suport, ni tan sols els ponents obtenim cap retribuci\u00f3 econ\u00f2mica.<\/p>\n<\/details>\n\n\n\n<details class=\"wp-block-details is-layout-flow wp-block-details-is-layout-flow\"><summary>Qu\u00e8 esperar d&#8217;una WordCamp?<\/summary>\n<p>Tindr\u00e0s acc\u00e9s a presentacions, forums de discussi\u00f3, tallers, evesdeveniments de networking, esdeveniments\u00a0socials. Est\u00e0 dissenyat per a aprendre m\u00e9s sobre WordPress, establir connexions amb altres usuaris i trobar noves oportunitats per a usar o desenvolupar la plataforma.<\/p>\n<\/details>\n<\/div>\n<\/div>\n\n\n\n<div class=\"wp-block-group last-news-block alignfull is-layout-constrained wp-block-group-is-layout-constrained\">\n<h2 class=\"wp-block-heading has-text-align-center\">\u00daltimes not\u00edcies<\/h2>\n\n\n\n<p class=\"has-text-align-center\">Posa&#8217;t al dia de la vida de la pr\u00f2xima WordCamp a Val\u00e8ncia, amb totes les novetats i detalls de l&#8217;esdeveniment en aquesta secci\u00f3 de not\u00edcies. Descobreix el que tenim preparat per a tu!<\/p>\n\n\n\n<div class=\"wp-block-columns is-layout-flex wp-container-core-columns-is-layout-9c22b1e3 wp-block-columns-is-layout-flex\">\n<div class=\"wp-block-column is-vertically-aligned-bottom is-layout-flow wp-container-core-column-is-layout-f751d6c2 wp-block-column-is-layout-flow\" style=\"flex-basis:100%\"><ul style=\"padding-right:0;padding-left:0;margin-right:0;margin-left:0;\" class=\"wp-block-latest-posts__list is-grid columns-3 has-dates wp-block-latest-posts\"><li><a class=\"wp-block-latest-posts__post-title\" href=\"https:\/\/valencia.wordcamp.org\/2023\/val\/allotjament-i-transport\/\">Allotjament i transport<\/a><time datetime=\"2023-10-04T11:48:00+02:00\" class=\"wp-block-latest-posts__post-date\">04\/10\/2023<\/time><\/li>\n<li><a class=\"wp-block-latest-posts__post-title\" href=\"https:\/\/valencia.wordcamp.org\/2023\/val\/dia-de-la-comunitat\/\">Dia de la comunitat<\/a><time datetime=\"2023-10-02T11:41:00+02:00\" class=\"wp-block-latest-posts__post-date\">02\/10\/2023<\/time><\/li>\n<li><a class=\"wp-block-latest-posts__post-title\" href=\"https:\/\/valencia.wordcamp.org\/2023\/val\/crida-formadors\/\">Crida a Formadors<\/a><time datetime=\"2023-09-30T16:14:41+02:00\" class=\"wp-block-latest-posts__post-date\">30\/09\/2023<\/time><\/li>\n<\/ul><\/div>\n<\/div>\n\n\n\n<div class=\"wp-block-buttons is-content-justification-center is-layout-flex wp-container-core-buttons-is-layout-a89b3969 wp-block-buttons-is-layout-flex\">\n<div class=\"wp-block-button small white\"><a class=\"wp-block-button__link has-text-align-left wp-element-button\" href=\"https:\/\/valencia.wordcamp.org\/2023\/noticias\/\">M\u00c9S NOVETATS<\/a><\/div>\n<\/div>\n<\/div>\n\n\n\n<div class=\"wp-block-cover has-parallax organizers-block\" style=\"margin-top:0;margin-bottom:0;padding-top:5.06rem;padding-right:var(--wp--preset--spacing--80);padding-bottom:5.06rem;padding-left:var(--wp--preset--spacing--80)\"><span aria-hidden=\"true\" class=\"wp-block-cover__background has-background-dim-30 has-background-dim\"><\/span><div role=\"img\" class=\"wp-block-cover__image-background wp-image-841 has-parallax\" style=\"background-position:50% 50%;background-image:url(https:\/\/valencia.wordcamp.org\/2023\/files\/2023\/08\/organizers-min.jpg)\"><\/div><div class=\"wp-block-cover__inner-container is-layout-constrained wp-container-core-cover-is-layout-92f04334 wp-block-cover-is-layout-constrained\">\n<figure class=\"wp-block-image aligncenter size-full is-resized\"><img loading=\"lazy\" decoding=\"async\" width=\"200\" height=\"242\" src=\"https:\/\/valencia.wordcamp.org\/2023\/files\/2023\/08\/logo.png\" alt=\"\" class=\"wp-image-333\" style=\"width:200px;height:undefinedpx\" \/><\/figure>\n<\/div><\/div>\n","protected":false},"excerpt":{"rendered":"<p>WordCamp Val\u00e8ncia 2023 10-11 de novembre Benvinguts a la 4ta edici\u00f3 de la WordCamp Val\u00e8ncia. Un esdeveniment on ens reunim els entusiastes de WordPress amb el prop\u00f2sit de contribuir a un dels projectes open source m\u00e9s populars de la web. En aquesta edici\u00f3 volem m\u00e9s, volem ser el punt de partida per a nous col\u00b7laboradors. [&hellip;]<\/p>\n","protected":false},"author":16530069,"featured_media":0,"parent":0,"menu_order":0,"comment_status":"closed","ping_status":"closed","template":"wp-custom-template-p-gina-inicio-valenciano-2","meta":{"jetpack_post_was_ever_published":false,"footnotes":""},"class_list":["post-875","page","type-page","status-publish","hentry"],"jetpack_sharing_enabled":true,"_links":{"self":[{"href":"https:\/\/valencia.wordcamp.org\/2023\/wp-json\/wp\/v2\/pages\/875","targetHints":{"allow":["GET"]}}],"collection":[{"href":"https:\/\/valencia.wordcamp.org\/2023\/wp-json\/wp\/v2\/pages"}],"about":[{"href":"https:\/\/valencia.wordcamp.org\/2023\/wp-json\/wp\/v2\/types\/page"}],"author":[{"embeddable":true,"href":"https:\/\/valencia.wordcamp.org\/2023\/wp-json\/wp\/v2\/users\/16530069"}],"replies":[{"embeddable":true,"href":"https:\/\/valencia.wordcamp.org\/2023\/wp-json\/wp\/v2\/comments?post=875"}],"version-history":[{"count":21,"href":"https:\/\/valencia.wordcamp.org\/2023\/wp-json\/wp\/v2\/pages\/875\/revisions"}],"predecessor-version":[{"id":3468,"href":"https:\/\/valencia.wordcamp.org\/2023\/wp-json\/wp\/v2\/pages\/875\/revisions\/3468"}],"wp:attachment":[{"href":"https:\/\/valencia.wordcamp.org\/2023\/wp-json\/wp\/v2\/media?parent=875"}],"curies":[{"name":"wp","href":"https:\/\/api.w.org\/{rel}","templated":true}]}}