{"id":14,"date":"2025-04-18T07:14:07","date_gmt":"2025-04-18T05:14:07","guid":{"rendered":"https:\/\/valencia.wordcamp.org\/2025\/?page_id=14"},"modified":"2025-11-10T15:45:01","modified_gmt":"2025-11-10T14:45:01","slug":"entradas","status":"publish","type":"page","link":"https:\/\/valencia.wordcamp.org\/2025\/entradas\/","title":{"rendered":"Entradas"},"content":{"rendered":"\n<div class=\"wp-block-group hero-v2 has-global-padding is-layout-constrained wp-container-core-group-is-layout-39a19170 wp-block-group-is-layout-constrained\" style=\"padding-top:78px;padding-bottom:53px\">\n<div class=\"wp-block-group has-border-color has-accent-3-border-color has-global-padding is-layout-constrained wp-container-core-group-is-layout-db136e08 wp-block-group-is-layout-constrained\" style=\"border-width:1px;padding-top:32px;padding-right:24px;padding-bottom:32px;padding-left:24px\">\n<div class=\"wp-block-group has-global-padding is-layout-constrained wp-container-core-group-is-layout-94e66096 wp-block-group-is-layout-constrained\">\n<div class=\"wp-block-group has-global-padding is-content-justification-left is-layout-constrained wp-container-core-group-is-layout-dc939d7f wp-block-group-is-layout-constrained\">\n<h1 class=\"wp-block-heading\">Compra Tu Entrada <\/h1>\n\n\n\n<p class=\"wp-block-paragraph\">\u00danete a WordPress Tech Congress: WordCamp Valencia 2025, el segundo mayor evento de la comunidad de WordPress en Espa\u00f1a para el 2025.&nbsp;&nbsp;<\/p>\n<\/div>\n<\/div>\n<\/div>\n<\/div>\n\n\n\n<h2 class=\"wp-block-heading\"><span style=\"font-weight: 400\">\u00a1Compra ya tus entradas para&nbsp; <strong>WordCamp Valencia 2025: WordPress Tech Congress<\/strong><\/span><\/h2>\n\n\n\n<p class=\"wp-block-paragraph\">Celebramos la <strong>WordCamp Valencia 2025<\/strong> el s\u00e1bado 8 y domingo 9 de noviembre de 2025.<\/p>\n\n\n\n<p class=\"wp-block-paragraph\">A continuaci\u00f3n puedes comprar las entradas y ver qu\u00e9 tiene incluida cada una de ellas.<\/p>\n\n\n\n<p class=\"wp-block-paragraph\">Ten en cuenta que tu entrada se vincula con tu perfil de <a href=\"http:\/\/Wordpress.org\" target=\"_blank\" rel=\"noopener\">WordPress.org<\/a>, por lo que si todav\u00eda no lo tienes, <a href=\"https:\/\/login.wordpress.org\/register?locale=es_ES\" target=\"_blank\" rel=\"noopener\">crea tu cuenta desde aqu\u00ed<\/a>.<\/p>\n\n\n\n<h3 class=\"wp-block-heading\"><span style=\"font-weight: 400\">\u00bfQu\u00e9 incluye tu ticket?<\/span><\/h3>\n\n\n\n<ul class=\"wp-block-list\">\n<li><span style=\"font-weight: 400\">Acceso a WordPress Tech Congress (s\u00e1bado 8 de noviembre)<\/span><\/li>\n\n\n\n<li><span style=\"font-weight: 400\">Acceso al Contributor Day (domingo 9 de noviembre)<\/span><\/li>\n\n\n\n<li>Ludoteca para ni\u00f1os de 4 a 12 a\u00f1os<\/li>\n\n\n\n<li><span style=\"font-weight: 400\">Est\u00e1n incluidas las comidas durante el evento. Adem\u00e1s durante todo el d\u00eda tendr\u00e1s a tu disposici\u00f3n caf\u00e9s, zumos y cositas para picar. Un peque\u00f1o secretito: el catering est\u00e1 \u201cde muerte\u201d.&nbsp;<\/span><\/li>\n\n\n\n<li><span style=\"font-weight: 400\">Invitaci\u00f3n al <em>after party<\/em> del s\u00e1bado por la noche, donde tendremos PIZZAS y Cervezas. Aqu\u00ed seguimos de netwoking y te relacionar\u00e1s con otros asistentes al evento y hacer lo que nosotros llamamos comunidad (los m\u00e1s aburridos lo llaman <\/span><i><span style=\"font-weight: 400\">networking)<\/span><\/i><span style=\"font-weight: 400\">.<\/span><\/li>\n\n\n\n<li><span style=\"font-weight: 400\">Pack de bienvenida.<\/span><\/li>\n<\/ul>\n\n\n\n<div style=\"height:100px\" aria-hidden=\"true\" class=\"wp-block-spacer\"><\/div>\n\n\n\n<h3 class=\"wp-block-heading\"><span style=\"font-weight: 400\">ATENCI\u00d3N PATROCINADORES Y VOLUNTARIOS<\/span><\/h3>\n\n\n\n<p class=\"wp-block-paragraph\"><span style=\"font-weight: 400\">Si eres patrocinador o voluntario tu entrada es GRATIS. <\/span><\/p>\n\n\n\n<div class=\"wp-block-buttons is-content-justification-left is-layout-flex wp-container-core-buttons-is-layout-3b8eca09 wp-block-buttons-is-layout-flex\">\n<div class=\"wp-block-button\"><a class=\"wp-block-button__link wp-element-button\" href=\"https:\/\/valencia.wordcamp.org\/2025\/llamada-patocinadores\/\">Quiero patrocinar<\/a><\/div>\n<\/div>\n\n\n\n<div style=\"height:100px\" aria-hidden=\"true\" class=\"wp-block-spacer\"><\/div>\n\n\n\n<p class=\"wp-block-paragraph\"><span style=\"font-weight: 400\">IMPORTANTE:<\/span><\/p>\n\n\n\n<p class=\"wp-block-paragraph\"><span style=\"font-weight: 400\">FOTO: Utilizamos el sistema Gravatar para mostrar la foto o avatar de los asistentes en la p\u00e1gina de asistentes. Si quieres que tu foto aparezca en el listado, basta con crear una cuenta y asignarle tu avatar o foto al correo electr\u00f3nico que utilizar\u00e1s para adquirir tu entrada.<\/span><\/p>\n\n\n\n<p class=\"wp-block-paragraph\">AUTORIZACI\u00d3N: Por el bien de la comunidad y con fines de promoci\u00f3n, habr\u00e1 voluntarios y\/o fot\u00f3grafos profesionales en la WordCamp Valencia 2025. Al acudir al evento autorizas la utilizaci\u00f3n de tu imagen si apareces en fotos o v\u00eddeos realizados durante participaci\u00f3n en la WordCamp.<\/p>\n\n\n<a href=\"https:\/\/valencia.wordcamp.org\/2025\/entradas\/\">Por favor, ve esta p\u00e1gina en un navegador para hacer una compra o gestionar entradas.<\/a>\n\n\n\n<div style=\"height:100px\" aria-hidden=\"true\" class=\"wp-block-spacer\"><\/div>\n","protected":false},"excerpt":{"rendered":"<p>Compra Tu Entrada \u00danete a WordPress Tech Congress: WordCamp Valencia 2025, el segundo mayor evento de la comunidad de WordPress en Espa\u00f1a para el 2025.&nbsp;&nbsp; \u00a1Compra ya tus entradas para&nbsp; WordCamp Valencia 2025: WordPress Tech Congress Celebramos la WordCamp Valencia 2025 el s\u00e1bado 8 y domingo 9 de noviembre de 2025. A continuaci\u00f3n puedes comprar [&hellip;]<\/p>\n","protected":false},"author":20106080,"featured_media":0,"parent":0,"menu_order":0,"comment_status":"closed","ping_status":"closed","template":"","meta":{"_crdt_document":"","advanced_seo_description":"","jetpack_seo_html_title":"","jetpack_seo_noindex":false,"jetpack_post_was_ever_published":false,"footnotes":""},"class_list":["post-14","page","type-page","status-publish","hentry"],"jetpack_sharing_enabled":true,"jetpack-related-posts":[],"jetpack_shortlink":"https:\/\/wp.me\/Pgo7ki-e","jetpack_likes_enabled":true,"_links":{"self":[{"href":"https:\/\/valencia.wordcamp.org\/2025\/wp-json\/wp\/v2\/pages\/14","targetHints":{"allow":["GET"]}}],"collection":[{"href":"https:\/\/valencia.wordcamp.org\/2025\/wp-json\/wp\/v2\/pages"}],"about":[{"href":"https:\/\/valencia.wordcamp.org\/2025\/wp-json\/wp\/v2\/types\/page"}],"author":[{"embeddable":true,"href":"https:\/\/valencia.wordcamp.org\/2025\/wp-json\/wp\/v2\/users\/20106080"}],"replies":[{"embeddable":true,"href":"https:\/\/valencia.wordcamp.org\/2025\/wp-json\/wp\/v2\/comments?post=14"}],"version-history":[{"count":22,"href":"https:\/\/valencia.wordcamp.org\/2025\/wp-json\/wp\/v2\/pages\/14\/revisions"}],"predecessor-version":[{"id":4500,"href":"https:\/\/valencia.wordcamp.org\/2025\/wp-json\/wp\/v2\/pages\/14\/revisions\/4500"}],"wp:attachment":[{"href":"https:\/\/valencia.wordcamp.org\/2025\/wp-json\/wp\/v2\/media?parent=14"}],"curies":[{"name":"wp","href":"https:\/\/api.w.org\/{rel}","templated":true}]}}