{"id":20,"date":"2025-03-01T12:15:31","date_gmt":"2025-03-01T11:15:31","guid":{"rendered":"https:\/\/valencia.wordcamp.org\/2025\/code-of-conduct\/"},"modified":"2025-10-28T16:21:46","modified_gmt":"2025-10-28T15:21:46","slug":"normas-y-codigo-de-conducta","status":"publish","type":"page","link":"https:\/\/valencia.wordcamp.org\/2025\/normas-y-codigo-de-conducta\/","title":{"rendered":"Normas y C\u00f3digo de Conducta"},"content":{"rendered":"\n<div class=\"wp-block-cover alignwide\" style=\"padding-right:var(--wp--preset--spacing--40);padding-left:var(--wp--preset--spacing--40)\"><img data-recalc-dims=\"1\" loading=\"lazy\" decoding=\"async\" width=\"1024\" height=\"576\" class=\"wp-block-cover__image-background wp-image-1471 size-large\" alt=\"\" src=\"https:\/\/i0.wp.com\/valencia.wordcamp.org\/2025\/files\/2025\/05\/Cartel-WordCamp-Valencia.jpg?resize=1024%2C576&#038;ssl=1\" style=\"object-position:51% 69%\" data-object-fit=\"cover\" data-object-position=\"51% 69%\" srcset=\"https:\/\/i0.wp.com\/valencia.wordcamp.org\/2025\/files\/2025\/05\/Cartel-WordCamp-Valencia.jpg?resize=1024%2C576&amp;ssl=1 1024w, https:\/\/i0.wp.com\/valencia.wordcamp.org\/2025\/files\/2025\/05\/Cartel-WordCamp-Valencia.jpg?resize=300%2C169&amp;ssl=1 300w, https:\/\/i0.wp.com\/valencia.wordcamp.org\/2025\/files\/2025\/05\/Cartel-WordCamp-Valencia.jpg?resize=768%2C432&amp;ssl=1 768w, https:\/\/i0.wp.com\/valencia.wordcamp.org\/2025\/files\/2025\/05\/Cartel-WordCamp-Valencia.jpg?resize=500%2C281&amp;ssl=1 500w, https:\/\/i0.wp.com\/valencia.wordcamp.org\/2025\/files\/2025\/05\/Cartel-WordCamp-Valencia.jpg?w=1200&amp;ssl=1 1200w\" sizes=\"auto, (max-width: 1000px) 100vw, 1000px\" \/><span aria-hidden=\"true\" class=\"wp-block-cover__background has-contrast-background-color has-background-dim\"><\/span><div class=\"wp-block-cover__inner-container has-global-padding is-layout-constrained wp-container-core-cover-is-layout-97829e9f wp-block-cover-is-layout-constrained\">\n<p class=\"has-text-align-left has-x-large-font-size\">Normas y C\u00f3digo de Conducta<\/p>\n<\/div><\/div>\n\n\n\n<h3 class=\"wp-block-heading\"><strong>1. Prop\u00f3sito<\/strong><\/h3>\n\n\n\n<p>WordCamp Valencia 2025 cree que nuestra comunidad debe ser verdaderamente abierta para todos. Por ello, estamos comprometidos a proporcionar un entorno amistoso, seguro y acogedor para todas las personas, sin importar su g\u00e9nero, orientaci\u00f3n sexual, discapacidad, etnia, religi\u00f3n, edad, casta, clase social, sistema operativo preferido, lenguaje de programaci\u00f3n o editor de texto, entre otras caracter\u00edsticas identificativas.<\/p>\n\n\n\n<p>Este c\u00f3digo de conducta establece nuestras expectativas sobre el comportamiento de los participantes, as\u00ed como las consecuencias de un comportamiento inaceptable.<\/p>\n\n\n\n<p>Invitamos a todos los patrocinadores, voluntarios, ponentes, asistentes y dem\u00e1s participantes a ayudarnos a lograr una experiencia segura y positiva para todos durante la conferencia.<\/p>\n\n\n\n<hr class=\"wp-block-separator has-alpha-channel-opacity\" \/>\n\n\n\n<h3 class=\"wp-block-heading\"><strong>2. Ciudadan\u00eda en el C\u00f3digo Abierto<\/strong><\/h3>\n\n\n\n<p>Un objetivo complementario de este c\u00f3digo de conducta es fomentar la ciudadan\u00eda en el \u00e1mbito del software libre, animando a los participantes a reconocer y fortalecer las relaciones entre lo que hacemos y la comunidad en general.<\/p>\n\n\n\n<p>En l\u00ednea con este objetivo, los organizadores de WordCamp Valencia 2025 aceptar\u00e1n nominaciones durante el evento para reconocer a ciudadanos ejemplares y destacar\u00e1n a algunos participantes en el sitio web tras la conferencia.<\/p>\n\n\n\n<p>Si ves a alguien que est\u00e1 haciendo un esfuerzo adicional para garantizar que nuestra comunidad sea acogedora, amable y fomente la participaci\u00f3n de todos al m\u00e1ximo, queremos saberlo. Por favor, escr\u00edbenos a <strong><a>valencia@wordcamp.org<\/a><\/strong>.<\/p>\n\n\n\n<hr class=\"wp-block-separator has-alpha-channel-opacity\" \/>\n\n\n\n<h3 class=\"wp-block-heading\"><strong>3. Comportamiento Esperado<\/strong><\/h3>\n\n\n\n<ul class=\"wp-block-list\">\n<li>S\u00e9 considerado, respetuoso y colaborativo.<\/li>\n\n\n\n<li>Abstente de conductas o discursos denigrantes, discriminatorios o de acoso.<\/li>\n\n\n\n<li>S\u00e9 consciente de tu entorno y de los dem\u00e1s participantes. Informa a los organizadores si observas una situaci\u00f3n peligrosa o a alguien en apuros.<\/li>\n\n\n\n<li>Participa de forma aut\u00e9ntica y activa. Al hacerlo, contribuyes a crear WordCamp Valencia 2025 y a hacerlo tuyo.<\/li>\n<\/ul>\n\n\n\n<hr class=\"wp-block-separator has-alpha-channel-opacity\" \/>\n\n\n\n<h3 class=\"wp-block-heading\"><strong>4. Comportamiento Inaceptable<\/strong><\/h3>\n\n\n\n<p>Los comportamientos inaceptables incluyen conductas intimidatorias, de acoso, abusivas, discriminatorias, despectivas o humillantes por parte de cualquier asistente a WordCamp Valencia 2025 o eventos relacionados.<br>Todos los lugares donde se celebre WordCamp Valencia 2025 pueden ser compartidos con el p\u00fablico general; por favor, muestra respeto hacia todas las personas presentes en dichos espacios.<\/p>\n\n\n\n<p>El acoso incluye: comentarios verbales ofensivos relacionados con el g\u00e9nero, orientaci\u00f3n sexual, raza, religi\u00f3n o discapacidad; uso inapropiado de desnudos y\/o im\u00e1genes sexuales en espacios p\u00fablicos (incluidas diapositivas de presentaciones); intimidaci\u00f3n deliberada, acoso o persecuci\u00f3n; fotograf\u00eda o grabaci\u00f3n invasiva; interrupciones continuadas de charlas u otros eventos; contacto f\u00edsico inapropiado y atenci\u00f3n sexual no deseada.<\/p>\n\n\n\n<hr class=\"wp-block-separator has-alpha-channel-opacity\" \/>\n\n\n\n<h3 class=\"wp-block-heading\"><strong>5. Consecuencias del Comportamiento Inaceptable<\/strong><\/h3>\n\n\n\n<p>No se tolerar\u00e1 el comportamiento inaceptable, ya provenga de otros asistentes, organizadores, personal del lugar, patrocinadores u otras personas presentes en los espacios de WordCamp Valencia 2025.<\/p>\n\n\n\n<p>Cualquier persona a la que se le solicite detener un comportamiento inaceptable deber\u00e1 cumplir de inmediato.<\/p>\n\n\n\n<p>Si un participante incurre en comportamiento inaceptable, los organizadores de la conferencia podr\u00e1n tomar cualquier medida que consideren apropiada, incluyendo la expulsi\u00f3n del evento sin previo aviso ni reembolso.<\/p>\n\n\n\n<hr class=\"wp-block-separator has-alpha-channel-opacity\" \/>\n\n\n\n<h3 class=\"wp-block-heading\"><strong>6. Qu\u00e9 Hacer Si Eres Testigo o V\u00edctima de Comportamiento Inaceptable<\/strong><\/h3>\n\n\n\n<p>Si eres objeto de un comportamiento inaceptable, observas que otra persona lo est\u00e1 sufriendo o tienes cualquier otra preocupaci\u00f3n, notifica a un organizador de la conferencia lo antes posible.<\/p>\n\n\n\n<p>El equipo de WordCamp Valencia 2025 estar\u00e1 disponible para ayudar a los participantes a contactar con la seguridad del lugar o las autoridades locales, proporcionar acompa\u00f1amiento o asistir de cualquier otra manera para que las personas afectadas se sientan seguras durante todo el evento.<br>Los voluntarios llevar\u00e1n camisetas con el logotipo de WordCamp Valencia 2025. Cualquier voluntario puede ponerte en contacto con un organizador. Tambi\u00e9n puedes acudir al mostrador de registro especial en el vest\u00edbulo y solicitar hablar con los organizadores.<\/p>\n\n\n\n<hr class=\"wp-block-separator has-alpha-channel-opacity\" \/>\n\n\n\n<h3 class=\"wp-block-heading\"><strong>7. Alcance<\/strong><\/h3>\n\n\n\n<p>Esperamos que todos los participantes de la conferencia (patrocinadores, voluntarios, ponentes, asistentes y otros invitados) cumplan con este c\u00f3digo de conducta en todos los espacios de la conferencia y en los eventos sociales relacionados.<\/p>\n\n\n\n<hr class=\"wp-block-separator has-alpha-channel-opacity\" \/>\n\n\n\n<h3 class=\"wp-block-heading\"><strong>8. Informaci\u00f3n de Contacto<\/strong><\/h3>\n\n\n\n<p>\ud83d\udce7 <strong><a>valencia@wordcamp.org<\/a><\/strong><\/p>\n\n\n\n<hr class=\"wp-block-separator has-alpha-channel-opacity\" \/>\n\n\n\n<h3 class=\"wp-block-heading\"><strong>9. Licencia y Atribuci\u00f3n<\/strong><\/h3>\n\n\n\n<p>Este C\u00f3digo de Conducta se basa directamente en el excelente trabajo de <strong>Open Source Bridge<\/strong>, con la informaci\u00f3n adaptada a nuestro evento.<br>El original est\u00e1 disponible en<a href=\"http:\/\/web.archive.org\/web\/20191206083557\/http:\/\/opensourcebridge.org\/about\/code-of-conduct\/\" data-type=\"link\" data-id=\"http:\/\/web.archive.org\/web\/20191206083557\/http:\/\/opensourcebridge.org\/about\/code-of-conduct\/\"> <strong>Open Source Bridge 2018 [archivado]<\/strong><\/a> y se publica bajo una licencia <strong><a href=\"http:\/\/creativecommons.org\/licenses\/by-sa\/3.0\/\" data-type=\"link\" data-id=\"http:\/\/creativecommons.org\/licenses\/by-sa\/3.0\/\">Creative Commons Atribuci\u00f3n-CompartirIgual<\/a><\/strong>.<\/p>\n\n\n\n<hr class=\"wp-block-separator has-alpha-channel-opacity\" \/>\n\n\n\n<h3 class=\"wp-block-heading\"><strong>Declaraci\u00f3n sobre los Eventos Sociales o Complementarios (cuando corresponda)<\/strong><\/h3>\n\n\n\n<p>Los eventos sociales y complementarios est\u00e1n destinados a ofrecer oportunidades de networking y aprendizaje adicional, as\u00ed como momentos para relajarse despu\u00e9s de una jornada completa de WordCamp. Tambi\u00e9n deben ser espacios donde los asistentes se sientan seguros y protegidos.<\/p>\n\n\n\n<p>Queremos que disfrutes de estos eventos, y queremos que lo hagas de forma segura.<br>Si experimentas una violaci\u00f3n del C\u00f3digo de Conducta, observas una infracci\u00f3n, te preocupa el bienestar, la seguridad o el comportamiento de otro asistente, o tienes alguna duda (entendemos que no siempre es f\u00e1cil identificar una violaci\u00f3n), cont\u00e1ctanos de inmediato notificando a un organizador de WordCamp o escribiendo a <strong><a>report@wordcamp.org<\/a><\/strong>.<\/p>\n\n\n\n<p>En los eventos presenciales, si necesitas ayuda o no puedes abandonar c\u00f3modamente o con seguridad una situaci\u00f3n en la que no quieres estar, los organizadores priorizar\u00e1n asistirte de forma inmediata y discreta.<br>Algunos ejemplos incluyen: sentirte mal, tener problemas con el transporte, estar intoxicado, encontrarte solo o con alguien en quien no conf\u00edas, sentirte abrumado o haber presenciado o sufrido una violaci\u00f3n del c\u00f3digo de conducta.<br>Por favor, pide ayuda a cualquier voluntario u organizador cercano.<\/p>\n\n\n\n<hr class=\"wp-block-separator has-alpha-channel-opacity\" \/>\n\n\n\n<hr class=\"wp-block-separator has-alpha-channel-opacity\" \/>\n\n\n\n<h2 class=\"wp-block-heading\">English<\/h2>\n\n\n\n<h3 class=\"wp-block-heading\">1. Purpose<\/h3>\n\n\n\n<p>WordCamp Valencia 2025 believes our community should be truly open for everyone. As such, we are committed to providing a friendly, safe and welcoming environment for all, regardless of gender, sexual orientation, disability, ethnicity, religion, age, caste, social class, preferred operating system, programming language, or text editor, among other identifying characteristics.<\/p>\n\n\n\n<p>This code of conduct outlines our expectations for participant behavior as well as the consequences for unacceptable behavior.<\/p>\n\n\n\n<p>We invite all sponsors, volunteers, speakers, attendees, and other participants to help us realize a safe and positive conference experience for everyone.<\/p>\n\n\n\n<h3 class=\"wp-block-heading\">2. Open Source Citizenship<\/h3>\n\n\n\n<p>A supplemental goal of this code of conduct is to increase open source citizenship by encouraging participants to recognize and strengthen the relationships between what we do and the community at large.<\/p>\n\n\n\n<p>In service of this goal, WordCamp Valencia 2025 organizers will be taking nominations for exemplary citizens throughout the event and will recognize select participants after the conference on the website.<\/p>\n\n\n\n<p>If you see someone who is making an extra effort to ensure our community is welcoming, friendly, and encourages all participants to contribute to the fullest extent, we want to know. Please let us know in this email valencia@wordcamp.org.<\/p>\n\n\n\n<h3 class=\"wp-block-heading\">3. Expected Behavior<\/h3>\n\n\n\n<ul class=\"wp-block-list\">\n<li>Be considerate, respectful, and collaborative.<\/li>\n\n\n\n<li>Refrain from demeaning, discriminatory or harassing behavior and speech.<\/li>\n\n\n\n<li>Be mindful of your surroundings and of your fellow participants. Alert conference organizers if you notice a dangerous situation or someone in distress.<\/li>\n\n\n\n<li>Participate in an authentic and active way. In doing so, you help to create WordCamp Valencia 2025 and make it your own.<\/li>\n<\/ul>\n\n\n\n<h3 class=\"wp-block-heading\">4. Unacceptable Behavior<\/h3>\n\n\n\n<p>Unacceptable behaviors include: intimidating, harassing, abusive, discriminatory, derogatory or demeaning conduct by any attendees of WordCamp Valencia 2025 and related events. All WordCamp Valencia 2025 venues may be shared with members of the public; please be respectful to all patrons of these locations.<\/p>\n\n\n\n<p>Harassment includes: offensive verbal comments related to gender, sexual orientation, race, religion, disability; inappropriate use of nudity and\/or sexual images in public spaces (including presentation slides); deliberate intimidation, stalking or following; harassing photography or recording; sustained disruption of talks or other events; inappropriate physical contact, and unwelcome sexual attention.<\/p>\n\n\n\n<h3 class=\"wp-block-heading\">5. Consequences Of Unacceptable Behavior<\/h3>\n\n\n\n<p>Unacceptable behavior will not be tolerated whether by other attendees, organizers, venue staff, sponsors, or other patrons of WordCamp Valencia 2025 venues.<\/p>\n\n\n\n<p>Anyone asked to stop unacceptable behavior is expected to comply immediately.<\/p>\n\n\n\n<p>If a participant engages in unacceptable behavior, the conference organizers may take any action they deem appropriate, up to and including expulsion from the conference without warning or refund.<\/p>\n\n\n\n<h3 class=\"wp-block-heading\">6. What To Do If You Witness Or Are Subject To Unacceptable Behavior<\/h3>\n\n\n\n<p>If you are subject to unacceptable behavior, notice that someone else is being subject to unacceptable behavior, or have any other concerns, please notify a conference organizer as soon as possible.<\/p>\n\n\n\n<p class=\"has-contrast-color has-text-color has-link-color wp-elements-7f67d6fb11e7823c3dbb0bc3db65af72\">The WordCamp Valencia 2025 team will be available to help participants contact venue security or local law enforcement, to provide escorts, or to otherwise assist those experiencing unacceptable behavior to feel safe for the duration of the conference. Volunteers will be wearing a t-shirt with the logo of WordCamp Valencia 2025. Any volunteer can connect you with a conference organizer. You can also come to the special registration desk in the lobby and ask for the organizers.<\/p>\n\n\n\n<h3 class=\"wp-block-heading\">7. Scope<\/h3>\n\n\n\n<p>We expect all conference participants (sponsors, volunteers, speakers, attendees, and other guests) to abide by this code of conduct at all conference venues and conference-related social events.<\/p>\n\n\n\n<h3 class=\"wp-block-heading\">8. Contact Information<\/h3>\n\n\n\n<p>valecia@wordcamp.org<\/p>\n\n\n\n<h3 class=\"wp-block-heading\">9. License And Attribution<\/h3>\n\n\n\n<p>This Code of Conduct is a direct swipe from the awesome work of Open Source Bridge, but with our event information substituted. The original is available at <a href=\"http:\/\/web.archive.org\/web\/20191206083557\/http:\/\/opensourcebridge.org\/about\/code-of-conduct\/\">Open Source Bridge 2018 [archived]<\/a> and is released under a <a href=\"http:\/\/creativecommons.org\/licenses\/by-sa\/3.0\/\">Creative Commons Attribution-ShareAlike<\/a> license.<\/p>\n\n\n\n<h3 class=\"wp-block-heading\">Statement about Socials or Supplemental Events (where applicable)<\/h3>\n\n\n\n<p>Social and supplemental events are intended to provide networking and additional educational opportunities, as well as an opportunity to unwind after a full WordCamp. They should also be places where attendees can feel safe and secure.<\/p>\n\n\n\n<p>We want you to enjoy yourself at these events, and we want you to do so safely. If you experience a Code of Conduct violation, see a violation, are concerned about the well-being, safety or behavior of another attendee, or have a general question (we understand that violations are not always obvious!) contact us immediately by notifying a WordCamp organizer or emailing <a href=\"mailto:report@wordcamp.org\">report@wordcamp.org<\/a>. For in-person events, if you need help or are unable to comfortably or safely remove yourself from a situation you do not want to be in, organizers will prioritize assisting you immediately and discretely. Some examples are: not feeling well; your transportation arrangements fall through; you are intoxicated, you are alone or with someone you do not trust, you are overwhelmed, you have experienced or witnessed a Code of Conduct violation. Please ask any nearby event volunteer or organizer to help you.<\/p>\n\n\n\n<p class=\"has-background\" style=\"background-color:#eeeeee\">We also recommend the organizing team read this article on <a href=\"http:\/\/geekfeminism.wikia.com\/wiki\/Conference_anti-harassment\/Responding_to_reports\">how to take a harassment report<\/a><\/p>\n\n\n\n<p><\/p>\n","protected":false},"excerpt":{"rendered":"<p>1. Prop\u00f3sito WordCamp Valencia 2025 cree que nuestra comunidad debe ser verdaderamente abierta para todos. Por ello, estamos comprometidos a proporcionar un entorno amistoso, seguro y acogedor para todas las personas, sin importar su g\u00e9nero, orientaci\u00f3n sexual, discapacidad, etnia, religi\u00f3n, edad, casta, clase social, sistema operativo preferido, lenguaje de programaci\u00f3n o editor de texto, entre [&hellip;]<\/p>\n","protected":false},"author":20106080,"featured_media":0,"parent":0,"menu_order":0,"comment_status":"closed","ping_status":"closed","template":"","meta":{"advanced_seo_description":"Normas y C\u00f3digo de Conducta","jetpack_seo_html_title":"Normas y C\u00f3digo de Conducta","jetpack_seo_noindex":false,"jetpack_post_was_ever_published":false,"footnotes":""},"class_list":["post-20","page","type-page","status-publish","hentry"],"jetpack_sharing_enabled":true,"jetpack-related-posts":[],"jetpack_shortlink":"https:\/\/wp.me\/Pgo7ki-k","jetpack_likes_enabled":true,"_links":{"self":[{"href":"https:\/\/valencia.wordcamp.org\/2025\/wp-json\/wp\/v2\/pages\/20","targetHints":{"allow":["GET"]}}],"collection":[{"href":"https:\/\/valencia.wordcamp.org\/2025\/wp-json\/wp\/v2\/pages"}],"about":[{"href":"https:\/\/valencia.wordcamp.org\/2025\/wp-json\/wp\/v2\/types\/page"}],"author":[{"embeddable":true,"href":"https:\/\/valencia.wordcamp.org\/2025\/wp-json\/wp\/v2\/users\/20106080"}],"replies":[{"embeddable":true,"href":"https:\/\/valencia.wordcamp.org\/2025\/wp-json\/wp\/v2\/comments?post=20"}],"version-history":[{"count":14,"href":"https:\/\/valencia.wordcamp.org\/2025\/wp-json\/wp\/v2\/pages\/20\/revisions"}],"predecessor-version":[{"id":4817,"href":"https:\/\/valencia.wordcamp.org\/2025\/wp-json\/wp\/v2\/pages\/20\/revisions\/4817"}],"wp:attachment":[{"href":"https:\/\/valencia.wordcamp.org\/2025\/wp-json\/wp\/v2\/media?parent=20"}],"curies":[{"name":"wp","href":"https:\/\/api.w.org\/{rel}","templated":true}]}}