{"id":2390,"date":"2025-06-25T13:36:10","date_gmt":"2025-06-25T11:36:10","guid":{"rendered":"https:\/\/valencia.wordcamp.org\/2025\/?page_id=2390"},"modified":"2025-10-03T18:54:10","modified_gmt":"2025-10-03T16:54:10","slug":"alojamiento-y-transporte","status":"publish","type":"page","link":"https:\/\/valencia.wordcamp.org\/2025\/alojamiento-y-transporte\/","title":{"rendered":"Alojamiento y Transporte"},"content":{"rendered":"\n<div class=\"wp-block-group has-global-padding is-layout-constrained wp-container-core-group-is-layout-ddf64278 wp-block-group-is-layout-constrained\" style=\"margin-top:var(--wp--preset--spacing--40);margin-bottom:0;padding-top:0;padding-bottom:0\">\n<div class=\"wp-block-group has-border-color has-accent-3-border-color has-global-padding is-layout-constrained wp-container-core-group-is-layout-054131c4 wp-block-group-is-layout-constrained\" style=\"border-width:1px;padding-top:24px;padding-right:36px;padding-bottom:24px;padding-left:36px\">\n<h1 class=\"wp-block-heading\" style=\"padding-top:0px;padding-right:0px;padding-bottom:0px;padding-left:0px\">Alojamiento y Transporte<\/h1>\n\n\n\n<p>\u00bfVienes a la WordCamp desde fuera de Valencia?<\/p>\n\n\n\n<div class=\"wp-block-buttons is-layout-flex wp-block-buttons-is-layout-flex\">\n<div class=\"wp-block-button\"><a class=\"wp-block-button__link wp-element-button\" href=\"https:\/\/valencia.wordcamp.org\/2025\/entradas\/\">Comprar Entradas<\/a><\/div>\n<\/div>\n<\/div>\n<\/div>\n\n\n\n<div class=\"wp-block-group has-global-padding is-layout-constrained wp-block-group-is-layout-constrained\">\n<div class=\"wp-block-columns is-layout-flex wp-container-core-columns-is-layout-28f84493 wp-block-columns-is-layout-flex\">\n<div class=\"wp-block-column is-layout-flow wp-block-column-is-layout-flow\">\n<h2 class=\"wp-block-heading\">ALOJAMIENTO<\/h2>\n\n\n\n<p>Te recomendamos alojarte en el \u00e1rea alrededor del Centro Deportivo-cultural Petxina, estar\u00e1s cerca del evento y bien ubicado para explorar otras atracciones de Valencia, como el casco antiguo, la Ciudad de las Artes y las Ciencias, y las playas de la ciudad. Aqu\u00ed te dejamos un mapa en el que visualizar hoteles y distancias, o su ubicaci\u00f3n.<\/p>\n\n\n\n<p>Adem\u00e1s puedes usar Booking o Airbnb para encontrar el alojamiento id\u00f3neo para ti.&nbsp;<\/p>\n\n\n\n<div style=\"height:0px\" aria-hidden=\"true\" class=\"wp-block-spacer\"><\/div>\n\n\n\n<p><strong>Novotel:<\/strong><\/p>\n\n\n\n<p>Descuento para el hotel Novotel para la tarifa FLEXIBLE RATE \u2013 BREAKFAST INCLUDED.<\/p>\n\n\n\n<p>El c\u00f3digo es \u00abGRUPO25\u00bb y lo deben aplicar en el apartado de tarifas especiales en \u00abC\u00f3digo preferente\u00bb y darle a validar. Este descuento es \u00fanicamente para la tarifa FLEXIBLE RATE \u2013 BREAKFAST INCLUDED. El resto de tarifas no tienen descuento.&nbsp;Para la reserva de habitaciones del 7 al 9 de noviembre.<\/p>\n\n\n\n<div style=\"height:20px\" aria-hidden=\"true\" class=\"wp-block-spacer\"><\/div>\n\n\n\n<p>\u00a1Esperamos que disfrutes de tu estancia en esta hermosa ciudad!<\/p>\n<\/div>\n\n\n\n<div class=\"wp-block-column is-layout-flow wp-block-column-is-layout-flow\">\n<div class=\"googlemaps\">\n\t\t\t\t<iframe loading=\"lazy\" width=\"500\" height=\"500\" frameborder=\"0\" scrolling=\"no\" marginheight=\"0\" marginwidth=\"0\"  src=\"https:\/\/www.google.com\/maps\/embed?pb=!1m16!1m12!1m3!1d12318.593709648228!2d-0.39730247790310586!3d39.47727052255186!2m3!1f0!2f0!3f0!3m2!1i1024!2i768!4f13.1!2m1!1sHoteles!5e0!3m2!1ses!2ses!4v1750851552266!5m2!1ses!2ses\"><\/iframe>\n\t\t\t<\/div>\n<\/div>\n<\/div>\n<\/div>\n\n\n\n<div class=\"wp-block-group has-global-padding is-layout-constrained wp-block-group-is-layout-constrained\">\n<div class=\"wp-block-columns is-layout-flex wp-container-core-columns-is-layout-28f84493 wp-block-columns-is-layout-flex\">\n<div class=\"wp-block-column is-layout-flow wp-block-column-is-layout-flow\">\n<h2 class=\"wp-block-heading\">TRANSPORTE<\/h2>\n\n\n\n<div style=\"height:50px\" aria-hidden=\"true\" class=\"wp-block-spacer\"><\/div>\n\n\n\n<h3 class=\"wp-block-heading\">Descuento Renfe WordPress Tech Congress&nbsp; | WordCamp Valencia 2025<\/h3>\n\n\n\n<p>Pasos para solicitar el descuento del 5% ofrecido por Renfe:<\/p>\n\n\n\n<p>1.- Seleccionar el tren que deseen marcando en cualquiera de las opciones disponibles (B\u00e1sico, Elige, Elige Confort y Pr\u00e9miun).<\/p>\n\n\n\n<p>2.- En el desplegable de tarifas seleccionar la tarifa de Congresos\/Eventos.<\/p>\n\n\n\n<p>3.- Introducir el n\u00famero de autorizaci\u00f3n en la casilla que indica n\u00famero de autorizaci\u00f3n (No v\u00e1lido para casilla c\u00f3digo descuento).<\/p>\n\n\n\n<p>El c\u00f3digo descuento te lo hemos enviado en el email de confirmaci\u00f3n de tu entrada a la WordCamp Valencia 2025.&nbsp;<\/p>\n\n\n\n<p>Si no has recibido el c\u00f3digo descuento, ponte en contacto con nosotros. En el t\u00edtulo de email, a\u00f1ade la referencia: \u201cC\u00f3digo Descuento de Renfe No Recibido\u201d.<\/p>\n\n\n\n<div style=\"height:50px\" aria-hidden=\"true\" class=\"wp-block-spacer\"><\/div>\n\n\n\n<h3 class=\"wp-block-heading\">GUARDA LA AUTORIZACI\u00d3N: <\/h3>\n\n\n\n<p>Recuerda descargar el PDF de la autorizaci\u00f3n de descuento y llevarla contigo. El personal de Renfe puede solicitarla.&nbsp;<\/p>\n\n\n\n<div style=\"height:50px\" aria-hidden=\"true\" class=\"wp-block-spacer\"><\/div>\n\n\n\n<h3 class=\"wp-block-heading\">Condiciones del descuento.<\/h3>\n\n\n\n<p>Adquiere tus billetes por internet (www.renfe.com). Ver tutorial <a href=\"http:\/\/www.renfe.com\/es\/es\/viajar\/prepara-tu-viaje\/descuentos\/congresos-y-eventos\">www.renfe.com\/es\/es\/viajar\/prepara-tu-viaje\/descuentos\/congresos-y-eventos<\/a>&nbsp; o mediante la presentaci\u00f3n de este documento impreso en cualquier punto de venta Renfe (Estaciones con venta presencial y Agencias de Viaje). Podr\u00e1s obtener billetes en recorridos nacionales de Ida y\/o Regreso con origen y destino a la estaci\u00f3n m\u00e1s cercana a la localidad que acoja el congreso o feria con el % de reducci\u00f3n establecido en cada caso.<\/p>\n<\/div>\n<\/div>\n<\/div>\n","protected":false},"excerpt":{"rendered":"<p>Alojamiento y Transporte \u00bfVienes a la WordCamp desde fuera de Valencia? ALOJAMIENTO Te recomendamos alojarte en el \u00e1rea alrededor del Centro Deportivo-cultural Petxina, estar\u00e1s cerca del evento y bien ubicado para explorar otras atracciones de Valencia, como el casco antiguo, la Ciudad de las Artes y las Ciencias, y las playas de la ciudad. Aqu\u00ed [&hellip;]<\/p>\n","protected":false},"author":17201027,"featured_media":0,"parent":0,"menu_order":0,"comment_status":"closed","ping_status":"closed","template":"","meta":{"advanced_seo_description":"","jetpack_seo_html_title":"","jetpack_seo_noindex":false,"jetpack_post_was_ever_published":false,"footnotes":""},"class_list":["post-2390","page","type-page","status-publish","hentry"],"jetpack_sharing_enabled":true,"jetpack-related-posts":[],"jetpack_shortlink":"https:\/\/wp.me\/Pgo7ki-Cy","jetpack_likes_enabled":true,"_links":{"self":[{"href":"https:\/\/valencia.wordcamp.org\/2025\/wp-json\/wp\/v2\/pages\/2390","targetHints":{"allow":["GET"]}}],"collection":[{"href":"https:\/\/valencia.wordcamp.org\/2025\/wp-json\/wp\/v2\/pages"}],"about":[{"href":"https:\/\/valencia.wordcamp.org\/2025\/wp-json\/wp\/v2\/types\/page"}],"author":[{"embeddable":true,"href":"https:\/\/valencia.wordcamp.org\/2025\/wp-json\/wp\/v2\/users\/17201027"}],"replies":[{"embeddable":true,"href":"https:\/\/valencia.wordcamp.org\/2025\/wp-json\/wp\/v2\/comments?post=2390"}],"version-history":[{"count":15,"href":"https:\/\/valencia.wordcamp.org\/2025\/wp-json\/wp\/v2\/pages\/2390\/revisions"}],"predecessor-version":[{"id":4375,"href":"https:\/\/valencia.wordcamp.org\/2025\/wp-json\/wp\/v2\/pages\/2390\/revisions\/4375"}],"wp:attachment":[{"href":"https:\/\/valencia.wordcamp.org\/2025\/wp-json\/wp\/v2\/media?parent=2390"}],"curies":[{"name":"wp","href":"https:\/\/api.w.org\/{rel}","templated":true}]}}