{"id":2860,"date":"2025-07-30T17:07:41","date_gmt":"2025-07-30T15:07:41","guid":{"rendered":"https:\/\/valencia.wordcamp.org\/2025\/?page_id=2860&#038;preview_id=2860"},"modified":"2025-10-24T13:05:31","modified_gmt":"2025-10-24T11:05:31","slug":"press-release","status":"publish","type":"page","link":"https:\/\/valencia.wordcamp.org\/2025\/press-release\/","title":{"rendered":"Press Release"},"content":{"rendered":"\n<div class=\"wp-block-group hero-v2 has-global-padding is-layout-constrained wp-container-core-group-is-layout-802a0e5c wp-block-group-is-layout-constrained\" style=\"padding-top:78px;padding-bottom:53px\">\n<div class=\"wp-block-group has-border-color has-accent-3-border-color has-global-padding is-layout-constrained wp-container-core-group-is-layout-61c0eafc wp-block-group-is-layout-constrained\" style=\"border-width:1px;padding-top:32px;padding-right:24px;padding-bottom:32px;padding-left:24px\">\n<div class=\"wp-block-group has-global-padding is-layout-constrained wp-container-core-group-is-layout-1e17d720 wp-block-group-is-layout-constrained\">\n<div class=\"wp-block-group has-global-padding is-content-justification-left is-layout-constrained wp-container-core-group-is-layout-7c375644 wp-block-group-is-layout-constrained\">\n<h1 class=\"wp-block-heading\">Press Release<\/h1>\n\n\n\n<p>WordPress Tech Congress \u2013 WordCamp Val\u00e8ncia 2025<br>\ud83d\udcc5 <em>8 y 9 de noviembre de 2025<\/em> | \ud83d\udccd <em>La Petxina, Val\u00e8ncia<\/em>WEB DEL EVENTO: <a href=\"https:\/\/valencia.wordcamp.org\/2025\/entradas\/\">https:\/\/valencia.wordcamp.org\/2025\/entradas\/<\/a><\/p>\n<\/div>\n<\/div>\n<\/div>\n<\/div>\n\n\n\n<div class=\"wp-block-group has-global-padding is-layout-constrained wp-container-core-group-is-layout-d95b5966 wp-block-group-is-layout-constrained\" style=\"margin-top:var(--wp--preset--spacing--50);margin-bottom:var(--wp--preset--spacing--50)\">\n<p><strong>PRESS RELEASE<\/strong>: Usa este texto y las im\u00e1genes para promocionar la WordPress Tech Congress \u2013 WordCamp Val\u00e8ncia 2025<\/p>\n\n\n\n<div style=\"height:50px\" aria-hidden=\"true\" class=\"wp-block-spacer\"><\/div>\n\n\n\n<h1 class=\"wp-block-heading\">WordPress Tech Congress \u2013 WordCamp Val\u00e8ncia 2025<\/h1>\n\n\n\n<h2 class=\"wp-block-heading\"><strong>Innovaci\u00f3n<\/strong>, <strong>aprendizaje<\/strong> y <strong>networking<\/strong> con WordPress, del 8-9 de nov de 2025.<\/h2>\n\n\n\n<p>Un congreso de tecnolog\u00eda sobre WordPress.org y disciplinas como IA, SEO, marketing digital y negocios que al unirse hacen posible crear una web que se convierte en un instrumento para cualquier tipo de proyecto o negocio. WordPress es el CMS usado por el 43% de la web. S\u00ed, es el m\u00e1s popular, el m\u00e1s vers\u00e1til, y es un software de c\u00f3digo abierto. Probablemente tu web est\u00e1 hecha con WordPress. Nos reuniremos desarrolladores, dise\u00f1adores, expertos en marketing digital, CEOs, emprendedores , entusiastas del open source y por supuesto t\u00fa.\u00a0<\/p>\n\n\n\n<p>Podr\u00e1s profundizar en WordPress.org y otras disciplinas que se vinculan a este CMS para crear webs eficientes y de negocios. Nuestras categor\u00edas son: <\/p>\n\n\n\n<p>-Uso y desarrollo de WordPress (CSS, PHP, IA, Dashboard, Futuro de WordPress)<br>-Marketing Digital<br>-Showcase<br>-Ecommerce | IA<br>-Tr\u00e1fico (SEO actualidad) &amp; IA<br>-Dise\u00f1o Web<br>-Contenido | IA<br>-Desarrollo Web<br>-IA <br>-Gesti\u00f3n de Proyectos <br>-Productividad<br>-Optimizaci\u00f3n Web<\/p>\n\n\n\n<p>Te ir\u00e1s con conocimiento para poner en marcha una web de forma eficiente o mejorar la de tus clientes. Adem\u00e1s, podr\u00e1s hacer networking y esto te ayudar\u00e1 a encontrar nuevos proyectos o complementar los que ya tienes en marcha. Y por supuesto, todo en un ambiente amigable y colaborativo.<\/p>\n\n\n\n<p><strong>Networking<\/strong>: Evento de networking donde puedes encontrar talento o buscar empleo y proyectos entre los asistentes. Prepararemos actividades para motivar el networking incluso para los menos lanzados. <\/p>\n\n\n\n<h3 class=\"wp-block-heading\">\u00bfQu\u00e9 pasar\u00e1 en el evento?<\/h3>\n\n\n\n<p><strong>8 de noviembre de 2025<\/strong>: Contamos con 28 ponentes de alto nivel, grandes profesionales que compartir\u00e1n su experiencia. Estar\u00e1n organizados en dos tracks de charlas largas de 35 minutos, light talks y un Speed Builder Game. <\/p>\n\n\n\n<p>Adem\u00e1s, mucho networking, comida y cervecitas al final. Tu ticket incluye la comida, coffee breaks y una fiesta de networking al final. No te lo pierdas, con un precio inigualable para un evento de tecnolog\u00eda de este calibre.\u00a0<\/p>\n\n\n\n<p>-Ponencias 8:30H a 19:45H. Comida incluida. <\/p>\n\n\n\n<p>-After Party (evento de Networking). 20:00H &#8211; 22:00H<\/p>\n\n\n\n<p><strong>9 de noviembre de 2025:<\/strong> Contributor Day. 10:00H a 14:30H. Es un evento donde nos reunimos en mesas de trabajo para colaborar con <a href=\"http:\/\/wordpress.org\">WordPress.org<\/a>. Este proyecto de c\u00f3digo abierto funciona con voluntarios quienes trabajamos online de forma asincr\u00f3nica y en diferentes equipos para desarrollar y mantener vivo este software. Durante el Contributor Day nos vemos cara a cara. Este es el momento perfecto para unirte a este proyecto y conocer a otros colaboradores. \u00bfQu\u00e9 hacemos este d\u00eda? Nos juntamos en equipos y colaboramos juntos.&nbsp;<\/p>\n\n\n\n<p><\/p>\n\n\n\n<h3 class=\"wp-block-heading\">\u00bfQu\u00e9 incluye tu ticket?<\/h3>\n\n\n\n<ul class=\"wp-block-list\">\n<li>Las ponencias, o sea conocimiento<\/li>\n\n\n\n<li>Bolsa de bienvenida<\/li>\n\n\n\n<li>Coffee Break<\/li>\n\n\n\n<li>Comida (Paella)<\/li>\n\n\n\n<li>Coffee Break<\/li>\n\n\n\n<li>After Party. Fiesta de Networking<\/li>\n<\/ul>\n<\/div>\n\n\n\n<div class=\"wp-block-group has-global-padding is-layout-constrained wp-container-core-group-is-layout-4a27dc45 wp-block-group-is-layout-constrained\">\n<h2 class=\"wp-block-heading\"><strong>Nuestros Ponentes <\/strong><\/h2>\n\n\n\n<p><strong>Ivelina Dimova<\/strong> | <strong>Natzir Turrado<\/strong> | <strong>Jamie Marsland<\/strong> | Dani Leiter | Max Camu\u00f1as | Marie-Charlotte Pez\u00e9 | Andros | David Ayala | Elena Tur | Sulema Rocha | Fernando Tellado | David Cuesta |  Ricardo Tayar | Lidia Marb\u00e1n | Juanma Garrido | Pablo Moratinos | Daniel Primo | Fernando Puente | Alvaro Gomez Velasco | Yannick Garc\u00eda | Diego Nieto | David Carrasco | Jonathan Velez | Luc\u00eda Rico<\/p>\n\n\n\n<p><strong>Ivelina Dimova<\/strong> \u2013 \u00a0Desarrolladora Web Senior, recientemente fue ganadora del Buildathon (coorganizado con \u202aDeepLearning.AI\u202c), una competencia de ingenier\u00eda y desarrollo r\u00e1pido, que se celebr\u00f3 en las oficinas de Snowflake\u202c, en su AI Hub del Silicon Valley.<\/p>\n\n\n\n<p><strong>Natzir Turrado<\/strong> \u2013 uno de los mayores referentes en SEO en espa\u00f1ol, hablar\u00e1 de Inteligencia Artificial y SEO, espec\u00edficamente de tr\u00e1fico ag\u00e9ntico. <\/p>\n\n\n\n<p><strong>Ricardo Tayar<\/strong> &#8211; CEO de Flat 101. Emprendedor y experto en negocios digitales con una trayectoria de m\u00e1s de 20 a\u00f1os: fund\u00f3 y dirige como CEO la empresa Flat 101, dedicada al dise\u00f1o, desarrollo y optimizaci\u00f3n de productos y servicios digitales mediante metodolog\u00edas de \u201cConversion Rate Optimization\u201d (CRO).<\/p>\n\n\n\n<p><strong>Jamie Marsland<\/strong> \u2013 Educador y creador de contenido sobre WordPress con miles de seguidores, jefe de desarrollo de Youtube de WordPress.org. Vendr\u00e1 con una propuesta especial, un SPEED BUILDER, dos contrincantes deber\u00e1n elaborar una, la cual ver\u00e1n antes de comenzar en 30 minutos. \u00bfTe gustar\u00eda participar? Abriremos un formulario para que te postules. Jamie elegir\u00e1 entre los solicitantes.<\/p>\n\n\n\n<p><strong>Miguel Florido <\/strong>&#8211; CEO de Escuela de Marketing and Web de Valencia y organizador del evento DSM Valencia. Hablar\u00e1 de c\u00f3mo hacer un evento y su apoyo en WordPress para hacerlo.<\/p>\n\n\n\n<p><\/p>\n<\/div>\n\n\n\n<div class=\"wp-block-group has-global-padding is-layout-constrained wp-container-core-group-is-layout-4a27dc45 wp-block-group-is-layout-constrained\">\n<h2 class=\"wp-block-heading\"><strong><a href=\"https:\/\/valencia.wordcamp.org\/2025\/programa\/\" data-type=\"link\" data-id=\"https:\/\/valencia.wordcamp.org\/2025\/programa\/\">Programa Publicado<\/a><\/strong>. Click para verlo.<\/h2>\n<\/div>\n\n\n\n<div class=\"wp-block-group has-global-padding is-layout-constrained wp-container-core-group-is-layout-4a27dc45 wp-block-group-is-layout-constrained\">\n<p>\u00a1No te quedes fuera de la quinta edici\u00f3n de WordCamp Val\u00e8ncia y \u00fanete a la celebraci\u00f3n del futuro de la web!<\/p>\n\n\n\n<p><strong>Nota: Recuerda s\u00f3lo puedes comprar tu entrada en la web del evento.<\/strong><\/p>\n<\/div>\n\n\n\n<div class=\"wp-block-group has-global-padding is-layout-constrained wp-container-core-group-is-layout-47b96c33 wp-block-group-is-layout-constrained\" style=\"margin-top:var(--wp--preset--spacing--60);margin-bottom:var(--wp--preset--spacing--60)\">\n<h2 class=\"wp-block-heading\"><strong>ASSETS IM\u00c1GENES<\/strong><\/h2>\n\n\n\n<h3 class=\"wp-block-heading\"><strong>Cartel<\/strong><\/h3>\n\n\n\n<p><a href=\"https:\/\/drive.google.com\/drive\/folders\/1X3cvi6kIJfzZsKeX6vudVJ8odrslsfJM?usp=drive_link\">https:\/\/drive.google.com\/drive\/folders\/1X3cvi6kIJfzZsKeX6vudVJ8odrslsfJM?usp=drive_link<\/a><\/p>\n\n\n\n<h3 class=\"wp-block-heading\"><strong>Pod\u00e9is usar estas Fotos de WC VLC 2023<\/strong><\/h3>\n\n\n\n<figure class=\"wp-block-embed is-type-photo is-provider-flickr wp-block-embed-flickr\"><div class=\"wp-block-embed__wrapper\">\n<a href=\"https:\/\/www.flickr.com\/photos\/wordpressphotos\/53342082948\/in\/album-72177720312778422\"><img data-recalc-dims=\"1\" loading=\"lazy\" decoding=\"async\" src=\"https:\/\/i0.wp.com\/live.staticflickr.com\/65535\/53342082948_b073a1a001.jpg?resize=500%2C333&#038;ssl=1\" alt=\"Nilo V\u00e9lez\" width=\"500\" height=\"333\" \/><\/a>\n<\/div><\/figure>\n\n\n\n<figure class=\"wp-block-embed is-type-photo is-provider-flickr wp-block-embed-flickr\"><div class=\"wp-block-embed__wrapper\">\n<a href=\"https:\/\/www.flickr.com\/photos\/wordpressphotos\/53342177704\/in\/album-72177720312778422\"><img data-recalc-dims=\"1\" loading=\"lazy\" decoding=\"async\" src=\"https:\/\/i0.wp.com\/live.staticflickr.com\/65535\/53342177704_a0fc5d9b7d.jpg?resize=500%2C332&#038;ssl=1\" alt=\"N\u00e9stor Angulo\" width=\"500\" height=\"332\" \/><\/a>\n<\/div><\/figure>\n\n\n\n<figure class=\"wp-block-embed is-type-photo is-provider-flickr wp-block-embed-flickr\"><div class=\"wp-block-embed__wrapper\">\n<a href=\"https:\/\/www.flickr.com\/photos\/wordpressphotos\/53342079878\/in\/album-72177720312778422\"><img data-recalc-dims=\"1\" loading=\"lazy\" decoding=\"async\" src=\"https:\/\/i0.wp.com\/live.staticflickr.com\/65535\/53342079878_ba04f1b31f.jpg?resize=500%2C333&#038;ssl=1\" alt=\"Nilo V\u00e9lez\" width=\"500\" height=\"333\" \/><\/a>\n<\/div><\/figure>\n\n\n\n<figure class=\"wp-block-embed is-type-photo is-provider-flickr wp-block-embed-flickr\"><div class=\"wp-block-embed__wrapper\">\n<a href=\"https:\/\/www.flickr.com\/photos\/wordpressphotos\/53342081703\/in\/album-72177720312778422\"><img data-recalc-dims=\"1\" loading=\"lazy\" decoding=\"async\" src=\"https:\/\/i0.wp.com\/live.staticflickr.com\/65535\/53342081703_e3a1be48ab.jpg?resize=500%2C333&#038;ssl=1\" alt=\"Nilo V\u00e9lez\" width=\"500\" height=\"333\" \/><\/a>\n<\/div><\/figure>\n\n\n\n<figure class=\"wp-block-embed is-type-photo is-provider-flickr wp-block-embed-flickr\"><div class=\"wp-block-embed__wrapper\">\n<a href=\"https:\/\/www.flickr.com\/photos\/wordpressphotos\/53340973217\/in\/album-72177720312778422\"><img data-recalc-dims=\"1\" loading=\"lazy\" decoding=\"async\" src=\"https:\/\/i0.wp.com\/live.staticflickr.com\/65535\/53340973217_f90e8365e9.jpg?resize=500%2C333&#038;ssl=1\" alt=\"Nilo V\u00e9lez\" width=\"500\" height=\"333\" \/><\/a>\n<\/div><\/figure>\n\n\n\n<figure class=\"wp-block-embed is-type-photo is-provider-flickr wp-block-embed-flickr\"><div class=\"wp-block-embed__wrapper\">\n<a href=\"https:\/\/www.flickr.com\/photos\/wordpressphotos\/53342177534\/in\/album-72177720312778422\"><img data-recalc-dims=\"1\" loading=\"lazy\" decoding=\"async\" src=\"https:\/\/i0.wp.com\/live.staticflickr.com\/65535\/53342177534_5605e6bd35_z.jpg?resize=425%2C640&#038;ssl=1\" alt=\"N\u00e9stor Angulo\" width=\"425\" height=\"640\" \/><\/a>\n<\/div><\/figure>\n\n\n\n<figure class=\"wp-block-embed is-type-photo is-provider-flickr wp-block-embed-flickr\"><div class=\"wp-block-embed__wrapper\">\n<a href=\"https:\/\/www.flickr.com\/photos\/wordpressphotos\/53341857266\/in\/album-72177720312778422\"><img data-recalc-dims=\"1\" loading=\"lazy\" decoding=\"async\" src=\"https:\/\/i0.wp.com\/live.staticflickr.com\/65535\/53341857266_0bd4ea4849.jpg?resize=500%2C333&#038;ssl=1\" alt=\"Nilo V\u00e9lez\" width=\"500\" height=\"333\" \/><\/a>\n<\/div><\/figure>\n\n\n\n<figure class=\"wp-block-embed is-type-photo is-provider-flickr wp-block-embed-flickr\"><div class=\"wp-block-embed__wrapper\">\n<a href=\"https:\/\/www.flickr.com\/photos\/wordpressphotos\/53342082358\/in\/album-72177720312778422\"><img data-recalc-dims=\"1\" loading=\"lazy\" decoding=\"async\" src=\"https:\/\/i0.wp.com\/live.staticflickr.com\/65535\/53342082358_971443fbf9.jpg?resize=500%2C333&#038;ssl=1\" alt=\"Nilo V\u00e9lez\" width=\"500\" height=\"333\" \/><\/a>\n<\/div><\/figure>\n\n\n\n<figure class=\"wp-block-embed is-type-photo is-provider-flickr wp-block-embed-flickr\"><div class=\"wp-block-embed__wrapper\">\n<a href=\"https:\/\/www.flickr.com\/photos\/wordpressphotos\/53342177284\/in\/album-72177720312778422\"><img data-recalc-dims=\"1\" loading=\"lazy\" decoding=\"async\" src=\"https:\/\/i0.wp.com\/live.staticflickr.com\/65535\/53342177284_bb83221bcf.jpg?resize=500%2C332&#038;ssl=1\" alt=\"N\u00e9stor Angulo\" width=\"500\" height=\"332\" \/><\/a>\n<\/div><\/figure>\n\n\n\n<figure class=\"wp-block-embed is-type-photo is-provider-flickr wp-block-embed-flickr\"><div class=\"wp-block-embed__wrapper\">\n<a href=\"https:\/\/www.flickr.com\/photos\/wordpressphotos\/53342184079\/in\/album-72177720312778422\"><img data-recalc-dims=\"1\" loading=\"lazy\" decoding=\"async\" src=\"https:\/\/i0.wp.com\/live.staticflickr.com\/65535\/53342184079_a94e018363.jpg?resize=500%2C333&#038;ssl=1\" alt=\"Nilo V\u00e9lez\" width=\"500\" height=\"333\" \/><\/a>\n<\/div><\/figure>\n\n\n\n<figure class=\"wp-block-embed is-type-photo is-provider-flickr wp-block-embed-flickr\"><div class=\"wp-block-embed__wrapper\">\n<a href=\"https:\/\/www.flickr.com\/photos\/wordpressphotos\/53340973217\/in\/album-72177720312778422\"><img data-recalc-dims=\"1\" loading=\"lazy\" decoding=\"async\" src=\"https:\/\/i0.wp.com\/live.staticflickr.com\/65535\/53340973217_f90e8365e9.jpg?resize=500%2C333&#038;ssl=1\" alt=\"Nilo V\u00e9lez\" width=\"500\" height=\"333\" \/><\/a>\n<\/div><\/figure>\n\n\n\n<p><strong>Foto familia:<\/strong><\/p>\n\n\n\n<figure class=\"wp-block-embed is-type-photo is-provider-flickr wp-block-embed-flickr\"><div class=\"wp-block-embed__wrapper\">\n<a href=\"https:\/\/www.flickr.com\/photos\/wordpressphotos\/53342082948\/in\/album-72177720312778422\"><img data-recalc-dims=\"1\" loading=\"lazy\" decoding=\"async\" src=\"https:\/\/i0.wp.com\/live.staticflickr.com\/65535\/53342082948_b073a1a001.jpg?resize=500%2C333&#038;ssl=1\" alt=\"Nilo V\u00e9lez\" width=\"500\" height=\"333\" \/><\/a>\n<\/div><\/figure>\n<\/div>\n\n\n\n<p><\/p>\n","protected":false},"excerpt":{"rendered":"<p>Press Release WordPress Tech Congress \u2013 WordCamp Val\u00e8ncia 2025\ud83d\udcc5 8 y 9 de noviembre de 2025 | \ud83d\udccd La Petxina, Val\u00e8nciaWEB DEL EVENTO: https:\/\/valencia.wordcamp.org\/2025\/entradas\/ PRESS RELEASE: Usa este texto y las im\u00e1genes para promocionar la WordPress Tech Congress \u2013 WordCamp Val\u00e8ncia 2025 WordPress Tech Congress \u2013 WordCamp Val\u00e8ncia 2025 Innovaci\u00f3n, aprendizaje y networking con WordPress, [&hellip;]<\/p>\n","protected":false},"author":17201027,"featured_media":0,"parent":0,"menu_order":0,"comment_status":"closed","ping_status":"closed","template":"","meta":{"advanced_seo_description":"","jetpack_seo_html_title":"","jetpack_seo_noindex":false,"jetpack_post_was_ever_published":false,"footnotes":""},"class_list":["post-2860","page","type-page","status-publish","hentry"],"jetpack_sharing_enabled":true,"jetpack-related-posts":[],"jetpack_shortlink":"https:\/\/wp.me\/Pgo7ki-K8","jetpack_likes_enabled":true,"_links":{"self":[{"href":"https:\/\/valencia.wordcamp.org\/2025\/wp-json\/wp\/v2\/pages\/2860","targetHints":{"allow":["GET"]}}],"collection":[{"href":"https:\/\/valencia.wordcamp.org\/2025\/wp-json\/wp\/v2\/pages"}],"about":[{"href":"https:\/\/valencia.wordcamp.org\/2025\/wp-json\/wp\/v2\/types\/page"}],"author":[{"embeddable":true,"href":"https:\/\/valencia.wordcamp.org\/2025\/wp-json\/wp\/v2\/users\/17201027"}],"replies":[{"embeddable":true,"href":"https:\/\/valencia.wordcamp.org\/2025\/wp-json\/wp\/v2\/comments?post=2860"}],"version-history":[{"count":18,"href":"https:\/\/valencia.wordcamp.org\/2025\/wp-json\/wp\/v2\/pages\/2860\/revisions"}],"predecessor-version":[{"id":4749,"href":"https:\/\/valencia.wordcamp.org\/2025\/wp-json\/wp\/v2\/pages\/2860\/revisions\/4749"}],"wp:attachment":[{"href":"https:\/\/valencia.wordcamp.org\/2025\/wp-json\/wp\/v2\/media?parent=2860"}],"curies":[{"name":"wp","href":"https:\/\/api.w.org\/{rel}","templated":true}]}}