{"id":4090,"date":"2025-09-19T18:22:20","date_gmt":"2025-09-19T16:22:20","guid":{"rendered":"https:\/\/valencia.wordcamp.org\/2025\/?page_id=4090"},"modified":"2025-11-18T17:08:28","modified_gmt":"2025-11-18T16:08:28","slug":"voluntarios","status":"publish","type":"page","link":"https:\/\/valencia.wordcamp.org\/2025\/voluntarios\/","title":{"rendered":"Voluntarios"},"content":{"rendered":"\n<div class=\"wp-block-group hero-v2 has-global-padding is-layout-constrained wp-container-core-group-is-layout-802a0e5c wp-block-group-is-layout-constrained\" style=\"padding-top:78px;padding-bottom:53px\">\n<div class=\"wp-block-group has-border-color has-accent-3-border-color has-global-padding is-layout-constrained wp-container-core-group-is-layout-61c0eafc wp-block-group-is-layout-constrained\" style=\"border-width:1px;padding-top:32px;padding-right:24px;padding-bottom:32px;padding-left:24px\">\n<div class=\"wp-block-group has-global-padding is-layout-constrained wp-container-core-group-is-layout-1e17d720 wp-block-group-is-layout-constrained\">\n<div class=\"wp-block-group has-global-padding is-content-justification-left is-layout-constrained wp-container-core-group-is-layout-7c375644 wp-block-group-is-layout-constrained\">\n<h1 class=\"wp-block-heading\">Voluntarios<\/h1>\n\n\n\n<p>Conoce al equipo de Voluntarios detr\u00e1s de <strong>WordPress Tech Congress: WordCamp Valencia 2025<\/strong>, el segundo mayor evento de la comunidad de WordPress en Espa\u00f1a para el 2025.&nbsp;&nbsp;<\/p>\n<\/div>\n<\/div>\n\n\n\n<div class=\"wp-block-buttons is-layout-flex wp-block-buttons-is-layout-flex\">\n<div class=\"wp-block-button\"><a class=\"wp-block-button__link wp-element-button\" href=\"https:\/\/valencia.wordcamp.org\/2025\/entradas\/\">Comprar Entradas<\/a><\/div>\n<\/div>\n<\/div>\n<\/div>\n\n\n\n<div class=\"wp-block-columns is-layout-flex wp-container-core-columns-is-layout-28f84493 wp-block-columns-is-layout-flex\">\n<div class=\"wp-block-column is-layout-flow wp-block-column-is-layout-flow\" style=\"flex-basis:100%\">\n<div class=\"wp-block-columns is-layout-flex wp-container-core-columns-is-layout-28f84493 wp-block-columns-is-layout-flex\">\n<div class=\"wp-block-column is-layout-flow wp-block-column-is-layout-flow\">\n<p class=\"has-text-align-center\"><strong>Alejandro Jaramillo<\/strong><\/p>\n\n\n\n<figure class=\"wp-block-image aligncenter size-full is-resized\"><img data-recalc-dims=\"1\" loading=\"lazy\" decoding=\"async\" width=\"256\" height=\"256\" src=\"https:\/\/i0.wp.com\/valencia.wordcamp.org\/2025\/files\/2025\/11\/Marcin-Wosinek.png?resize=256%2C256&#038;ssl=1\" alt=\"\" class=\"wp-image-5214\" style=\"aspect-ratio:0.8964868019731145;object-fit:cover;width:180px\" srcset=\"https:\/\/i0.wp.com\/valencia.wordcamp.org\/2025\/files\/2025\/11\/Marcin-Wosinek.png?w=256&amp;ssl=1 256w, https:\/\/i0.wp.com\/valencia.wordcamp.org\/2025\/files\/2025\/11\/Marcin-Wosinek.png?resize=150%2C150&amp;ssl=1 150w\" sizes=\"auto, (max-width: 256px) 100vw, 256px\" \/><\/figure>\n<\/div>\n\n\n\n<div class=\"wp-block-column is-layout-flow wp-block-column-is-layout-flow\">\n<p class=\"has-text-align-center\"><strong>Anabel L\u00f3pez<\/strong><\/p>\n\n\n\n<figure class=\"wp-block-image aligncenter size-full is-resized\"><img data-recalc-dims=\"1\" loading=\"lazy\" decoding=\"async\" width=\"240\" height=\"240\" src=\"https:\/\/i0.wp.com\/valencia.wordcamp.org\/2025\/files\/2025\/11\/Anabel.webp?resize=240%2C240&#038;ssl=1\" alt=\"\" class=\"wp-image-5227\" style=\"aspect-ratio:0.8964868019731145;object-fit:cover;width:180px\" srcset=\"https:\/\/i0.wp.com\/valencia.wordcamp.org\/2025\/files\/2025\/11\/Anabel.webp?w=240&amp;ssl=1 240w, https:\/\/i0.wp.com\/valencia.wordcamp.org\/2025\/files\/2025\/11\/Anabel.webp?resize=150%2C150&amp;ssl=1 150w\" sizes=\"auto, (max-width: 240px) 100vw, 240px\" \/><\/figure>\n<\/div>\n\n\n\n<div class=\"wp-block-column is-layout-flow wp-block-column-is-layout-flow\">\n<p class=\"has-text-align-center\"><strong>Andriy Terentyev<\/strong><\/p>\n\n\n\n<figure class=\"wp-block-image aligncenter size-full is-resized\"><img data-recalc-dims=\"1\" loading=\"lazy\" decoding=\"async\" width=\"256\" height=\"256\" src=\"https:\/\/i0.wp.com\/valencia.wordcamp.org\/2025\/files\/2025\/11\/Andriy.jpeg?resize=256%2C256&#038;ssl=1\" alt=\"\" class=\"wp-image-5216\" style=\"aspect-ratio:0.8964868019731145;object-fit:cover;width:180px\" srcset=\"https:\/\/i0.wp.com\/valencia.wordcamp.org\/2025\/files\/2025\/11\/Andriy.jpeg?w=256&amp;ssl=1 256w, https:\/\/i0.wp.com\/valencia.wordcamp.org\/2025\/files\/2025\/11\/Andriy.jpeg?resize=150%2C150&amp;ssl=1 150w\" sizes=\"auto, (max-width: 256px) 100vw, 256px\" \/><\/figure>\n<\/div>\n<\/div>\n<\/div>\n<\/div>\n\n\n\n<div style=\"height:25px\" aria-hidden=\"true\" class=\"wp-block-spacer\"><\/div>\n\n\n\n<div class=\"wp-block-columns is-layout-flex wp-container-core-columns-is-layout-28f84493 wp-block-columns-is-layout-flex\">\n<div class=\"wp-block-column is-layout-flow wp-block-column-is-layout-flow\" style=\"flex-basis:100%\">\n<div class=\"wp-block-columns is-layout-flex wp-container-core-columns-is-layout-28f84493 wp-block-columns-is-layout-flex\">\n<div class=\"wp-block-column is-layout-flow wp-block-column-is-layout-flow\">\n<p class=\"has-text-align-center\"><strong>Ariadna Santana<\/strong><\/p>\n\n\n\n<figure class=\"wp-block-image aligncenter size-full is-resized\"><img data-recalc-dims=\"1\" loading=\"lazy\" decoding=\"async\" width=\"552\" height=\"538\" src=\"https:\/\/i0.wp.com\/valencia.wordcamp.org\/2025\/files\/2025\/11\/ariadna.jpg?resize=552%2C538&#038;ssl=1\" alt=\"\" class=\"wp-image-5233\" style=\"aspect-ratio:0.8964868019731145;object-fit:cover;width:180px\" srcset=\"https:\/\/i0.wp.com\/valencia.wordcamp.org\/2025\/files\/2025\/11\/ariadna.jpg?w=552&amp;ssl=1 552w, https:\/\/i0.wp.com\/valencia.wordcamp.org\/2025\/files\/2025\/11\/ariadna.jpg?resize=300%2C292&amp;ssl=1 300w, https:\/\/i0.wp.com\/valencia.wordcamp.org\/2025\/files\/2025\/11\/ariadna.jpg?resize=308%2C300&amp;ssl=1 308w\" sizes=\"auto, (max-width: 552px) 100vw, 552px\" \/><\/figure>\n<\/div>\n\n\n\n<div class=\"wp-block-column is-layout-flow wp-block-column-is-layout-flow\">\n<p class=\"has-text-align-center\"><strong>Carla Pumutxa<\/strong><\/p>\n\n\n\n<figure class=\"wp-block-image aligncenter size-full is-resized\"><img data-recalc-dims=\"1\" loading=\"lazy\" decoding=\"async\" width=\"256\" height=\"256\" src=\"https:\/\/i0.wp.com\/valencia.wordcamp.org\/2025\/files\/2025\/11\/Carla.png?resize=256%2C256&#038;ssl=1\" alt=\"\" class=\"wp-image-5223\" style=\"aspect-ratio:0.8964868019731145;object-fit:cover;width:180px\" srcset=\"https:\/\/i0.wp.com\/valencia.wordcamp.org\/2025\/files\/2025\/11\/Carla.png?w=256&amp;ssl=1 256w, https:\/\/i0.wp.com\/valencia.wordcamp.org\/2025\/files\/2025\/11\/Carla.png?resize=150%2C150&amp;ssl=1 150w\" sizes=\"auto, (max-width: 256px) 100vw, 256px\" \/><\/figure>\n<\/div>\n\n\n\n<div class=\"wp-block-column is-layout-flow wp-block-column-is-layout-flow\">\n<p class=\"has-text-align-center\"><strong>Cristina L\u00f3pez<\/strong><\/p>\n\n\n\n<figure class=\"wp-block-image aligncenter size-full is-resized\"><img data-recalc-dims=\"1\" loading=\"lazy\" decoding=\"async\" width=\"256\" height=\"256\" src=\"https:\/\/i0.wp.com\/valencia.wordcamp.org\/2025\/files\/2025\/11\/Cristina.png?resize=256%2C256&#038;ssl=1\" alt=\"\" class=\"wp-image-5215\" style=\"aspect-ratio:0.8964868019731145;object-fit:cover;width:180px\" srcset=\"https:\/\/i0.wp.com\/valencia.wordcamp.org\/2025\/files\/2025\/11\/Cristina.png?w=256&amp;ssl=1 256w, https:\/\/i0.wp.com\/valencia.wordcamp.org\/2025\/files\/2025\/11\/Cristina.png?resize=150%2C150&amp;ssl=1 150w\" sizes=\"auto, (max-width: 256px) 100vw, 256px\" \/><\/figure>\n<\/div>\n<\/div>\n<\/div>\n<\/div>\n\n\n\n<div style=\"height:25px\" aria-hidden=\"true\" class=\"wp-block-spacer\"><\/div>\n\n\n\n<div class=\"wp-block-columns is-layout-flex wp-container-core-columns-is-layout-28f84493 wp-block-columns-is-layout-flex\">\n<div class=\"wp-block-column is-layout-flow wp-block-column-is-layout-flow\" style=\"flex-basis:100%\">\n<div class=\"wp-block-columns is-layout-flex wp-container-core-columns-is-layout-28f84493 wp-block-columns-is-layout-flex\">\n<div class=\"wp-block-column is-layout-flow wp-block-column-is-layout-flow\">\n<p class=\"has-text-align-center\"><strong>Daria Verdugo<\/strong><\/p>\n\n\n\n<figure class=\"wp-block-image aligncenter size-full is-resized\"><img data-recalc-dims=\"1\" loading=\"lazy\" decoding=\"async\" width=\"272\" height=\"272\" src=\"https:\/\/i0.wp.com\/valencia.wordcamp.org\/2025\/files\/2025\/11\/Daria.webp?resize=272%2C272&#038;ssl=1\" alt=\"\" class=\"wp-image-5226\" style=\"aspect-ratio:0.8964868019731145;object-fit:cover;width:180px\" srcset=\"https:\/\/i0.wp.com\/valencia.wordcamp.org\/2025\/files\/2025\/11\/Daria.webp?w=272&amp;ssl=1 272w, https:\/\/i0.wp.com\/valencia.wordcamp.org\/2025\/files\/2025\/11\/Daria.webp?resize=150%2C150&amp;ssl=1 150w\" sizes=\"auto, (max-width: 272px) 100vw, 272px\" \/><\/figure>\n<\/div>\n\n\n\n<div class=\"wp-block-column is-layout-flow wp-block-column-is-layout-flow\">\n<p class=\"has-text-align-center\"><strong>Fran Trapero<\/strong><\/p>\n\n\n\n<figure class=\"wp-block-image aligncenter size-full is-resized\"><img data-recalc-dims=\"1\" loading=\"lazy\" decoding=\"async\" width=\"256\" height=\"256\" src=\"https:\/\/i0.wp.com\/valencia.wordcamp.org\/2025\/files\/2025\/11\/Fran.jpeg?resize=256%2C256&#038;ssl=1\" alt=\"\" class=\"wp-image-5217\" style=\"aspect-ratio:0.8964868019731145;object-fit:cover;width:180px\" srcset=\"https:\/\/i0.wp.com\/valencia.wordcamp.org\/2025\/files\/2025\/11\/Fran.jpeg?w=256&amp;ssl=1 256w, https:\/\/i0.wp.com\/valencia.wordcamp.org\/2025\/files\/2025\/11\/Fran.jpeg?resize=150%2C150&amp;ssl=1 150w\" sizes=\"auto, (max-width: 256px) 100vw, 256px\" \/><\/figure>\n<\/div>\n\n\n\n<div class=\"wp-block-column is-layout-flow wp-block-column-is-layout-flow\">\n<p class=\"has-text-align-center\"><strong>Hector Tellado<\/strong><\/p>\n\n\n\n<figure class=\"wp-block-image aligncenter size-full is-resized\"><img data-recalc-dims=\"1\" loading=\"lazy\" decoding=\"async\" width=\"261\" height=\"300\" src=\"https:\/\/i0.wp.com\/valencia.wordcamp.org\/2025\/files\/2025\/11\/Hector.webp?resize=261%2C300&#038;ssl=1\" alt=\"\" class=\"wp-image-5224\" style=\"aspect-ratio:0.8964868019731145;object-fit:cover;width:180px\" \/><\/figure>\n<\/div>\n<\/div>\n<\/div>\n<\/div>\n\n\n\n<div style=\"height:25px\" aria-hidden=\"true\" class=\"wp-block-spacer\"><\/div>\n\n\n\n<div class=\"wp-block-columns is-layout-flex wp-container-core-columns-is-layout-28f84493 wp-block-columns-is-layout-flex\">\n<div class=\"wp-block-column is-layout-flow wp-block-column-is-layout-flow\" style=\"flex-basis:100%\">\n<div class=\"wp-block-columns is-layout-flex wp-container-core-columns-is-layout-28f84493 wp-block-columns-is-layout-flex\">\n<div class=\"wp-block-column is-layout-flow wp-block-column-is-layout-flow\">\n<p class=\"has-text-align-center\"><strong>Jos\u00e9 Hilario<\/strong><\/p>\n\n\n\n<figure class=\"wp-block-image aligncenter size-full is-resized\"><img data-recalc-dims=\"1\" loading=\"lazy\" decoding=\"async\" width=\"242\" height=\"208\" src=\"https:\/\/i0.wp.com\/valencia.wordcamp.org\/2025\/files\/2025\/11\/Jose.jpg?resize=242%2C208&#038;ssl=1\" alt=\"\" class=\"wp-image-5232\" style=\"aspect-ratio:0.8964868019731145;object-fit:cover;width:180px\" \/><\/figure>\n<\/div>\n\n\n\n<div class=\"wp-block-column is-layout-flow wp-block-column-is-layout-flow\">\n<p class=\"has-text-align-center\"><strong>Lorsy Turizo<\/strong><\/p>\n\n\n\n<figure class=\"wp-block-image aligncenter size-full is-resized\"><img data-recalc-dims=\"1\" loading=\"lazy\" decoding=\"async\" width=\"240\" height=\"240\" src=\"https:\/\/i0.wp.com\/valencia.wordcamp.org\/2025\/files\/2025\/11\/Lorsy.webp?resize=240%2C240&#038;ssl=1\" alt=\"\" class=\"wp-image-5225\" style=\"aspect-ratio:0.8964868019731145;object-fit:cover;width:180px\" srcset=\"https:\/\/i0.wp.com\/valencia.wordcamp.org\/2025\/files\/2025\/11\/Lorsy.webp?w=240&amp;ssl=1 240w, https:\/\/i0.wp.com\/valencia.wordcamp.org\/2025\/files\/2025\/11\/Lorsy.webp?resize=150%2C150&amp;ssl=1 150w\" sizes=\"auto, (max-width: 240px) 100vw, 240px\" \/><\/figure>\n<\/div>\n\n\n\n<div class=\"wp-block-column is-layout-flow wp-block-column-is-layout-flow\">\n<p class=\"has-text-align-center\"><strong>Lua Salazar<\/strong><\/p>\n\n\n\n<figure class=\"wp-block-image aligncenter size-full is-resized\"><img data-recalc-dims=\"1\" loading=\"lazy\" decoding=\"async\" width=\"128\" height=\"128\" src=\"https:\/\/i0.wp.com\/valencia.wordcamp.org\/2025\/files\/2025\/11\/Lua.png?resize=128%2C128&#038;ssl=1\" alt=\"\" class=\"wp-image-5228\" style=\"aspect-ratio:0.8964868019731145;object-fit:cover;width:180px\" \/><\/figure>\n<\/div>\n<\/div>\n<\/div>\n<\/div>\n\n\n\n<div style=\"height:25px\" aria-hidden=\"true\" class=\"wp-block-spacer\"><\/div>\n\n\n\n<div class=\"wp-block-columns is-layout-flex wp-container-core-columns-is-layout-28f84493 wp-block-columns-is-layout-flex\">\n<div class=\"wp-block-column is-layout-flow wp-block-column-is-layout-flow\" style=\"flex-basis:100%\">\n<div class=\"wp-block-columns is-layout-flex wp-container-core-columns-is-layout-28f84493 wp-block-columns-is-layout-flex\">\n<div class=\"wp-block-column is-layout-flow wp-block-column-is-layout-flow\">\n<p class=\"has-text-align-center\"><strong>Marcin Wosinek<\/strong><\/p>\n\n\n\n<figure class=\"wp-block-image aligncenter size-full is-resized\"><img data-recalc-dims=\"1\" loading=\"lazy\" decoding=\"async\" width=\"256\" height=\"256\" src=\"https:\/\/i0.wp.com\/valencia.wordcamp.org\/2025\/files\/2025\/11\/Marcin-Wosinek-1.png?resize=256%2C256&#038;ssl=1\" alt=\"\" class=\"wp-image-5218\" style=\"aspect-ratio:0.8964868019731145;object-fit:cover;width:180px\" srcset=\"https:\/\/i0.wp.com\/valencia.wordcamp.org\/2025\/files\/2025\/11\/Marcin-Wosinek-1.png?w=256&amp;ssl=1 256w, https:\/\/i0.wp.com\/valencia.wordcamp.org\/2025\/files\/2025\/11\/Marcin-Wosinek-1.png?resize=150%2C150&amp;ssl=1 150w\" sizes=\"auto, (max-width: 256px) 100vw, 256px\" \/><\/figure>\n<\/div>\n\n\n\n<div class=\"wp-block-column is-layout-flow wp-block-column-is-layout-flow\">\n<p class=\"has-text-align-center\"><strong>Mar\u00eda Fabi\u00e1n<\/strong><\/p>\n\n\n\n<figure class=\"wp-block-image aligncenter size-full is-resized\"><img data-recalc-dims=\"1\" loading=\"lazy\" decoding=\"async\" width=\"225\" height=\"225\" src=\"https:\/\/i0.wp.com\/valencia.wordcamp.org\/2025\/files\/2025\/11\/Maria.jpg?resize=225%2C225&#038;ssl=1\" alt=\"\" class=\"wp-image-5231\" style=\"aspect-ratio:0.8964868019731145;object-fit:cover;width:180px\" srcset=\"https:\/\/i0.wp.com\/valencia.wordcamp.org\/2025\/files\/2025\/11\/Maria.jpg?w=225&amp;ssl=1 225w, https:\/\/i0.wp.com\/valencia.wordcamp.org\/2025\/files\/2025\/11\/Maria.jpg?resize=150%2C150&amp;ssl=1 150w\" sizes=\"auto, (max-width: 225px) 100vw, 225px\" \/><\/figure>\n<\/div>\n\n\n\n<div class=\"wp-block-column is-layout-flow wp-block-column-is-layout-flow\">\n<p class=\"has-text-align-center\"><strong>Maribel Haroon<\/strong><\/p>\n\n\n\n<figure class=\"wp-block-image aligncenter size-full is-resized\"><img data-recalc-dims=\"1\" loading=\"lazy\" decoding=\"async\" width=\"517\" height=\"518\" src=\"https:\/\/i0.wp.com\/valencia.wordcamp.org\/2025\/files\/2025\/11\/profile.jpg?resize=517%2C518&#038;ssl=1\" alt=\"\" class=\"wp-image-5222\" style=\"aspect-ratio:0.8964868019731145;object-fit:cover;width:180px\" srcset=\"https:\/\/i0.wp.com\/valencia.wordcamp.org\/2025\/files\/2025\/11\/profile.jpg?w=517&amp;ssl=1 517w, https:\/\/i0.wp.com\/valencia.wordcamp.org\/2025\/files\/2025\/11\/profile.jpg?resize=300%2C300&amp;ssl=1 300w, https:\/\/i0.wp.com\/valencia.wordcamp.org\/2025\/files\/2025\/11\/profile.jpg?resize=150%2C150&amp;ssl=1 150w, https:\/\/i0.wp.com\/valencia.wordcamp.org\/2025\/files\/2025\/11\/profile.jpg?resize=299%2C300&amp;ssl=1 299w\" sizes=\"auto, (max-width: 517px) 100vw, 517px\" \/><\/figure>\n<\/div>\n<\/div>\n<\/div>\n<\/div>\n\n\n\n<div style=\"height:25px\" aria-hidden=\"true\" class=\"wp-block-spacer\"><\/div>\n\n\n\n<div class=\"wp-block-columns is-layout-flex wp-container-core-columns-is-layout-28f84493 wp-block-columns-is-layout-flex\">\n<div class=\"wp-block-column is-layout-flow wp-block-column-is-layout-flow\" style=\"flex-basis:100%\">\n<div class=\"wp-block-columns is-layout-flex wp-container-core-columns-is-layout-28f84493 wp-block-columns-is-layout-flex\">\n<div class=\"wp-block-column is-layout-flow wp-block-column-is-layout-flow\">\n<p class=\"has-text-align-center\"><strong>Marlon Ve\u00e1squez<\/strong><\/p>\n\n\n\n<figure class=\"wp-block-image aligncenter size-full is-resized\"><img data-recalc-dims=\"1\" loading=\"lazy\" decoding=\"async\" width=\"460\" height=\"460\" src=\"https:\/\/i0.wp.com\/valencia.wordcamp.org\/2025\/files\/2025\/11\/Marlonv.jpg?resize=460%2C460&#038;ssl=1\" alt=\"\" class=\"wp-image-5230\" style=\"aspect-ratio:0.8964868019731145;object-fit:cover;width:180px\" srcset=\"https:\/\/i0.wp.com\/valencia.wordcamp.org\/2025\/files\/2025\/11\/Marlonv.jpg?w=460&amp;ssl=1 460w, https:\/\/i0.wp.com\/valencia.wordcamp.org\/2025\/files\/2025\/11\/Marlonv.jpg?resize=300%2C300&amp;ssl=1 300w, https:\/\/i0.wp.com\/valencia.wordcamp.org\/2025\/files\/2025\/11\/Marlonv.jpg?resize=150%2C150&amp;ssl=1 150w\" sizes=\"auto, (max-width: 460px) 100vw, 460px\" \/><\/figure>\n<\/div>\n\n\n\n<div class=\"wp-block-column is-layout-flow wp-block-column-is-layout-flow\">\n<p class=\"has-text-align-center\"><strong>M\u00f3nica Teixeira<\/strong><\/p>\n\n\n\n<figure class=\"wp-block-image aligncenter size-full is-resized\"><img data-recalc-dims=\"1\" loading=\"lazy\" decoding=\"async\" width=\"200\" height=\"200\" src=\"https:\/\/i0.wp.com\/valencia.wordcamp.org\/2025\/files\/2025\/11\/monica.jpg?resize=200%2C200&#038;ssl=1\" alt=\"\" class=\"wp-image-5229\" style=\"aspect-ratio:0.8964868019731145;object-fit:cover;width:180px\" srcset=\"https:\/\/i0.wp.com\/valencia.wordcamp.org\/2025\/files\/2025\/11\/monica.jpg?w=200&amp;ssl=1 200w, https:\/\/i0.wp.com\/valencia.wordcamp.org\/2025\/files\/2025\/11\/monica.jpg?resize=150%2C150&amp;ssl=1 150w\" sizes=\"auto, (max-width: 200px) 100vw, 200px\" \/><\/figure>\n<\/div>\n\n\n\n<div class=\"wp-block-column is-layout-flow wp-block-column-is-layout-flow\">\n<p class=\"has-text-align-center\"><strong>Nilo Velez<\/strong><\/p>\n\n\n\n<figure class=\"wp-block-image aligncenter size-full is-resized\"><img data-recalc-dims=\"1\" loading=\"lazy\" decoding=\"async\" width=\"256\" height=\"256\" src=\"https:\/\/i0.wp.com\/valencia.wordcamp.org\/2025\/files\/2025\/11\/nilo.png?resize=256%2C256&#038;ssl=1\" alt=\"\" class=\"wp-image-5219\" style=\"aspect-ratio:0.8964868019731145;object-fit:cover;width:180px\" srcset=\"https:\/\/i0.wp.com\/valencia.wordcamp.org\/2025\/files\/2025\/11\/nilo.png?w=256&amp;ssl=1 256w, https:\/\/i0.wp.com\/valencia.wordcamp.org\/2025\/files\/2025\/11\/nilo.png?resize=150%2C150&amp;ssl=1 150w\" sizes=\"auto, (max-width: 256px) 100vw, 256px\" \/><\/figure>\n<\/div>\n<\/div>\n<\/div>\n<\/div>\n\n\n\n<div style=\"height:25px\" aria-hidden=\"true\" class=\"wp-block-spacer\"><\/div>\n\n\n\n<div class=\"wp-block-columns is-layout-flex wp-container-core-columns-is-layout-28f84493 wp-block-columns-is-layout-flex\">\n<div class=\"wp-block-column is-layout-flow wp-block-column-is-layout-flow\" style=\"flex-basis:100%\">\n<div class=\"wp-block-columns is-layout-flex wp-container-core-columns-is-layout-28f84493 wp-block-columns-is-layout-flex\">\n<div class=\"wp-block-column is-layout-flow wp-block-column-is-layout-flow\">\n<p class=\"has-text-align-center\"><strong>Rafa Villaplana<\/strong><\/p>\n\n\n\n<figure class=\"wp-block-image aligncenter size-full is-resized\"><img data-recalc-dims=\"1\" loading=\"lazy\" decoding=\"async\" width=\"200\" height=\"200\" src=\"https:\/\/i0.wp.com\/valencia.wordcamp.org\/2025\/files\/2025\/11\/rafa.jpg?resize=200%2C200&#038;ssl=1\" alt=\"\" class=\"wp-image-5234\" style=\"aspect-ratio:0.8964868019731145;object-fit:cover;width:180px\" srcset=\"https:\/\/i0.wp.com\/valencia.wordcamp.org\/2025\/files\/2025\/11\/rafa.jpg?w=200&amp;ssl=1 200w, https:\/\/i0.wp.com\/valencia.wordcamp.org\/2025\/files\/2025\/11\/rafa.jpg?resize=150%2C150&amp;ssl=1 150w\" sizes=\"auto, (max-width: 200px) 100vw, 200px\" \/><\/figure>\n<\/div>\n\n\n\n<div class=\"wp-block-column is-layout-flow wp-block-column-is-layout-flow\">\n<p class=\"has-text-align-center\"><strong>Roberto Vasquez<\/strong><\/p>\n\n\n\n<figure class=\"wp-block-image aligncenter size-full is-resized\"><img data-recalc-dims=\"1\" loading=\"lazy\" decoding=\"async\" width=\"512\" height=\"512\" src=\"https:\/\/i0.wp.com\/valencia.wordcamp.org\/2025\/files\/2025\/11\/roberto-vazquez.png?resize=512%2C512&#038;ssl=1\" alt=\"\" class=\"wp-image-5220\" style=\"aspect-ratio:0.8964868019731145;object-fit:cover;width:180px\" srcset=\"https:\/\/i0.wp.com\/valencia.wordcamp.org\/2025\/files\/2025\/11\/roberto-vazquez.png?w=512&amp;ssl=1 512w, https:\/\/i0.wp.com\/valencia.wordcamp.org\/2025\/files\/2025\/11\/roberto-vazquez.png?resize=300%2C300&amp;ssl=1 300w, https:\/\/i0.wp.com\/valencia.wordcamp.org\/2025\/files\/2025\/11\/roberto-vazquez.png?resize=150%2C150&amp;ssl=1 150w\" sizes=\"auto, (max-width: 512px) 100vw, 512px\" \/><\/figure>\n<\/div>\n\n\n\n<div class=\"wp-block-column is-layout-flow wp-block-column-is-layout-flow\">\n<p class=\"has-text-align-center\"><strong>Ximo Tom\u00e1s<\/strong><\/p>\n\n\n\n<figure class=\"wp-block-image aligncenter size-full is-resized\"><img data-recalc-dims=\"1\" loading=\"lazy\" decoding=\"async\" width=\"631\" height=\"511\" src=\"https:\/\/i0.wp.com\/valencia.wordcamp.org\/2025\/files\/2025\/11\/ximo.jpg?resize=631%2C511&#038;ssl=1\" alt=\"\" class=\"wp-image-5236\" style=\"aspect-ratio:0.8964868019731145;object-fit:cover;width:180px\" srcset=\"https:\/\/i0.wp.com\/valencia.wordcamp.org\/2025\/files\/2025\/11\/ximo.jpg?w=631&amp;ssl=1 631w, https:\/\/i0.wp.com\/valencia.wordcamp.org\/2025\/files\/2025\/11\/ximo.jpg?resize=300%2C243&amp;ssl=1 300w, https:\/\/i0.wp.com\/valencia.wordcamp.org\/2025\/files\/2025\/11\/ximo.jpg?resize=370%2C300&amp;ssl=1 370w\" sizes=\"auto, (max-width: 631px) 100vw, 631px\" \/><\/figure>\n<\/div>\n<\/div>\n<\/div>\n<\/div>\n\n\n\n<div style=\"height:54px\" aria-hidden=\"true\" class=\"wp-block-spacer\"><\/div>\n","protected":false},"excerpt":{"rendered":"<p>Voluntarios Conoce al equipo de Voluntarios detr\u00e1s de WordPress Tech Congress: WordCamp Valencia 2025, el segundo mayor evento de la comunidad de WordPress en Espa\u00f1a para el 2025.&nbsp;&nbsp; Alejandro Jaramillo Anabel L\u00f3pez Andriy Terentyev Ariadna Santana Carla Pumutxa Cristina L\u00f3pez Daria Verdugo Fran Trapero Hector Tellado Jos\u00e9 Hilario Lorsy Turizo Lua Salazar Marcin Wosinek Mar\u00eda [&hellip;]<\/p>\n","protected":false},"author":17201027,"featured_media":0,"parent":0,"menu_order":0,"comment_status":"closed","ping_status":"closed","template":"","meta":{"advanced_seo_description":"","jetpack_seo_html_title":"","jetpack_seo_noindex":false,"jetpack_post_was_ever_published":false,"footnotes":""},"class_list":["post-4090","page","type-page","status-publish","hentry"],"jetpack_sharing_enabled":true,"jetpack-related-posts":[],"jetpack_shortlink":"https:\/\/wp.me\/Pgo7ki-13Y","jetpack_likes_enabled":true,"_links":{"self":[{"href":"https:\/\/valencia.wordcamp.org\/2025\/wp-json\/wp\/v2\/pages\/4090","targetHints":{"allow":["GET"]}}],"collection":[{"href":"https:\/\/valencia.wordcamp.org\/2025\/wp-json\/wp\/v2\/pages"}],"about":[{"href":"https:\/\/valencia.wordcamp.org\/2025\/wp-json\/wp\/v2\/types\/page"}],"author":[{"embeddable":true,"href":"https:\/\/valencia.wordcamp.org\/2025\/wp-json\/wp\/v2\/users\/17201027"}],"replies":[{"embeddable":true,"href":"https:\/\/valencia.wordcamp.org\/2025\/wp-json\/wp\/v2\/comments?post=4090"}],"version-history":[{"count":8,"href":"https:\/\/valencia.wordcamp.org\/2025\/wp-json\/wp\/v2\/pages\/4090\/revisions"}],"predecessor-version":[{"id":5237,"href":"https:\/\/valencia.wordcamp.org\/2025\/wp-json\/wp\/v2\/pages\/4090\/revisions\/5237"}],"wp:attachment":[{"href":"https:\/\/valencia.wordcamp.org\/2025\/wp-json\/wp\/v2\/media?parent=4090"}],"curies":[{"name":"wp","href":"https:\/\/api.w.org\/{rel}","templated":true}]}}